{"id":12126,"date":"2017-06-27T22:38:51","date_gmt":"2017-06-27T22:38:51","guid":{"rendered":"http:\/\/10.100.150.221\/?page_id=12126"},"modified":"2025-07-24T16:35:19","modified_gmt":"2025-07-24T20:35:19","slug":"contacto","status":"publish","type":"page","link":"https:\/\/portal.sma.gob.cl\/index.php\/contacto\/","title":{"rendered":"Contacto"},"content":{"rendered":"<div class=\"fusion-fullwidth fullwidth-box fusion-builder-row-1 nonhundred-percent-fullwidth non-hundred-percent-height-scrolling\" style=\"--awb-border-radius-top-left:0px;--awb-border-radius-top-right:0px;--awb-border-radius-bottom-right:0px;--awb-border-radius-bottom-left:0px;--awb-flex-wrap:wrap;\" ><div class=\"fusion-builder-row fusion-row\"><div class=\"fusion-layout-column fusion_builder_column fusion-builder-column-0 fusion_builder_column_1_1 1_1 fusion-one-full fusion-column-first fusion-column-last\" style=\"--awb-bg-size:cover;\"><div class=\"fusion-column-wrapper fusion-flex-column-wrapper-legacy\"><div class=\"fusion-text fusion-text-1\"><p><span class=\"ui-provider ah bcx avn bcy bcz bda bdb bdc bdd bde bdf bdg bdh bdi bdj bdk bdl bdm bdn bdo bdp bdq bdr bds bdt bdu bdv bdw bdx bdy bdz bea beb bec bed\" dir=\"ltr\">La Oficina de Gesti\u00f3n de Denuncias y Ciudadan\u00eda<\/span> de la SMA tiene el compromiso de entregar una atenci\u00f3n amable, oportuna y de calidad.<\/p>\n<\/div><div class=\"fusion-sep-clear\"><\/div><div class=\"fusion-separator fusion-full-width-sep\" style=\"margin-left: auto;margin-right: auto;margin-top:10px;margin-bottom:10px;width:100%;\"><\/div><div class=\"fusion-sep-clear\"><\/div><div class=\"fusion-clearfix\"><\/div><\/div><\/div><div class=\"fusion-layout-column fusion_builder_column fusion-builder-column-1 fusion_builder_column_1_1 1_1 fusion-one-full fusion-column-first fusion-column-last\" style=\"--awb-bg-size:cover;\"><div class=\"fusion-column-wrapper fusion-flex-column-wrapper-legacy\"><div class=\"fusion-text fusion-text-2\"><p><img decoding=\"async\" class=\"wp-image-13483 alignleft\" src=\"https:\/\/portal.sma.gob.cl\/wp-content\/uploads\/2018\/10\/ico-31.png\" alt=\"\" width=\"106\" height=\"105\" srcset=\"https:\/\/portal.sma.gob.cl\/wp-content\/uploads\/2018\/10\/ico-31-66x66.png 66w, https:\/\/portal.sma.gob.cl\/wp-content\/uploads\/2018\/10\/ico-31-150x150.png 150w, https:\/\/portal.sma.gob.cl\/wp-content\/uploads\/2018\/10\/ico-31.png 472w\" sizes=\"(max-width: 106px) 100vw, 106px\" \/><br \/>\n<span style=\"font-size: 16px;\"><strong>Atenci\u00f3n ciudadana<\/strong><\/span><br \/>\nTel\u00e9fono: 2 617 1860, de lunes a viernes entre las 9.00 y las 13.00 horas.<br \/>\nAtenci\u00f3n presencial en las oficinas de la SMA de lunes a viernes de 9.00 a 13.00 hrs.<br \/>\n<a href=\"https:\/\/portal.sma.gob.cl\/index.php\/oficinas-regionales\/\" target=\"_blank\" rel=\"noopener noreferrer\">Ver oficinas regionales.<\/a><\/p>\n<\/div><div class=\"fusion-clearfix\"><\/div><\/div><\/div><div class=\"fusion-layout-column fusion_builder_column fusion-builder-column-2 fusion_builder_column_1_1 1_1 fusion-one-full fusion-column-first fusion-column-last fusion-column-inner-bg-wrapper\" style=\"--awb-inner-bg-size:cover;\" data-scroll-devices=\"small-visibility,medium-visibility,large-visibility\"><span class=\"fusion-column-inner-bg hover-type-none\"><a class=\"fusion-column-anchor\" href=\"https:\/\/oac.sma.gob.cl\/\" rel=\"noopener noreferrer\" target=\"_blank\"><span class=\"fusion-column-inner-bg-image\"><\/span><\/a><\/span><div class=\"fusion-column-wrapper fusion-column-has-shadow fusion-flex-column-wrapper-legacy\"><div class=\"fusion-text fusion-text-3\"><p><img decoding=\"async\" class=\"wp-image-13483 alignleft\" src=\"https:\/\/portal.sma.gob.cl\/wp-content\/uploads\/2018\/10\/ico-29.png\" alt=\"\" width=\"106\" height=\"105\" \/><br \/>\n<span style=\"text-align: left; font-size: 16px;\"><strong>Formulario de atenci\u00f3n a ciudadan\u00eda y regulados<\/strong><\/span><br \/>\nEste formulario permite realizar consultas, reclamos,<br \/>\nsugerencias y entregar felicitaciones a la SMA.<\/p>\n<\/div><div class=\"fusion-clearfix\"><\/div><\/div><\/div><div class=\"fusion-layout-column fusion_builder_column fusion-builder-column-3 fusion_builder_column_1_1 1_1 fusion-one-full fusion-column-first fusion-column-last fusion-column-inner-bg-wrapper\" style=\"--awb-inner-bg-size:cover;\"><span class=\"fusion-column-inner-bg hover-type-none\"><a class=\"fusion-column-anchor\" href=\"https:\/\/www.portaltransparencia.cl\/PortalPdT\/ingreso-sai-v2?idOrg=1070\" rel=\"noopener noreferrer\" target=\"_blank\"><span class=\"fusion-column-inner-bg-image\"><\/span><\/a><\/span><div class=\"fusion-column-wrapper fusion-column-has-shadow fusion-flex-column-wrapper-legacy\"><div class=\"fusion-text fusion-text-4\"><p><img decoding=\"async\" class=\"wp-image-13483 alignleft\" src=\"https:\/\/portal.sma.gob.cl\/wp-content\/uploads\/2018\/10\/ico-30.png\" alt=\"\" width=\"106\" height=\"105\" \/><br \/>\n<span style=\"text-align: left; font-size: 16px;\"><strong>Solicitudes de informaci\u00f3n<\/strong><\/span><br \/>\nA trav\u00e9s del Portal de Transparencia es posible realizar solicitudes de informaci\u00f3n a la SMA,<br \/>\nde acuerdo a lo establecido en la Ley 20.285<\/p>\n<\/div><div class=\"fusion-clearfix\"><\/div><\/div><\/div><div class=\"fusion-layout-column fusion_builder_column fusion-builder-column-4 fusion_builder_column_1_1 1_1 fusion-one-full fusion-column-first fusion-column-last fusion-column-inner-bg-wrapper\" style=\"--awb-inner-bg-size:cover;\" data-scroll-devices=\"small-visibility,medium-visibility,large-visibility\"><span class=\"fusion-column-inner-bg hover-type-none\"><a class=\"fusion-column-anchor\" href=\"https:\/\/www.leylobby.gob.cl\/instituciones\/AW003\" rel=\"noopener noreferrer\" target=\"_blank\"><span class=\"fusion-column-inner-bg-image\"><\/span><\/a><\/span><div class=\"fusion-column-wrapper fusion-column-has-shadow fusion-flex-column-wrapper-legacy\"><div class=\"fusion-text fusion-text-5\"><p><img decoding=\"async\" class=\"wp-image-13483 alignleft\" src=\"https:\/\/portal.sma.gob.cl\/wp-content\/uploads\/2018\/10\/lobby.png\" alt=\"\" width=\"106\" height=\"105\" \/><br \/>\n<span style=\"text-align: left; font-size: 16px;\"><strong>Ley del Lobby<\/strong><\/span><br \/>\nEsta plataforma permite presentar solicitudes de audiencias e inscribirse como<br \/>\nsujeto activo de acuerdo a lo establecido en la Ley N\u00ba 20.730 y su reglamento.<\/p>\n<\/div><div class=\"fusion-clearfix\"><\/div><\/div><\/div><div class=\"fusion-layout-column fusion_builder_column fusion-builder-column-5 fusion_builder_column_1_1 1_1 fusion-one-full fusion-column-first fusion-column-last\" style=\"--awb-bg-size:cover;\"><div class=\"fusion-column-wrapper fusion-column-has-shadow fusion-flex-column-wrapper-legacy\"><div class=\"fusion-text fusion-text-6\"><p><span style=\"text-align: left; font-size: 16px;\"><strong><img decoding=\"async\" class=\" wp-image-22156 alignleft\" src=\"https:\/\/portal.sma.gob.cl\/wp-content\/uploads\/2020\/12\/OfPartes.png\" alt=\"\" width=\"97\" height=\"132\" \/>Oficina de Partes<\/strong><\/span><\/p>\n<p>Para el ingreso de documentos enviar un correo a\u00a0<strong><a href=\"mailto:oficinadepartes@sma.gob.cl\">oficinadepartes@sma.gob.cl<\/a><\/strong>\u00a0(durante las 24 horas del d\u00eda). El correo deber\u00e1 indicar a qu\u00e9 procedimiento de fiscalizaci\u00f3n, sanci\u00f3n u otro se asocia la presentaci\u00f3n. El archivo adjunto debe encontrarse en formato PDF y no tener un peso mayor a 25 Mb.<\/p>\n<\/div><div class=\"fusion-clearfix\"><\/div><\/div><\/div><div class=\"fusion-layout-column fusion_builder_column fusion-builder-column-6 fusion_builder_column_1_1 1_1 fusion-one-full fusion-column-first fusion-column-last fusion-column-inner-bg-wrapper\" style=\"--awb-inner-bg-size:cover;\"><span class=\"fusion-column-inner-bg hover-type-none\"><a class=\"fusion-column-anchor\" href=\"https:\/\/denuncia.sma.gob.cl\/\" rel=\"noopener noreferrer\" target=\"_blank\"><span class=\"fusion-column-inner-bg-image\"><\/span><\/a><\/span><div class=\"fusion-column-wrapper fusion-column-has-shadow fusion-flex-column-wrapper-legacy\"><div class=\"fusion-text fusion-text-7\"><p><img decoding=\"async\" class=\"wp-image-13948 alignleft\" src=\"https:\/\/portal.sma.gob.cl\/wp-content\/uploads\/2018\/10\/denuncias.png\" alt=\"\" width=\"110\" height=\"106\" \/><br \/>\n<span style=\"font-size: 16px;\"><strong>Denuncias<\/strong><\/span><br \/>\nPara ingresar una denuncia acceda al <strong>Portal Ciudadano de Denuncias<\/strong>, a trav\u00e9s de su Clave \u00danica. Por esta misma v\u00eda podr\u00e1 consultar sobre el estado de su denuncia, una vez que ha sido ingresada.<\/p>\n<\/div><div class=\"fusion-clearfix\"><\/div><\/div><\/div><\/div><\/div>\n","protected":false},"excerpt":{"rendered":"","protected":false},"author":2,"featured_media":0,"parent":0,"menu_order":0,"comment_status":"closed","ping_status":"closed","template":"","meta":{"footnotes":""},"class_list":["post-12126","page","type-page","status-publish","hentry"],"_links":{"self":[{"href":"https:\/\/portal.sma.gob.cl\/index.php\/wp-json\/wp\/v2\/pages\/12126","targetHints":{"allow":["GET"]}}],"collection":[{"href":"https:\/\/portal.sma.gob.cl\/index.php\/wp-json\/wp\/v2\/pages"}],"about":[{"href":"https:\/\/portal.sma.gob.cl\/index.php\/wp-json\/wp\/v2\/types\/page"}],"author":[{"embeddable":true,"href":"https:\/\/portal.sma.gob.cl\/index.php\/wp-json\/wp\/v2\/users\/2"}],"replies":[{"embeddable":true,"href":"https:\/\/portal.sma.gob.cl\/index.php\/wp-json\/wp\/v2\/comments?post=12126"}],"version-history":[{"count":156,"href":"https:\/\/portal.sma.gob.cl\/index.php\/wp-json\/wp\/v2\/pages\/12126\/revisions"}],"predecessor-version":[{"id":36331,"href":"https:\/\/portal.sma.gob.cl\/index.php\/wp-json\/wp\/v2\/pages\/12126\/revisions\/36331"}],"wp:attachment":[{"href":"https:\/\/portal.sma.gob.cl\/index.php\/wp-json\/wp\/v2\/media?parent=12126"}],"curies":[{"name":"wp","href":"https:\/\/api.w.org\/{rel}","templated":true}]}}