{"id":12421,"date":"2017-08-02T21:13:54","date_gmt":"2017-08-02T21:13:54","guid":{"rendered":"http:\/\/10.100.150.221\/?page_id=12421"},"modified":"2019-05-02T16:29:27","modified_gmt":"2019-05-02T16:29:27","slug":"entidades-tecnicas","status":"publish","type":"page","link":"https:\/\/portal.sma.gob.cl\/index.php\/portal-regulados\/entidades-tecnicas\/","title":{"rendered":"Entidades T\u00e9cnicas"},"content":{"rendered":"<p><div class=\"fusion-fullwidth fullwidth-box fusion-builder-row-1 nonhundred-percent-fullwidth non-hundred-percent-height-scrolling\" style=\"--awb-border-radius-top-left:0px;--awb-border-radius-top-right:0px;--awb-border-radius-bottom-right:0px;--awb-border-radius-bottom-left:0px;--awb-flex-wrap:wrap;\" ><div class=\"fusion-builder-row fusion-row\"><div class=\"fusion-layout-column fusion_builder_column fusion-builder-column-0 fusion_builder_column_1_1 1_1 fusion-one-full fusion-column-first fusion-column-last\" style=\"--awb-bg-size:cover;\"><div class=\"fusion-column-wrapper fusion-flex-column-wrapper-legacy\"><div class=\"fusion-text fusion-text-1\"><p>En esta secci\u00f3n encontrar\u00e1 informaci\u00f3n asociada a Entidades T\u00e9cnicas de Fiscalizaci\u00f3n Ambiental (ETFA), Entidades T\u00e9cnicas de Certificaci\u00f3n Ambiental (ETCA) y ensayos de aptitud.<\/p>\n<\/div><div class=\"fusion-clearfix\"><\/div><\/div><\/div><\/div><\/div><div class=\"fusion-fullwidth fullwidth-box fusion-builder-row-2 hundred-percent-fullwidth non-hundred-percent-height-scrolling fusion-equal-height-columns\" style=\"--awb-background-position:right center;--awb-border-radius-top-left:0px;--awb-border-radius-top-right:0px;--awb-border-radius-bottom-right:0px;--awb-border-radius-bottom-left:0px;--awb-padding-top:0px;--awb-padding-right:0px;--awb-padding-bottom:0px;--awb-padding-left:0px;--awb-border-sizes-top:0px;--awb-border-sizes-bottom:0px;--awb-flex-wrap:wrap;\" ><div class=\"fusion-builder-row fusion-row\"><div class=\"fusion-layout-column fusion_builder_column fusion-builder-column-1 fusion_builder_column_1_1 1_1 fusion-one-full fusion-column-first fusion-column-last fusion-column-inner-bg-wrapper\" style=\"--awb-padding-top:10px;--awb-padding-right:10px;--awb-padding-bottom:10px;--awb-padding-left:10px;--awb-inner-bg-size:cover;\"><span class=\"fusion-column-inner-bg hover-type-none\"><a class=\"fusion-column-anchor\" href=\"http:\/\/entidadestecnicas.sma.gob.cl\/\" rel=\"noopener noreferrer\" target=\"_blank\"><span class=\"fusion-column-inner-bg-image\"><\/span><\/a><\/span><div class=\"fusion-column-wrapper fusion-flex-column-wrapper-legacy\"><div class=\"fusion-text fusion-text-2\"><p><img decoding=\"async\" class=\" wp-image-15017 alignleft\" src=\"https:\/\/portal.sma.gob.cl\/wp-content\/uploads\/2018\/12\/etfa.png\" alt=\"\" width=\"90\" height=\"88\" srcset=\"https:\/\/portal.sma.gob.cl\/wp-content\/uploads\/2018\/12\/etfa-66x66.png 66w, https:\/\/portal.sma.gob.cl\/wp-content\/uploads\/2018\/12\/etfa.png 300w\" sizes=\"(max-width: 90px) 100vw, 90px\" \/><strong>Entidades T\u00e9cnicas de Fiscalizaci\u00f3n Ambiental<\/strong><br \/>\n<strong>(ETFA)<\/strong><\/p>\n<\/div><div class=\"fusion-clearfix\"><\/div><\/div><\/div><div class=\"fusion-layout-column fusion_builder_column fusion-builder-column-2 fusion_builder_column_1_1 1_1 fusion-one-full fusion-column-first fusion-column-last fusion-column-inner-bg-wrapper\" style=\"--awb-padding-top:10px;--awb-padding-right:10px;--awb-padding-bottom:10px;--awb-padding-left:10px;--awb-inner-bg-size:cover;\"><span class=\"fusion-column-inner-bg hover-type-none\"><a class=\"fusion-column-anchor\" href=\"https:\/\/portal.sma.gob.cl\/index.php\/portal-regulados\/entidades-tecnicas\/entidades-tecnicas-de-certificacion-ambiental\/\"><span class=\"fusion-column-inner-bg-image\"><\/span><\/a><\/span><div class=\"fusion-column-wrapper fusion-column-has-shadow fusion-flex-column-wrapper-legacy\"><div class=\"fusion-text fusion-text-3\"><p><img decoding=\"async\" class=\"wp-image-15029 alignleft\" src=\"https:\/\/portal.sma.gob.cl\/wp-content\/uploads\/2018\/12\/etca.png\" alt=\"\" width=\"90\" height=\"88\" srcset=\"https:\/\/portal.sma.gob.cl\/wp-content\/uploads\/2018\/12\/etca-66x66.png 66w, https:\/\/portal.sma.gob.cl\/wp-content\/uploads\/2018\/12\/etca.png 300w\" sizes=\"(max-width: 90px) 100vw, 90px\" \/><strong>Entidades T\u00e9cnicas de Certificaci\u00f3n Ambiental<\/strong><br \/>\n<strong>(ETCA)<\/strong><\/p>\n<\/div><div class=\"fusion-clearfix\"><\/div><\/div><\/div><div class=\"fusion-layout-column fusion_builder_column fusion-builder-column-3 fusion_builder_column_1_1 1_1 fusion-one-full fusion-column-first fusion-column-last fusion-column-inner-bg-wrapper\" style=\"--awb-padding-top:10px;--awb-padding-right:10px;--awb-padding-bottom:10px;--awb-padding-left:10px;--awb-inner-bg-size:cover;\"><span class=\"fusion-column-inner-bg hover-type-none\"><a class=\"fusion-column-anchor\" href=\"https:\/\/portal.sma.gob.cl\/index.php\/portal-regulados\/entidades-tecnicas\/ensayos-de-aptitud\/\"><span class=\"fusion-column-inner-bg-image\"><\/span><\/a><\/span><div class=\"fusion-column-wrapper fusion-flex-column-wrapper-legacy\"><div class=\"fusion-text fusion-text-4\"><p><img decoding=\"async\" class=\"wp-image-15035 size-full alignleft\" src=\"https:\/\/portal.sma.gob.cl\/wp-content\/uploads\/2018\/12\/ensayos.png\" alt=\"\" width=\"90\" height=\"88\" srcset=\"https:\/\/portal.sma.gob.cl\/wp-content\/uploads\/2018\/12\/ensayos-66x66.png 66w, https:\/\/portal.sma.gob.cl\/wp-content\/uploads\/2018\/12\/ensayos.png 300w\" sizes=\"(max-width: 90px) 100vw, 90px\" \/><b><\/b><\/p>\n<p><b>Ensayos de aptitud<\/b><\/p>\n<\/div><div class=\"fusion-clearfix\"><\/div><\/div><\/div><div class=\"fusion-layout-column fusion_builder_column fusion-builder-column-4 fusion_builder_column_1_1 1_1 fusion-one-full fusion-column-first fusion-column-last fusion-column-inner-bg-wrapper\" style=\"--awb-padding-top:10px;--awb-padding-right:10px;--awb-padding-bottom:10px;--awb-padding-left:10px;--awb-inner-bg-size:cover;\"><span class=\"fusion-column-inner-bg hover-type-none\"><a class=\"fusion-column-anchor\" href=\"https:\/\/portal.sma.gob.cl\/index.php\/portal-regulados\/entidades-tecnicas\/acreditacion-internacional-y-convenios\/\"><span class=\"fusion-column-inner-bg-image\"><\/span><\/a><\/span><div class=\"fusion-column-wrapper fusion-flex-column-wrapper-legacy\"><div class=\"fusion-text fusion-text-5\"><p><img decoding=\"async\" class=\"wp-image-15037 size-full alignleft\" src=\"https:\/\/portal.sma.gob.cl\/wp-content\/uploads\/2018\/12\/acreditacion.png\" alt=\"\" width=\"90\" height=\"88\" srcset=\"https:\/\/portal.sma.gob.cl\/wp-content\/uploads\/2018\/12\/acreditacion-66x66.png 66w, https:\/\/portal.sma.gob.cl\/wp-content\/uploads\/2018\/12\/acreditacion.png 300w\" sizes=\"(max-width: 90px) 100vw, 90px\" \/><b><\/b><\/p>\n<p><b>Acreditaci\u00f3n internacional y convenios<\/b><\/p>\n<\/div><div class=\"fusion-clearfix\"><\/div><\/div><\/div><\/div><\/div><\/p>\n","protected":false},"excerpt":{"rendered":"","protected":false},"author":4,"featured_media":0,"parent":14586,"menu_order":0,"comment_status":"closed","ping_status":"closed","template":"","meta":{"footnotes":""},"class_list":["post-12421","page","type-page","status-publish","hentry"],"_links":{"self":[{"href":"https:\/\/portal.sma.gob.cl\/index.php\/wp-json\/wp\/v2\/pages\/12421","targetHints":{"allow":["GET"]}}],"collection":[{"href":"https:\/\/portal.sma.gob.cl\/index.php\/wp-json\/wp\/v2\/pages"}],"about":[{"href":"https:\/\/portal.sma.gob.cl\/index.php\/wp-json\/wp\/v2\/types\/page"}],"author":[{"embeddable":true,"href":"https:\/\/portal.sma.gob.cl\/index.php\/wp-json\/wp\/v2\/users\/4"}],"replies":[{"embeddable":true,"href":"https:\/\/portal.sma.gob.cl\/index.php\/wp-json\/wp\/v2\/comments?post=12421"}],"version-history":[{"count":34,"href":"https:\/\/portal.sma.gob.cl\/index.php\/wp-json\/wp\/v2\/pages\/12421\/revisions"}],"predecessor-version":[{"id":18353,"href":"https:\/\/portal.sma.gob.cl\/index.php\/wp-json\/wp\/v2\/pages\/12421\/revisions\/18353"}],"up":[{"embeddable":true,"href":"https:\/\/portal.sma.gob.cl\/index.php\/wp-json\/wp\/v2\/pages\/14586"}],"wp:attachment":[{"href":"https:\/\/portal.sma.gob.cl\/index.php\/wp-json\/wp\/v2\/media?parent=12421"}],"curies":[{"name":"wp","href":"https:\/\/api.w.org\/{rel}","templated":true}]}}