{"id":13103,"date":"2018-10-05T15:58:10","date_gmt":"2018-10-05T15:58:10","guid":{"rendered":"http:\/\/portal.sma.gob.cl\/?page_id=13103"},"modified":"2026-03-20T11:41:17","modified_gmt":"2026-03-20T14:41:17","slug":"superintendenta","status":"publish","type":"page","link":"https:\/\/portal.sma.gob.cl\/index.php\/superintendenta\/","title":{"rendered":"Superintendenta"},"content":{"rendered":"<p style=\"text-align: justify;\">La Superintendenta del Medio Ambiente es nombrada por el Presidente de la Rep\u00fablica y tiene entre sus funciones planificar, organizar, dirigir, coordinar y controlar el funcionamiento de la instituci\u00f3n. Asimismo, la jefa del servicio debe dictar instrucciones y aplicar las sanciones que correspondan ante un incumplimiento, entre otras funciones.<\/p>\n<p style=\"text-align: justify;\">La m\u00e1xima autoridad de la instituci\u00f3n tiene la responsabilidad a nivel nacional de organizar y coordinar la fiscalizaci\u00f3n del cumplimiento de los instrumentos de car\u00e1cter ambiental, que establece la Ley Org\u00e1nica de la SMA.<\/p>\n<ul>\n<li><strong>Superintendenta (s): Claudia Pastore<\/strong><\/li>\n<\/ul>\n<hr \/>\n<h1><strong>Agenda<\/strong><\/h1>\n<p>A partir del a\u00f1o 2015 comenz\u00f3 a regir la Ley de Lobby (Ley N\u00b0 20.730). En la plataforma habilitada para cumplir con \u00e9sta, se puede encontrar la agenda de reuniones de Lobby de la Superintendenta.<\/p>\n<p>Para acceder, hacer click en el link: <em><a href=\"https:\/\/www.leylobby.gob.cl\/instituciones\/AW003\/audiencias\">Plataforma Ley del Lobby.\u00a0<\/a><\/em><\/p>\n","protected":false},"excerpt":{"rendered":"<p>La Superintendenta del Medio Ambiente es nombrada por el Presidente de la Rep\u00fablica y tiene entre sus funciones planificar, organizar, dirigir, coordinar y controlar el funcionamiento de la instituci\u00f3n. Asimismo, la jefa del servicio debe dictar instrucciones y aplicar las sanciones que correspondan ante un incumplimiento, entre otras funciones. La m\u00e1xima autoridad de la instituci\u00f3n tiene <a href=\"https:\/\/portal.sma.gob.cl\/index.php\/superintendenta\/\">Leer m\u00e1s<\/a><\/p>\n","protected":false},"author":3,"featured_media":0,"parent":0,"menu_order":0,"comment_status":"closed","ping_status":"closed","template":"","meta":{"footnotes":""},"class_list":["post-13103","page","type-page","status-publish","hentry"],"_links":{"self":[{"href":"https:\/\/portal.sma.gob.cl\/index.php\/wp-json\/wp\/v2\/pages\/13103","targetHints":{"allow":["GET"]}}],"collection":[{"href":"https:\/\/portal.sma.gob.cl\/index.php\/wp-json\/wp\/v2\/pages"}],"about":[{"href":"https:\/\/portal.sma.gob.cl\/index.php\/wp-json\/wp\/v2\/types\/page"}],"author":[{"embeddable":true,"href":"https:\/\/portal.sma.gob.cl\/index.php\/wp-json\/wp\/v2\/users\/3"}],"replies":[{"embeddable":true,"href":"https:\/\/portal.sma.gob.cl\/index.php\/wp-json\/wp\/v2\/comments?post=13103"}],"version-history":[{"count":43,"href":"https:\/\/portal.sma.gob.cl\/index.php\/wp-json\/wp\/v2\/pages\/13103\/revisions"}],"predecessor-version":[{"id":38041,"href":"https:\/\/portal.sma.gob.cl\/index.php\/wp-json\/wp\/v2\/pages\/13103\/revisions\/38041"}],"wp:attachment":[{"href":"https:\/\/portal.sma.gob.cl\/index.php\/wp-json\/wp\/v2\/media?parent=13103"}],"curies":[{"name":"wp","href":"https:\/\/api.w.org\/{rel}","templated":true}]}}