{"id":14095,"date":"2018-11-05T20:44:04","date_gmt":"2018-11-05T20:44:04","guid":{"rendered":"http:\/\/portal.sma.gob.cl\/?page_id=14095"},"modified":"2025-07-31T16:33:41","modified_gmt":"2025-07-31T20:33:41","slug":"cuentas-publicas","status":"publish","type":"page","link":"https:\/\/portal.sma.gob.cl\/index.php\/portal-ciudadano\/participacion-ciudadana\/cuentas-publicas\/","title":{"rendered":"Cuentas P\u00fablicas"},"content":{"rendered":"<div class=\"fusion-fullwidth fullwidth-box fusion-builder-row-1 nonhundred-percent-fullwidth non-hundred-percent-height-scrolling\" style=\"--awb-border-radius-top-left:0px;--awb-border-radius-top-right:0px;--awb-border-radius-bottom-right:0px;--awb-border-radius-bottom-left:0px;--awb-flex-wrap:wrap;\" ><div class=\"fusion-builder-row fusion-row\"><div class=\"fusion-layout-column fusion_builder_column fusion-builder-column-0 fusion_builder_column_1_1 1_1 fusion-one-full fusion-column-first fusion-column-last\" style=\"--awb-bg-size:cover;\"><div class=\"fusion-column-wrapper fusion-flex-column-wrapper-legacy\"><div class=\"fusion-text fusion-text-1\"><p>En la siguiente secci\u00f3n podr\u00e1 descargar todas las Cuentas P\u00fablicas realizadas a la fecha por esta Superintendencia, actividad que tiene por objeto, dar a conocer las acciones anuales y tambi\u00e9n los pr\u00f3ximos desaf\u00edos de la instituci\u00f3n. Cabe destacar que en el marco de la Ley 20.500 sobre Asociaciones y Participaci\u00f3n Ciudadana, la SMA realiza todos los a\u00f1os este evento.<\/p>\n<\/div>\n<div class=\"table-1\">\n<table width=\"100%\">\n<thead>\n<tr>\n<th align=\"left\">A\u00f1o<\/th>\n<th align=\"left\">Fecha realizaci\u00f3n<\/th>\n<th align=\"left\">Presentaci\u00f3n<\/th>\n<\/tr>\n<\/thead>\n<tbody>\n<tr>\n<td align=\"left\">2024<\/td>\n<td align=\"left\">26 de junio, 2025<\/td>\n<td align=\"left\"><a href=\"https:\/\/portal.sma.gob.cl\/index.php\/download\/informe-cpp-2025\/?wpdmdl=36507&amp;masterkey=TKWZ68dm9h8FjXvu4pR2XdhRS1NOsZqfkC1WqfgBFYvGUBKd5mUmEkjGOdIvrbJUsdS6vOb-mLh-ly2Sg_G3EiZp2Ps_2cDT9UHYOhIZqNg\">Descargar<\/a><\/td>\n<\/tr>\n<tr>\n<td align=\"left\">2023<\/td>\n<td align=\"left\">10 de mayo, 2024<\/td>\n<td align=\"left\"><a href=\"https:\/\/portal.sma.gob.cl\/index.php\/download\/cuenta-publica-2024\/?wpdmdl=31667&amp;masterkey=OsybWzv9Op9NUTaLV3nF07fB1GtLgtfNUaaXPHrbWuYDgcdewAToNvmS7PCt0fx1GVzIF30P6OS912f1WCsS4MPmPmqWPCu-P15yike3me4\">Descargar<\/a><\/td>\n<\/tr>\n<tr>\n<td align=\"left\">2022<\/td>\n<td align=\"left\">25 de mayo, 2023<\/td>\n<td align=\"left\"><a href=\"https:\/\/portal.sma.gob.cl\/index.php\/download\/cuenta-publica-2023\/?wpdmdl=27033&amp;masterkey=GhRxsRrzE_CrOUFB71Q1bsOqlh-kA_8zzoWwt4w_66Myv6cBQ8_XAHuQuhlZ1bDTCc8BHkH7Hu9n8cDcvIMQw_hs2t6W3p-VwEANPtw0W9s\">Descargar<\/a><\/td>\n<\/tr>\n<tr>\n<td align=\"left\">2021<\/td>\n<td align=\"left\">27 de mayo, 2022<\/td>\n<td align=\"left\"><a href=\"https:\/\/portal.sma.gob.cl\/wp-content\/uploads\/2022\/05\/Cuenta-pu%CC%81blica-2021-22.pdf\" target=\"_blank\" rel=\"noopener\">Descargar<\/a><\/td>\n<\/tr>\n<tr>\n<td align=\"left\">2020<\/td>\n<td align=\"left\">28 de mayo, 2021<\/td>\n<td align=\"left\"><a href=\"https:\/\/portal.sma.gob.cl\/index.php\/download\/cuenta-publica-2020\/?wpdmdl=22605&amp;masterkey=60a6ab3f2eb62\">Descargar<\/a><\/td>\n<\/tr>\n<tr>\n<td align=\"left\">2019<\/td>\n<td align=\"left\">28 de mayo, 2020<\/td>\n<td align=\"left\"><a href=\"https:\/\/portal.sma.gob.cl\/index.php\/download\/cuenta-publica-participativa-sma-2019-2\/?wpdmdl=20821&amp;masterkey=5ed04c1296dc8\">Descargar<\/a><\/td>\n<\/tr>\n<tr>\n<td align=\"left\">2018<\/td>\n<td align=\"left\">23 de mayo, 2019<\/td>\n<td align=\"left\"><a href=\"https:\/\/portal.sma.gob.cl\/index.php\/download\/cuenta-publica-2019-3\/?wpdmdl=18452&amp;masterkey=5ce6e9c011d7d\">Descargar<\/a><\/td>\n<\/tr>\n<tr>\n<td align=\"left\">2017<\/td>\n<td align=\"left\">25 de abril, 2018<\/td>\n<td align=\"left\"><a href=\"https:\/\/portal.sma.gob.cl\/index.php\/download\/cuenta-publica-2017\/?wpdmdl=14809&amp;masterkey=5bf6e8c6713b4\">Descargar<\/a><\/td>\n<\/tr>\n<tr>\n<td align=\"left\">2016<\/td>\n<td align=\"left\">29 de marzo, 2017<\/td>\n<td align=\"left\"><a href=\"https:\/\/portal.sma.gob.cl\/index.php\/download\/cuenta-publica-2016\/?wpdmdl=14808&amp;masterkey=5bf6e80f4a80a\">Descargar<\/a><\/td>\n<\/tr>\n<tr>\n<td align=\"left\">2015<\/td>\n<td align=\"left\">24 de marzo, 2016<\/td>\n<td align=\"left\"><a href=\"https:\/\/portal.sma.gob.cl\/index.php\/download\/cuenta-publica-2015\/?wpdmdl=14807&amp;masterkey=5bf6e7f0315d0\">Descargar<\/a><\/td>\n<\/tr>\n<tr>\n<td align=\"left\">2014<\/td>\n<td align=\"left\">19 de marzo, 2015<\/td>\n<td align=\"left\"><a href=\"https:\/\/portal.sma.gob.cl\/index.php\/download\/cuenta-publica-2014\/?wpdmdl=14806&amp;masterkey=5bf6e7cd522fd\">Descargar<\/a><\/td>\n<\/tr>\n<tr>\n<td align=\"left\">2013<\/td>\n<td align=\"left\">06 de marzo, 2014<\/td>\n<td align=\"left\"><a href=\"https:\/\/portal.sma.gob.cl\/index.php\/download\/cuenta-publica-2013\/?wpdmdl=19305&amp;masterkey=5dcd464b93eb1\">Descargar<\/a><\/td>\n<\/tr>\n<\/tbody>\n<\/table>\n<\/div>\n<div class=\"fusion-clearfix\"><\/div><\/div><\/div><\/div><\/div>\n","protected":false},"excerpt":{"rendered":"","protected":false},"author":3,"featured_media":0,"parent":14852,"menu_order":0,"comment_status":"closed","ping_status":"closed","template":"","meta":{"footnotes":""},"class_list":["post-14095","page","type-page","status-publish","hentry"],"_links":{"self":[{"href":"https:\/\/portal.sma.gob.cl\/index.php\/wp-json\/wp\/v2\/pages\/14095","targetHints":{"allow":["GET"]}}],"collection":[{"href":"https:\/\/portal.sma.gob.cl\/index.php\/wp-json\/wp\/v2\/pages"}],"about":[{"href":"https:\/\/portal.sma.gob.cl\/index.php\/wp-json\/wp\/v2\/types\/page"}],"author":[{"embeddable":true,"href":"https:\/\/portal.sma.gob.cl\/index.php\/wp-json\/wp\/v2\/users\/3"}],"replies":[{"embeddable":true,"href":"https:\/\/portal.sma.gob.cl\/index.php\/wp-json\/wp\/v2\/comments?post=14095"}],"version-history":[{"count":29,"href":"https:\/\/portal.sma.gob.cl\/index.php\/wp-json\/wp\/v2\/pages\/14095\/revisions"}],"predecessor-version":[{"id":36508,"href":"https:\/\/portal.sma.gob.cl\/index.php\/wp-json\/wp\/v2\/pages\/14095\/revisions\/36508"}],"up":[{"embeddable":true,"href":"https:\/\/portal.sma.gob.cl\/index.php\/wp-json\/wp\/v2\/pages\/14852"}],"wp:attachment":[{"href":"https:\/\/portal.sma.gob.cl\/index.php\/wp-json\/wp\/v2\/media?parent=14095"}],"curies":[{"name":"wp","href":"https:\/\/api.w.org\/{rel}","templated":true}]}}