{"id":14852,"date":"2018-11-29T20:05:57","date_gmt":"2018-11-29T20:05:57","guid":{"rendered":"https:\/\/portal.sma.gob.cl\/?page_id=14852"},"modified":"2024-06-27T14:58:50","modified_gmt":"2024-06-27T18:58:50","slug":"participacion-ciudadana","status":"publish","type":"page","link":"https:\/\/portal.sma.gob.cl\/index.php\/portal-ciudadano\/participacion-ciudadana\/","title":{"rendered":"Participaci\u00f3n Ciudadana"},"content":{"rendered":"<p><div class=\"fusion-fullwidth fullwidth-box fusion-builder-row-1 nonhundred-percent-fullwidth non-hundred-percent-height-scrolling\" style=\"--awb-border-radius-top-left:0px;--awb-border-radius-top-right:0px;--awb-border-radius-bottom-right:0px;--awb-border-radius-bottom-left:0px;--awb-flex-wrap:wrap;\" ><div class=\"fusion-builder-row fusion-row\"><div class=\"fusion-layout-column fusion_builder_column fusion-builder-column-0 fusion_builder_column_1_1 1_1 fusion-one-full fusion-column-first fusion-column-last\" style=\"--awb-bg-size:cover;\"><div class=\"fusion-column-wrapper fusion-flex-column-wrapper-legacy\"><div class=\"fusion-text fusion-text-1\"><p>A trav\u00e9s de esta secci\u00f3n podr\u00e1s acceder a las modalidades formales y espec\u00edficas en que las personas y organizaciones pueden participar en los procesos de gesti\u00f3n p\u00fablica que son competencia de la SMA, que forman parte de la\u00a0<span style=\"text-decoration: underline;\"><b><a href=\"https:\/\/www.portaltransparencia.cl\/PortalPdT\/directorio-de-organismos-regulados\/?org=AW003\" target=\"_blank\" rel=\"noopener noreferrer\" data-saferedirecturl=\"https:\/\/www.google.com\/url?q=http:\/\/www.sma.gob.cl\/transparencia\/doc\/resoluciones\/RESOL_EXENTA_SMA_2015\/RESOL%2520EXENTA%2520N%25201072%2520SMA.PDF&amp;source=gmail&amp;ust=1543674257361000&amp;usg=AFQjCNGKXhMFv3bEgs_oPRQ_exSAiCTShA\">Norma General de Participaci\u00f3n Ciudadana\u00a0<\/a><\/b><\/span>de esta Superintendencia, y que se basa en la<span style=\"text-decoration: underline;\">\u00a0<\/span><b><a href=\"https:\/\/www.leychile.cl\/Navegar?idNorma=1023143\" target=\"_blank\" rel=\"noopener noreferrer\" data-saferedirecturl=\"https:\/\/www.google.com\/url?q=https:\/\/www.leychile.cl\/Navegar?idNorma%3D1023143&amp;source=gmail&amp;ust=1543674257361000&amp;usg=AFQjCNF80U1jvR4xqq-XzqoJ3Vp4sJmQJw\"><span style=\"text-decoration: underline;\">Ley N\u00b0 20.500\/2011<\/span><\/a><\/b>\u00a0sobre\u00a0<b>Asociaciones y Participaci\u00f3n Ciudadana en la Gesti\u00f3n P\u00fablica.<\/b><\/p>\n<\/div><div class=\"fusion-sep-clear\"><\/div><div class=\"fusion-separator fusion-full-width-sep\" style=\"margin-left: auto;margin-right: auto;margin-top:20px;margin-bottom:20px;width:100%;\"><\/div><div class=\"fusion-sep-clear\"><\/div><div class=\"fusion-clearfix\"><\/div><\/div><\/div><\/div><\/div><div class=\"fusion-fullwidth fullwidth-box fusion-builder-row-2 nonhundred-percent-fullwidth non-hundred-percent-height-scrolling\" style=\"--awb-border-radius-top-left:0px;--awb-border-radius-top-right:0px;--awb-border-radius-bottom-right:0px;--awb-border-radius-bottom-left:0px;--awb-flex-wrap:wrap;\" ><div class=\"fusion-builder-row fusion-row\"><div class=\"fusion-layout-column fusion_builder_column fusion-builder-column-1 fusion_builder_column_1_3 1_3 fusion-one-third fusion-column-first fusion-column-inner-bg-wrapper fusion-column-liftup-border\" style=\"--awb-inner-bg-size:cover;width:33.333333333333%;width:calc(33.333333333333% - ( ( 4% + 4% ) * 0.33333333333333 ) );margin-right: 4%;\"><span class=\"fusion-column-inner-bg hover-type-liftup\"><a class=\"fusion-column-anchor\" href=\"https:\/\/portal.sma.gob.cl\/index.php\/portal-ciudadano\/participacion-ciudadana\/consultas-ciudadanas\/\"><span class=\"fusion-column-inner-bg-image\"><\/span><\/a><\/span><div class=\"fusion-column-wrapper fusion-flex-column-wrapper-legacy\"><div class=\"fusion-text fusion-text-2\"><h3 style=\"text-align: center;\"><img decoding=\"async\" class=\"wp-image-18186 aligncenter\" src=\"https:\/\/portal.sma.gob.cl\/wp-content\/uploads\/2019\/04\/consultas.png\" alt=\"\" width=\"90\" height=\"82\" \/>Consultas ciudadanas<\/h3>\n<\/div><div class=\"fusion-clearfix\"><\/div><\/div><\/div><div class=\"fusion-layout-column fusion_builder_column fusion-builder-column-2 fusion_builder_column_1_3 1_3 fusion-one-third fusion-column-inner-bg-wrapper fusion-column-liftup-border\" style=\"--awb-inner-bg-size:cover;width:33.333333333333%;width:calc(33.333333333333% - ( ( 4% + 4% ) * 0.33333333333333 ) );margin-right: 4%;\"><span class=\"fusion-column-inner-bg hover-type-liftup\"><a class=\"fusion-column-anchor\" href=\"https:\/\/portal.sma.gob.cl\/index.php\/consejo-de-la-sociedad-civil\/\"><span class=\"fusion-column-inner-bg-image\"><\/span><\/a><\/span><div class=\"fusion-column-wrapper fusion-flex-column-wrapper-legacy\"><div class=\"fusion-text fusion-text-3\"><h3 style=\"text-align: center;\"><img decoding=\"async\" class=\"wp-image-13483 aligncenter\" src=\"https:\/\/portal.sma.gob.cl\/wp-content\/uploads\/2018\/10\/ico-31.png\" alt=\"\" width=\"90\" height=\"82\" \/>Consejo de la Sociedad Civil<\/h3>\n<\/div><div class=\"fusion-clearfix\"><\/div><\/div><\/div><div class=\"fusion-layout-column fusion_builder_column fusion-builder-column-3 fusion_builder_column_1_3 1_3 fusion-one-third fusion-column-last fusion-column-inner-bg-wrapper fusion-column-liftup-border\" style=\"--awb-inner-bg-size:cover;width:33.333333333333%;width:calc(33.333333333333% - ( ( 4% + 4% ) * 0.33333333333333 ) );\"><span class=\"fusion-column-inner-bg hover-type-liftup\"><a class=\"fusion-column-anchor\" href=\"https:\/\/portal.sma.gob.cl\/index.php\/portal-ciudadano\/participacion-ciudadana\/cuentas-publicas\/\"><span class=\"fusion-column-inner-bg-image\"><\/span><\/a><\/span><div class=\"fusion-column-wrapper fusion-flex-column-wrapper-legacy\"><div class=\"fusion-text fusion-text-4\"><h3 style=\"text-align: center;\"><img decoding=\"async\" class=\"wp-image-18188 size-full aligncenter\" src=\"https:\/\/portal.sma.gob.cl\/wp-content\/uploads\/2019\/04\/cuentas-publicas.png\" alt=\"\" width=\"90\" height=\"82\" \/>Cuentas p\u00fablicas<\/h3>\n<\/div><div class=\"fusion-clearfix\"><\/div><\/div><\/div><\/div><\/div><\/p>\n","protected":false},"excerpt":{"rendered":"","protected":false},"author":3,"featured_media":0,"parent":14376,"menu_order":0,"comment_status":"closed","ping_status":"closed","template":"","meta":{"footnotes":""},"class_list":["post-14852","page","type-page","status-publish","hentry"],"_links":{"self":[{"href":"https:\/\/portal.sma.gob.cl\/index.php\/wp-json\/wp\/v2\/pages\/14852","targetHints":{"allow":["GET"]}}],"collection":[{"href":"https:\/\/portal.sma.gob.cl\/index.php\/wp-json\/wp\/v2\/pages"}],"about":[{"href":"https:\/\/portal.sma.gob.cl\/index.php\/wp-json\/wp\/v2\/types\/page"}],"author":[{"embeddable":true,"href":"https:\/\/portal.sma.gob.cl\/index.php\/wp-json\/wp\/v2\/users\/3"}],"replies":[{"embeddable":true,"href":"https:\/\/portal.sma.gob.cl\/index.php\/wp-json\/wp\/v2\/comments?post=14852"}],"version-history":[{"count":41,"href":"https:\/\/portal.sma.gob.cl\/index.php\/wp-json\/wp\/v2\/pages\/14852\/revisions"}],"predecessor-version":[{"id":32157,"href":"https:\/\/portal.sma.gob.cl\/index.php\/wp-json\/wp\/v2\/pages\/14852\/revisions\/32157"}],"up":[{"embeddable":true,"href":"https:\/\/portal.sma.gob.cl\/index.php\/wp-json\/wp\/v2\/pages\/14376"}],"wp:attachment":[{"href":"https:\/\/portal.sma.gob.cl\/index.php\/wp-json\/wp\/v2\/media?parent=14852"}],"curies":[{"name":"wp","href":"https:\/\/api.w.org\/{rel}","templated":true}]}}