{"id":15042,"date":"2018-12-10T15:14:13","date_gmt":"2018-12-10T15:14:13","guid":{"rendered":"https:\/\/portal.sma.gob.cl\/?page_id=15042"},"modified":"2026-03-13T14:22:13","modified_gmt":"2026-03-13T17:22:13","slug":"ensayos-de-aptitud","status":"publish","type":"page","link":"https:\/\/portal.sma.gob.cl\/index.php\/portal-regulados\/entidades-tecnicas\/ensayos-de-aptitud\/","title":{"rendered":"Ensayos de aptitud"},"content":{"rendered":"<div class=\"fusion-fullwidth fullwidth-box fusion-builder-row-1 nonhundred-percent-fullwidth non-hundred-percent-height-scrolling\" style=\"--awb-border-radius-top-left:0px;--awb-border-radius-top-right:0px;--awb-border-radius-bottom-right:0px;--awb-border-radius-bottom-left:0px;--awb-flex-wrap:wrap;\" ><div class=\"fusion-builder-row fusion-row\"><div class=\"fusion-layout-column fusion_builder_column fusion-builder-column-0 fusion_builder_column_1_1 1_1 fusion-one-full fusion-column-first fusion-column-last\" style=\"--awb-bg-size:cover;\"><div class=\"fusion-column-wrapper fusion-flex-column-wrapper-legacy\"><div class=\"fusion-text fusion-text-1\"><p>La Superintendencia del Medio Ambiente (SMA), pone a su disposici\u00f3n los Programas de Ensayos de Aptitud, los cuales informan el calendario de Rondas de Ensayos de Aptitud, a efectuarse durante el a\u00f1o en curso.<\/p>\n<\/div><div class=\"fusion-sep-clear\"><\/div><div class=\"fusion-separator fusion-full-width-sep\" style=\"margin-left: auto;margin-right: auto;margin-top:20px;width:100%;\"><\/div><div class=\"fusion-sep-clear\"><\/div><div class=\"fusion-text fusion-text-2\"><h2>Instrucciones Ensayos de Aptitud<\/h2>\n<hr \/>\n<\/div><div class=\"fusion-text fusion-text-3\"><ul>\n<li><a href=\"https:\/\/transparencia.sma.gob.cl\/doc\/resoluciones\/RESOL_EXENTA_SMA_2025\/RESOL%20EXENTA%20N%201770%20SMA.PDF\" target=\"_blank\" rel=\"noopener\"><strong><u><u>Resoluci\u00f3n 1770\/2025: <\/u><\/u><\/strong><\/a>Instrucciones generales sobre el procedimiento para las actividades de ensayo de aptitud al que deben someterse las entidades t\u00e9cnicas de fiscalizaci\u00f3n ambiental en el marco de lo dispuesto en el art\u00edculo 3, letra c), de la ley org\u00e1nica de la superintendencia del medio ambiente, y del art\u00edculo 15 del reglamento de entidades t\u00e9cnicas de fiscalizaci\u00f3n ambiental de la Superintendencia del Medio Ambiente.<\/li>\n<\/ul>\n<\/div><div class=\"fusion-sep-clear\"><\/div><div class=\"fusion-separator fusion-full-width-sep\" style=\"margin-left: auto;margin-right: auto;margin-top:20px;width:100%;\"><\/div><div class=\"fusion-sep-clear\"><\/div><div class=\"fusion-text fusion-text-4\"><h2><strong>Confidencialidad \u00a0de los Ensayos de Aptitud<\/strong><\/h2>\n<hr \/>\n<\/div><div class=\"fusion-text fusion-text-5\"><ul>\n<li><span style=\"text-decoration: underline;\"><a href=\"https:\/\/portal.sma.gob.cl\/index.php\/download\/confidencialidad-de-los-ensayos-de-aptitud-de-la-sma\/?wpdmdl=35214&amp;masterkey=pUasqkPd3Ds7FfavUdOQygAdyV6yaz71yKtjhnopy9SzCUcq5IyvfZHSyotZ4KXbj0SO9gBK90CPcFEn0lFX2_x4ctnMV_sBCYzfX36d1NM\">Confidencialidad de los Ensayos de Aptitud de la SMA<\/a><\/span><\/li>\n<\/ul>\n<\/div><div class=\"fusion-sep-clear\"><\/div><div class=\"fusion-separator fusion-full-width-sep\" style=\"margin-left: auto;margin-right: auto;margin-top:20px;width:100%;\"><\/div><div class=\"fusion-sep-clear\"><\/div><div class=\"fusion-text fusion-text-6\"><h2><strong>Programas de Ensayo de Aptitud-SMA<\/strong><\/h2>\n<hr \/>\n<\/div><div class=\"fusion-text fusion-text-7\" style=\"--awb-line-height:2;\"><ul>\n<li><span style=\"text-decoration: underline;\"><a href=\"https:\/\/portal.sma.gob.cl\/index.php\/download\/programa-continuo-de-ensayos-de-aptitud\/?wpdmdl=22787&amp;masterkey=611bc616cdd36\">Programa Continuo de Ensayos de Aptitud<\/a><\/span><\/li>\n<li><span style=\"text-decoration: underline;\"><a href=\"https:\/\/portal.sma.gob.cl\/index.php\/download\/ensayos-de-aptitud-2021\/?wpdmdl=22307&amp;masterkey=60369a5791411\">Programa Ensayos de Aptitud 2021 (V3)<\/a><\/span><\/li>\n<li><span style=\"text-decoration: underline;\"><a href=\"https:\/\/portal.sma.gob.cl\/index.php\/download\/programa-ensayos-de-aptitud-2020-v2\/?wpdmdl=20955&amp;masterkey=5ee8eb962fc11\">Programa Ensayos de Aptitud 2020 (V2)<\/a><\/span><\/li>\n<li><span style=\"text-decoration: underline;\"><a href=\"https:\/\/portal.sma.gob.cl\/index.php\/download\/ensayos-de-aptitud-2019-3\/?wpdmdl=17942&amp;masterkey=5cab587382afb\">Programa Ensayos de Aptitud 2019 (v7)<\/a><\/span><\/li>\n<li><span style=\"text-decoration: underline;\"><a href=\"https:\/\/portal.sma.gob.cl\/index.php\/download\/programa-ensayos-de-aptitud-2018-v-3\/?wpdmdl=15064&amp;masterkey=5c0e8fb383580\">Programa Ensayos de Aptitud 2018 (v3)<\/a><\/span><\/li>\n<li><span style=\"text-decoration: underline;\"><a href=\"https:\/\/portal.sma.gob.cl\/index.php\/download\/programa-ensayos-de-aptitud-2017-v-3\/?wpdmdl=15063&amp;masterkey=5c0e8f5b0e55c\">Programa Ensayos de Aptitud 2017 (v3)<\/a><\/span><\/li>\n<li><span style=\"text-decoration: underline;\"><a href=\"https:\/\/portal.sma.gob.cl\/index.php\/download\/programa-ensayos-de-aptitud-2016-v-7\/?wpdmdl=15062&amp;masterkey=5c0e8e244161d\">Programa Ensayos de Aptitud 2016 (v7)<\/a><\/span><\/li>\n<li><span style=\"text-decoration: underline;\"><a href=\"https:\/\/portal.sma.gob.cl\/index.php\/download\/programa-ensayos-aptitud-2015_v3\/?wpdmdl=15049&amp;masterkey=5c0e87849c6be\">Programa Ensayos de Aptitud 2015<\/a><\/span><\/li>\n<li><span style=\"text-decoration: underline;\"><a href=\"https:\/\/portal.sma.gob.cl\/index.php\/download\/programa-ensayos-de-aptitud-2014\/?wpdmdl=15048&amp;masterkey=5c0e8760f0f00\">Programa Ensayos de Aptitud 2014<\/a><\/span><\/li>\n<li><span style=\"text-decoration: underline;\"><a href=\"https:\/\/portal.sma.gob.cl\/index.php\/download\/programa-ensayos-de-aptitud-2013\/?wpdmdl=15047&amp;masterkey=5c0e86f619a6f\">Programa Ensayos de Aptitud 2013<\/a><\/span><\/li>\n<\/ul>\n<\/div><div class=\"fusion-sep-clear\"><\/div><div class=\"fusion-separator fusion-full-width-sep\" style=\"margin-left: auto;margin-right: auto;margin-top:20px;width:100%;\"><\/div><div class=\"fusion-sep-clear\"><\/div><div class=\"fusion-text fusion-text-8\"><h2><strong>Protocolos de Ensayos de Aptitud<\/strong><\/h2>\n<hr \/>\n<\/div><div class=\"fusion-text fusion-text-9\"><ul>\n<li><span style=\"text-decoration: underline;\"><a href=\"https:\/\/portal.sma.gob.cl\/index.php\/download\/protocolo-para-los-ensayos-de-aptitud-para-aguas-con-presencia-de-contaminantes-ea-pro-013\/?wpdmdl=22789&amp;masterkey=611bc6dc579da\">Protocolo para los ensayos de aptitud para qu\u00edmica de aguas superficiales y qu\u00edmica de aguas residuales industriales (EA-PRO-01326)<\/a><\/span><\/li>\n<li><span style=\"text-decoration: underline;\"><a href=\"https:\/\/portal.sma.gob.cl\/index.php\/download\/protocolo-para-los-ensayos-de-aptitud-para-gravimetria-de-filtros-de-material-particulado-ea-pro-019\/?wpdmdl=22792&amp;masterkey=611bc7a09eee6\">Protocolo para los ensayos de aptitud para gravimetr\u00eda de filtros impactados con material particulado (GFMP)<\/a><\/span><\/li>\n<\/ul>\n<\/div><div class=\"fusion-sep-clear\"><\/div><div class=\"fusion-separator fusion-full-width-sep\" style=\"margin-left: auto;margin-right: auto;margin-top:20px;width:100%;\"><\/div><div class=\"fusion-sep-clear\"><\/div><div class=\"fusion-text fusion-text-10\" style=\"--awb-text-transform:none;\"><h2><strong>Resultados de ensayos de aptitud<\/strong><\/h2>\n<hr \/>\n<p>La Superintendencia del Medio Ambiente (SMA) pone a su disposici\u00f3n los resultados de Ensayos de Aptitud para laboratorios anal\u00edticos ambientales del pa\u00eds, realizados desde 2013 en adelante.<\/p>\n<ul>\n<li><a href=\"https:\/\/portal.sma.gob.cl\/index.php\/download\/informe-final-ea-sma-03-25-gravimetria-de-filtros-impactados-con-mp-gfmp-resolucion-exenta-n-2688-2025-de-la-sma\/?wpdmdl=37159&amp;masterkey=A9xQZUZmAaV_A3D8jBx8-M0ZlDhn8drdLSQ9RWM-BH1m39lHSbJZWKCw8UJ6UFbwCFffAulI1ETzacXHEvVp7s-Fyn0qn8lliHFOY7YuMSk\"><span data-olk-copy-source=\"MessageBody\">Informe final EA-SMA-03-25 (Gravimetr\u00eda de Filtros impactados con MP \u2013 GFMP) &#8211; Resoluci\u00f3n Exenta N\u00b0 2688\/2025 de la SMA<\/span><\/a><\/li>\n<li><a href=\"https:\/\/portal.sma.gob.cl\/index.php\/download\/informe-final-ea-sma-02-25-quimica-de-aguas-residuales-industriales-qar\/?wpdmdl=36606&amp;masterkey=BCiixAWqMJNM5-H76ueH4rRStCY_wJLwDCV1DHnIJtU5yo3WXKOLnS-sNwxZBSWVKFkaIN0DaqZebjQa-oAThYdfwTpFGEp1vzE3BuGNk1s\"><span data-olk-copy-source=\"MessageBody\">Informe final EA-SMA-02-25 (Qu\u00edmica de Aguas Residuales Industriales \u2013 QAR)<\/span><\/a><\/li>\n<li><a href=\"https:\/\/portal.sma.gob.cl\/index.php\/download\/informe-final-ea-sma-01-25-quimica-de-aguas-superficiales-qac\/?wpdmdl=35208&amp;masterkey=iBK5fexTWOj8jzk7OpVJah3yapXNPZk0KqcRgNdlCxSo04dVea-JgtytfL8b13-8AWXqgcCZrRI-BinD7ZKSIcJOrRQA987dNfFUNNTZ2r4\">Informe final EA-SMA-01-25-V01 (Qu\u00edmica de aguas superficiales \u2013 QAS)<\/a><\/li>\n<li><a href=\"https:\/\/portal.sma.gob.cl\/index.php\/download\/informe-final-ea-sma-02-24-quimica-de-aguas-residuales-industriales-qar\/?wpdmdl=32911&amp;masterkey=UpOedkMzJV4itfeQ-Y1dVZgHG93Tcw0_jfau2kvZqctn0HP0MCh2AbNLY7eSOSAtFOqGT7dnZUMJvUYS0jvx_6BMVfnSal14tbDFyoPjn-o\" target=\"_blank\" rel=\"noopener\"> Informe final EA-SMA-02-24 (Qu\u00edmica de Aguas Residuales Industriales \u2013 QAR)<\/a><\/li>\n<li><a href=\"https:\/\/portal.sma.gob.cl\/index.php\/download\/informe_qac_ea-sma-01-24\/?wpdmdl=32176&amp;masterkey=IK_bsNEKGOmNVNmtQqXC0dY2Dh5VWnvBSG-5t2dcr3iN5xzhnOyY_zxdIuvCn74rwHv_PJAq1ZAPSlCGRHJGmiMIrQ1y-akFczbp35mOzQ4\" target=\"_blank\" rel=\"noopener\"> Informe final EA-SMA-01-24 (Qu\u00edmica de aguas superficiales &#8211; QAC)<\/a><\/li>\n<li><a href=\"https:\/\/portal.sma.gob.cl\/index.php\/download\/informe-final-ea-sma-03-23-gravimetria-de-filtros-impactados-con-mp-gfmp\/?wpdmdl=29725&amp;masterkey=g2GDL-_IDc3WRSUVSGvqCZoyXsOtgPzIAefvFIZLgjPs7v0Tpm8S3-NQo7ysa2xICAqRU2r8PM2wLFfksBE4RCsnwMeYBEWGOLn43i0pyz0\" target=\"_blank\" rel=\"noopener\"> Informe final EA-SMA-03-23 (Gravimetr\u00eda de Filtros impactados con MP \u2013 GFMP)<\/a><\/li>\n<li><a href=\"https:\/\/portal.sma.gob.cl\/index.php\/download\/informe-final-ea-sma-02-23-quimica-de-aguas-residuales-industriales-qar\/?wpdmdl=28882&amp;masterkey=8y9sRbTWMU4OplrbvsiBKzLt8_gOCzXO0tQW73vbrfGqlp5nCqCRSrmjZQTJXF9dUcwLNRCxjMVK9J6kehlCN3NyLFZ87gqsqYPGf0jgHGk\" target=\"_blank\" rel=\"noopener\"> Informe final EA-SMA-02-23 (Qu\u00edmica de Aguas Residuales Industriales &#8211; QAR)<\/a><\/li>\n<li><a href=\"https:\/\/portal.sma.gob.cl\/index.php\/download\/informe-ea-0123\/?wpdmdl=27783&amp;masterkey=aYIsgo7kF78La7wPMs6NXXsB__FIdsfElUo5vu6qMurO9zCghS0dEgVn4jxHNLJyuf0lq3mnr6zjKx-IbkLqmv7OqcTgakFDj0nB4DmvYaY\" target=\"_blank\" rel=\"noopener\">Informe de Ensayo de Aptitud &#8211; EA-SMA-01-23 Qu\u00edmica de aguas con presencia de contaminantes (QAC)<\/a><a href=\"https:\/\/portal.sma.gob.cl\/wp-content\/uploads\/2022\/12\/Informe-EA-SMA-02-2-Oficio-13705.pdf\" target=\"_blank\" rel=\"noopener\">Informe final EA-SMA-02-22 (An\u00e1lisis Qu\u00edmico de Aguas Residuales-QAR)<\/a><\/li>\n<li><a href=\"https:\/\/portal.sma.gob.cl\/index.php\/download\/informe-final-ea-sma-01-22-analisis-quimico-de-aguas-superficiales-con-presencia-de-contaminantes-qac\/?wpdmdl=24287&amp;masterkey=AN7J4rluuA7BUcVwbe38iktzSxVyq48RkuAV1yAPQPQNkVxpdxiJnhpUkRwN4exC82mGtKbo7EmKrCybY2Z9UKtI2Y02Ksg5hlYPIfYbB0Y\">Informe final EA-SMA-01-22 (An\u00e1lisis Qu\u00edmico de Aguas Superficiales con presencia de Contaminantes-QAC)<\/a><\/li>\n<li><a href=\"https:\/\/portal.sma.gob.cl\/index.php\/download\/informe-final-ea-sma-02-21\/?wpdmdl=22996&amp;masterkey=6197eb7255740\">Informe final EA-SMA-02-21 (An\u00e1lisis Qu\u00edmico de Aguas Residuales-QAR)<\/a><\/li>\n<li><a href=\"https:\/\/portal.sma.gob.cl\/index.php\/download\/informe-final-ea-sma-01-21-analisis-quimico-de-aguas-superficiales-con-presencia-de-contaminantes-qac\/?wpdmdl=22660&amp;masterkey=60c0e88cb3fc2\">Informe final EA-SMA-01-21 (An\u00e1lisis Qu\u00edmico de Aguas Superficiales con presencia de Contaminantes-QAC)<\/a><\/li>\n<li><a href=\"https:\/\/portal.sma.gob.cl\/index.php\/download\/informe-final-ea-sma-02-20-analisis-quimico-de-aguas-residuales-qar\/?wpdmdl=21827&amp;masterkey=5fb274301b7d2\">Informe final EA-SMA-02-20 (An\u00e1lisis Qu\u00edmico de Aguas Residuales-QAR)<\/a><\/li>\n<li><a href=\"https:\/\/portal.sma.gob.cl\/index.php\/download\/informe-final-ea-sma-01-20-analisis-quimico-de-aguas-superficiales-con-presencia-de-contaminantes-qac\/?wpdmdl=21166&amp;masterkey=5f0f4d9eea9ed\">Informe final EA-SMA-01-20 (An\u00e1lisis Qu\u00edmico de Aguas Superficiales con presencia de Contaminantes-QAC)<\/a><\/li>\n<li><a href=\"https:\/\/portal.sma.gob.cl\/index.php\/download\/informe-final-ea-sma-03-19-quimica-de-suelos-con-presencia-de-contaminantes-qsc\/?wpdmdl=20953&amp;masterkey=5ee8eac002778\">Informe final EA-SMA-03-19 (Qu\u00edmica de Suelos con presencia de Contaminantes\u2013QSC)<\/a><\/li>\n<li><a href=\"https:\/\/portal.sma.gob.cl\/index.php\/download\/informe-final-ea-sma-02-19-gravimetria-de-filtros-impactados-con-mp-gfmp\/?wpdmdl=18966&amp;masterkey=5d63e3c1a01ed\">Informe final EA-SMA-02-19 (Gravimetr\u00eda de Filtros impactados con MP \u2013 GFMP)<\/a><\/li>\n<li><a href=\"https:\/\/portal.sma.gob.cl\/index.php\/download\/informe-final-ea-sma-01-19\/?wpdmdl=18354&amp;masterkey=5ccb56146039f\">Informe final EA-SMA-01-19 (An\u00e1lisis Qu\u00edmico de Agua con presencia de Contaminantes-QAC)<\/a><\/li>\n<li><a href=\"https:\/\/portal.sma.gob.cl\/index.php\/download\/informe-final-ea-sma-02-18-gravimetria-de-filtros-impactados-con-mp-gfmp\/?wpdmdl=15129&amp;masterkey=5c0eca01afbaa\">Informe final EA-SMA-02-18 (Gravimetr\u00eda de Filtros impactados con MP \u2013 GFMP)<\/a><\/li>\n<li><a href=\"https:\/\/portal.sma.gob.cl\/index.php\/download\/informe-final-ea-sma-01-18-quimica-de-aguas-con-presencia-de-contaminantes-qac\/?wpdmdl=15130&amp;masterkey=5c0eca2915bfe\">Informe final EA-SMA-01-18 (Qu\u00edmica de Aguas con presencia de Contaminantes \u2013 QAC)<\/a><\/li>\n<li><a href=\"https:\/\/portal.sma.gob.cl\/index.php\/download\/informe-final-ea-sma-03-17-gravimetria-de-filtros-impactados-con-mp-gfmp\/?wpdmdl=15131&amp;masterkey=5c0eca5017b8d\">Informe final EA-SMA-03-17 (Gravimetr\u00eda de Filtros impactados con MP \u2013 GFMP)<\/a><\/li>\n<li><a href=\"https:\/\/portal.sma.gob.cl\/index.php\/download\/informe-final-ea-sma-02-17-quimica-de-suelos-con-presencia-de-contaminantes-qsc\/?wpdmdl=15132&amp;masterkey=5c0eca7a8c632\">Informe final EA-SMA-02-17 (Qu\u00edmica de Suelos con presencia de Contaminantes \u2013 QSC)<\/a><\/li>\n<li><a href=\"https:\/\/portal.sma.gob.cl\/index.php\/download\/informe-final-ea-sma-01-17-quimica-de-aguas-con-presencia-de-contaminantes-qac\/?wpdmdl=15133&amp;masterkey=5c0eca983cb45\">Informe final EA-SMA-01-17 (Qu\u00edmica de Aguas con presencia de Contaminantes \u2013 QAC)<\/a><\/li>\n<li><a href=\"https:\/\/portal.sma.gob.cl\/index.php\/download\/informe-final-ea-sma-02-16-quimica-de-suelos-con-presencia-de-contaminantes-qsc\/?wpdmdl=15134&amp;masterkey=5c0ecab94ff47\">Informe final EA-SMA-02-16 (Qu\u00edmica de Suelos con presencia de Contaminantes &#8211; QSC)<\/a><\/li>\n<li><a href=\"https:\/\/portal.sma.gob.cl\/index.php\/download\/informe-final-ea-sma-01-16-quimica-de-aguas-con-presencia-de-contaminantes-qac\/?wpdmdl=15135&amp;masterkey=5c0ecada9b1e5\">Informe final EA-SMA-01-16 (Qu\u00edmica de Aguas con presencia de Contaminantes &#8211; QAC)<\/a><\/li>\n<li><a href=\"https:\/\/portal.sma.gob.cl\/index.php\/download\/informe-final-ea-sma-02-15-quimica-para-calidad-del-aire-qca\/?wpdmdl=15136&amp;masterkey=5c0ecb51796a6\">Informe final EA-SMA-02-15 (Qu\u00edmica para Calidad del Aire &#8211; QCA)<\/a><\/li>\n<li><a href=\"https:\/\/portal.sma.gob.cl\/index.php\/download\/informe-final-ea-sma-01-15-quimica-de-aguas-con-presencia-de-contaminantes-qac\/?wpdmdl=15137&amp;masterkey=5c0ecbd5673a3\">Informe final EA-SMA-01-15 (Qu\u00edmica de Aguas con presencia de Contaminantes &#8211; QAC)<\/a><\/li>\n<li><a href=\"https:\/\/portal.sma.gob.cl\/index.php\/download\/informe-final-ea-sma-03-14-quimica-para-calidad-del-aire-qca\/?wpdmdl=15138&amp;masterkey=5c0ecc1fccfc7\">Informe final EA-SMA-03-14 (Qu\u00edmica para Calidad del Aire &#8211; QCA)<\/a><\/li>\n<li><a href=\"https:\/\/portal.sma.gob.cl\/index.php\/download\/informe-final-ea-sma-02-14-fisico-quimica-de-aguas-contaminadas-fqac\/?wpdmdl=15139&amp;masterkey=5c0ecc44447b8\">Informe final EA-SMA-02-14 (F\u00edsico-qu\u00edmica de Aguas Contaminadas &#8211; FQAC)<\/a><\/li>\n<li><a href=\"https:\/\/portal.sma.gob.cl\/index.php\/download\/informe-final-ea-sma-01-14-fisico-quimica-de-aguas-contaminadas-fqac\/?wpdmdl=15140&amp;masterkey=5c0ecc614cdf7\">Informe final EA-SMA-01-14 (F\u00edsico-qu\u00edmica de Aguas Contaminadas &#8211; FQAC)<\/a><\/li>\n<li><a href=\"https:\/\/portal.sma.gob.cl\/index.php\/download\/informe-final-ea-sma-01-13-fisico-quimica-de-aguas-contaminadas-fqac-2\/?wpdmdl=15141&amp;masterkey=5c0ecca76daaf\">Informe final EA SMA 01-13 (F\u00edsico-qu\u00edmica de Aguas Contaminadas &#8211; FQAC)<\/a><\/li>\n<\/ul>\n<\/div><div class=\"fusion-sep-clear\"><\/div><div class=\"fusion-separator fusion-full-width-sep\" style=\"margin-left: auto;margin-right: auto;margin-top:20px;width:100%;\"><\/div><div class=\"fusion-sep-clear\"><\/div><div class=\"fusion-text fusion-text-11\"><h2><strong>Ranking ETFA<\/strong><\/h2>\n<hr \/>\n<\/div><div class=\"fusion-text fusion-text-12\"><ul>\n<li><a href=\"https:\/\/portal.sma.gob.cl\/index.php\/portal-regulados\/entidades-tecnicas\/ensayos-de-aptitud\/ranking-etfa\/\">Ranking ETFA &#8211; Departamento de Entidades T\u00e9cnicas y Laboratorio &#8211; SMA<\/a><\/li>\n<\/ul>\n<\/div><div class=\"fusion-clearfix\"><\/div><\/div><\/div><\/div><\/div>\n","protected":false},"excerpt":{"rendered":"","protected":false},"author":3,"featured_media":0,"parent":12421,"menu_order":0,"comment_status":"closed","ping_status":"closed","template":"","meta":{"footnotes":""},"class_list":["post-15042","page","type-page","status-publish","hentry"],"_links":{"self":[{"href":"https:\/\/portal.sma.gob.cl\/index.php\/wp-json\/wp\/v2\/pages\/15042","targetHints":{"allow":["GET"]}}],"collection":[{"href":"https:\/\/portal.sma.gob.cl\/index.php\/wp-json\/wp\/v2\/pages"}],"about":[{"href":"https:\/\/portal.sma.gob.cl\/index.php\/wp-json\/wp\/v2\/types\/page"}],"author":[{"embeddable":true,"href":"https:\/\/portal.sma.gob.cl\/index.php\/wp-json\/wp\/v2\/users\/3"}],"replies":[{"embeddable":true,"href":"https:\/\/portal.sma.gob.cl\/index.php\/wp-json\/wp\/v2\/comments?post=15042"}],"version-history":[{"count":160,"href":"https:\/\/portal.sma.gob.cl\/index.php\/wp-json\/wp\/v2\/pages\/15042\/revisions"}],"predecessor-version":[{"id":38023,"href":"https:\/\/portal.sma.gob.cl\/index.php\/wp-json\/wp\/v2\/pages\/15042\/revisions\/38023"}],"up":[{"embeddable":true,"href":"https:\/\/portal.sma.gob.cl\/index.php\/wp-json\/wp\/v2\/pages\/12421"}],"wp:attachment":[{"href":"https:\/\/portal.sma.gob.cl\/index.php\/wp-json\/wp\/v2\/media?parent=15042"}],"curies":[{"name":"wp","href":"https:\/\/api.w.org\/{rel}","templated":true}]}}