{"id":15085,"date":"2018-12-10T18:38:26","date_gmt":"2018-12-10T18:38:26","guid":{"rendered":"https:\/\/portal.sma.gob.cl\/?page_id=15085"},"modified":"2025-11-21T15:37:28","modified_gmt":"2025-11-21T18:37:28","slug":"acreditacion-internacional-y-convenios","status":"publish","type":"page","link":"https:\/\/portal.sma.gob.cl\/index.php\/portal-regulados\/entidades-tecnicas\/acreditacion-internacional-y-convenios\/","title":{"rendered":"Acreditaci\u00f3n internacional y convenios"},"content":{"rendered":"<div class=\"fusion-fullwidth fullwidth-box fusion-builder-row-1 nonhundred-percent-fullwidth non-hundred-percent-height-scrolling\" style=\"--awb-border-radius-top-left:0px;--awb-border-radius-top-right:0px;--awb-border-radius-bottom-right:0px;--awb-border-radius-bottom-left:0px;--awb-flex-wrap:wrap;\" ><div class=\"fusion-builder-row fusion-row\"><div class=\"fusion-layout-column fusion_builder_column fusion-builder-column-0 fusion_builder_column_1_1 1_1 fusion-one-full fusion-column-first fusion-column-last\" style=\"--awb-bg-size:cover;\"><div class=\"fusion-column-wrapper fusion-flex-column-wrapper-legacy\"><div class=\"fusion-text fusion-text-1\"><h2><strong>Acreditaci\u00f3n internacional<\/strong><\/h2>\n<hr \/>\n<p>Certificado de acreditaci\u00f3n ISO\/IEC 17043:2010 como Proveedor de Ensayos de Aptitud, otorgado por el Consejo Canadiense de Normas (miembro de IAAC, IAF, ILAC y APLAC). Con esta acreditaci\u00f3n se fortalece el proceso de seguimiento y control por medio en Ensayos de Aptitud, dirigidos a los organismos que sean autorizados como Entidades T\u00e9cnicas de Fiscalizaci\u00f3n Ambiental (ETFA).<\/p>\n<p><strong>Descarga de documentos<\/strong><\/p>\n<ul>\n<li><span style=\"text-decoration: underline;\"><a href=\"https:\/\/portal.sma.gob.cl\/index.php\/download\/certificado-acreditacion-canada\/?wpdmdl=15149&amp;masterkey=5c0ed0a86a5af\">Alcance de acreditaci\u00f3n Consejo Canadiense de Normas<\/a><\/span><\/li>\n<li>Web del SCC: <span style=\"text-decoration: underline;\"><a href=\"https:\/\/scc-ccn.ca\/accreditation\/proficiency-testing-providers\/superintendencia-del-medio-ambiente-sma\" target=\"_blank\" rel=\"noopener\">https:\/\/scc-ccn.ca\/accreditation\/proficiency-testing-providers\/superintendencia-del-medio-ambiente-sma<\/a><\/span><\/li>\n<\/ul>\n<\/div><div class=\"fusion-text fusion-text-2\" style=\"--awb-margin-top:40px;\"><h2><strong>Convenios<\/strong><\/h2>\n<hr \/>\n<p style=\"text-align: justify;\">La Superintendencia del Medio Ambiente ha establecido convenios de colaboraci\u00f3n con organismos internacionales, con el objeto de establecer mecanismos que contribuyan a dar cumplimiento a las metas, objetivos y compromisos relacionados con la autorizaci\u00f3n, seguimiento y control de las Entidades T\u00e9cnicas de Fiscalizaci\u00f3n Ambiental (ETFA).<\/p>\n<ul>\n<li><span style=\"text-decoration: underline;\"><a href=\"https:\/\/portal.sma.gob.cl\/index.php\/download\/convenio-de-colaboracion-sma-ceaeq\/?wpdmdl=15158&amp;masterkey=5c0ed2c2deb6a\"> Convenio de colaboraci\u00f3n SMA-CEAEQ<\/a><\/span><\/li>\n<li><span style=\"text-decoration: underline;\"><a href=\"https:\/\/portal.sma.gob.cl\/index.php\/download\/memorandum-de-entendimiento-sma-syke\/?wpdmdl=19261&amp;masterkey=5dc1c48ad60a6\"> Memorandum de entendimiento SMA-SYKE<\/a><\/span><\/li>\n<\/ul>\n<\/div><div class=\"fusion-clearfix\"><\/div><\/div><\/div><\/div><\/div>\n","protected":false},"excerpt":{"rendered":"","protected":false},"author":3,"featured_media":0,"parent":12421,"menu_order":0,"comment_status":"closed","ping_status":"closed","template":"","meta":{"footnotes":""},"class_list":["post-15085","page","type-page","status-publish","hentry"],"_links":{"self":[{"href":"https:\/\/portal.sma.gob.cl\/index.php\/wp-json\/wp\/v2\/pages\/15085","targetHints":{"allow":["GET"]}}],"collection":[{"href":"https:\/\/portal.sma.gob.cl\/index.php\/wp-json\/wp\/v2\/pages"}],"about":[{"href":"https:\/\/portal.sma.gob.cl\/index.php\/wp-json\/wp\/v2\/types\/page"}],"author":[{"embeddable":true,"href":"https:\/\/portal.sma.gob.cl\/index.php\/wp-json\/wp\/v2\/users\/3"}],"replies":[{"embeddable":true,"href":"https:\/\/portal.sma.gob.cl\/index.php\/wp-json\/wp\/v2\/comments?post=15085"}],"version-history":[{"count":32,"href":"https:\/\/portal.sma.gob.cl\/index.php\/wp-json\/wp\/v2\/pages\/15085\/revisions"}],"predecessor-version":[{"id":37052,"href":"https:\/\/portal.sma.gob.cl\/index.php\/wp-json\/wp\/v2\/pages\/15085\/revisions\/37052"}],"up":[{"embeddable":true,"href":"https:\/\/portal.sma.gob.cl\/index.php\/wp-json\/wp\/v2\/pages\/12421"}],"wp:attachment":[{"href":"https:\/\/portal.sma.gob.cl\/index.php\/wp-json\/wp\/v2\/media?parent=15085"}],"curies":[{"name":"wp","href":"https:\/\/api.w.org\/{rel}","templated":true}]}}