{"id":15286,"date":"2018-12-18T12:42:40","date_gmt":"2018-12-18T12:42:40","guid":{"rendered":"https:\/\/portal.sma.gob.cl\/?page_id=15286"},"modified":"2025-10-23T10:56:09","modified_gmt":"2025-10-23T13:56:09","slug":"programa-de-cumplimiento","status":"publish","type":"page","link":"https:\/\/portal.sma.gob.cl\/index.php\/portal-regulados\/instructivos-y-guias\/programa-de-cumplimiento\/","title":{"rendered":"Programa de cumplimiento"},"content":{"rendered":"<div class=\"fusion-fullwidth fullwidth-box fusion-builder-row-1 nonhundred-percent-fullwidth non-hundred-percent-height-scrolling\" style=\"--awb-border-radius-top-left:0px;--awb-border-radius-top-right:0px;--awb-border-radius-bottom-right:0px;--awb-border-radius-bottom-left:0px;--awb-flex-wrap:wrap;\" ><div class=\"fusion-builder-row fusion-row\"><div class=\"fusion-layout-column fusion_builder_column fusion-builder-column-0 fusion_builder_column_1_1 1_1 fusion-one-full fusion-column-first fusion-column-last\" style=\"--awb-bg-size:cover;\"><div class=\"fusion-column-wrapper fusion-flex-column-wrapper-legacy\"><div class=\"fusion-builder-row fusion-builder-row-inner fusion-row\"><div class=\"fusion-layout-column fusion_builder_column_inner fusion-builder-nested-column-0 fusion_builder_column_inner_1_3 1_3 fusion-one-third fusion-column-first\" style=\"--awb-bg-size:cover;width:33.333333333333%;width:calc(33.333333333333% - ( ( 0px ) * 0.33333333333333 ) );margin-right: 0px;\"><div class=\"fusion-column-wrapper fusion-column-has-shadow fusion-flex-column-wrapper-legacy\"><div class=\"fusion-image-element in-legacy-container\" style=\"--awb-max-width:200px;--awb-caption-title-font-family:var(--h2_typography-font-family);--awb-caption-title-font-weight:var(--h2_typography-font-weight);--awb-caption-title-font-style:var(--h2_typography-font-style);--awb-caption-title-size:var(--h2_typography-font-size);--awb-caption-title-transform:var(--h2_typography-text-transform);--awb-caption-title-line-height:var(--h2_typography-line-height);--awb-caption-title-letter-spacing:var(--h2_typography-letter-spacing);\"><span class=\" fusion-imageframe imageframe-none imageframe-1 hover-type-none margen\"><img decoding=\"async\" width=\"1050\" height=\"1400\" title=\"Portada-riles\" src=\"https:\/\/portal.sma.gob.cl\/wp-content\/uploads\/2025\/10\/Portada-riles.jpg\" alt class=\"img-responsive wp-image-36864\" srcset=\"https:\/\/portal.sma.gob.cl\/wp-content\/uploads\/2025\/10\/Portada-riles-200x267.jpg 200w, https:\/\/portal.sma.gob.cl\/wp-content\/uploads\/2025\/10\/Portada-riles-400x533.jpg 400w, https:\/\/portal.sma.gob.cl\/wp-content\/uploads\/2025\/10\/Portada-riles-600x800.jpg 600w, https:\/\/portal.sma.gob.cl\/wp-content\/uploads\/2025\/10\/Portada-riles-800x1067.jpg 800w, https:\/\/portal.sma.gob.cl\/wp-content\/uploads\/2025\/10\/Portada-riles.jpg 1050w\" sizes=\"(max-width: 800px) 100vw, 400px\" \/><\/span><\/div><div class=\"fusion-clearfix\"><\/div><\/div><\/div><div class=\"fusion-layout-column fusion_builder_column_inner fusion-builder-nested-column-1 fusion_builder_column_inner_2_3 2_3 fusion-two-third fusion-column-last\" style=\"--awb-bg-size:cover;width:66.666666666667%;width:calc(66.666666666667% - ( ( 0px ) * 0.66666666666667 ) );\"><div class=\"fusion-column-wrapper fusion-column-has-shadow fusion-flex-column-wrapper-legacy\"><div class=\"fusion-text fusion-text-1\"><h3><strong>Gu\u00eda para la presentaci\u00f3n de un Programa de Cumplimiento-Residuos l\u00edquidos<\/strong><\/h3>\n<\/div><div class=\"fusion-button-wrapper\"><a class=\"fusion-button button-flat button-medium button-custom fusion-button-default button-1 fusion-button-default-span fusion-button-default-type\" style=\"--awb-margin-bottom:10px;--button_accent_color:rgba(255,255,255,0.8);--button_accent_hover_color:rgba(255,255,255,0.9);--button_border_hover_color:rgba(255,255,255,0.9);--button_gradient_top_color:var(--awb-color6);--button_gradient_bottom_color:var(--awb-color6);--button_gradient_top_color_hover:#96c346;--button_gradient_bottom_color_hover:#96c346;\" target=\"_blank\" rel=\"noopener noreferrer\" href=\"https:\/\/portal.sma.gob.cl\/wp-content\/uploads\/2025\/10\/Guia-RILES-2025.pdf\"><i class=\"fa-file-download fas awb-button__icon awb-button__icon--default button-icon-left\" aria-hidden=\"true\"><\/i><span class=\"fusion-button-text awb-button__text awb-button__text--default\">Descargar<\/span><\/a><\/div><div class=\"fusion-text fusion-text-2\"><ul>\n<li><span style=\"text-decoration: underline;\"><a href=\"https:\/\/portal.sma.gob.cl\/index.php\/download\/anexo-1-formato-pdc-riles\/?wpdmdl=36869&amp;masterkey=0mdLpLp4pPqLofx_L5MhIx7WR8Lx4HW9SY8YK9RFGoqYHf_l1AFN3ZMRvDRxIY87fX-Lbk51QJ44q81NWixpagdsQE2BN-8WrAjyv05EoMQ\">Anexo N\u00ba 1: Formato para la presentaci\u00f3n de un Programa de Cumplimiento<\/a><\/span><\/li>\n<li><span style=\"text-decoration: underline;\"><a href=\"https:\/\/portal.sma.gob.cl\/index.php\/download\/anexo-no-2-formulario-solicitud-de-reunion-de-asistencia-al-cumplimiento\/?wpdmdl=36875&amp;masterkey=MrHJLnJxkyjwHImC82a84wdAyiD0DfzvnylT-GxJu8wv38cA1bQCFQhzoqTvQXMteWckgwX9m6XZCjkocGG6hK8dC1axtCfSTd29RjKyCtY\">Anexo N\u00ba 2: Formulario solicitud de reuni\u00f3n de asistencia al cumplimiento<\/a><\/span><\/li>\n<\/ul>\n<\/div><div class=\"fusion-clearfix\"><\/div><\/div><\/div><\/div><div class=\"fusion-sep-clear\"><\/div><div class=\"fusion-separator fusion-full-width-sep\" style=\"margin-left: auto;margin-right: auto;margin-top:30px;margin-bottom:40px;width:100%;\"><div class=\"fusion-separator-border sep-single sep-solid\" style=\"--awb-height:20px;--awb-amount:20px;border-color:#e0dede;border-top-width:1px;\"><\/div><\/div><div class=\"fusion-sep-clear\"><\/div><div class=\"fusion-builder-row fusion-builder-row-inner fusion-row\"><div class=\"fusion-layout-column fusion_builder_column_inner fusion-builder-nested-column-2 fusion_builder_column_inner_1_3 1_3 fusion-one-third fusion-column-first\" style=\"--awb-bg-size:cover;width:33.333333333333%;width:calc(33.333333333333% - ( ( 0px ) * 0.33333333333333 ) );margin-right: 0px;\"><div class=\"fusion-column-wrapper fusion-column-has-shadow fusion-flex-column-wrapper-legacy\"><div class=\"fusion-image-element in-legacy-container\" style=\"--awb-max-width:200px;--awb-caption-title-font-family:var(--h2_typography-font-family);--awb-caption-title-font-weight:var(--h2_typography-font-weight);--awb-caption-title-font-style:var(--h2_typography-font-style);--awb-caption-title-size:var(--h2_typography-font-size);--awb-caption-title-transform:var(--h2_typography-text-transform);--awb-caption-title-line-height:var(--h2_typography-line-height);--awb-caption-title-letter-spacing:var(--h2_typography-letter-spacing);\"><span class=\" fusion-imageframe imageframe-none imageframe-2 hover-type-none margen\"><img decoding=\"async\" width=\"1200\" height=\"1600\" title=\"portada ruidos\" src=\"https:\/\/portal.sma.gob.cl\/wp-content\/uploads\/2025\/08\/portada-ruidos.jpg\" alt class=\"img-responsive wp-image-36542\" srcset=\"https:\/\/portal.sma.gob.cl\/wp-content\/uploads\/2025\/08\/portada-ruidos-200x267.jpg 200w, https:\/\/portal.sma.gob.cl\/wp-content\/uploads\/2025\/08\/portada-ruidos-400x533.jpg 400w, https:\/\/portal.sma.gob.cl\/wp-content\/uploads\/2025\/08\/portada-ruidos-600x800.jpg 600w, https:\/\/portal.sma.gob.cl\/wp-content\/uploads\/2025\/08\/portada-ruidos-800x1067.jpg 800w, https:\/\/portal.sma.gob.cl\/wp-content\/uploads\/2025\/08\/portada-ruidos.jpg 1200w\" sizes=\"(max-width: 800px) 100vw, 400px\" \/><\/span><\/div><div class=\"fusion-clearfix\"><\/div><\/div><\/div><div class=\"fusion-layout-column fusion_builder_column_inner fusion-builder-nested-column-3 fusion_builder_column_inner_2_3 2_3 fusion-two-third fusion-column-last\" style=\"--awb-bg-size:cover;width:66.666666666667%;width:calc(66.666666666667% - ( ( 0px ) * 0.66666666666667 ) );\"><div class=\"fusion-column-wrapper fusion-column-has-shadow fusion-flex-column-wrapper-legacy\"><div class=\"fusion-text fusion-text-3\"><h3><strong>Gu\u00eda para la presentaci\u00f3n de un Programa de Cumplimiento, infracciones a la norma de emisi\u00f3n de ruidos<\/strong><\/h3>\n<p>Versi\u00f3n 2.0<\/p>\n<\/div><div class=\"fusion-button-wrapper\"><a class=\"fusion-button button-flat button-medium button-custom fusion-button-default button-2 fusion-button-default-span fusion-button-default-type\" style=\"--button_accent_color:rgba(255,255,255,0.8);--button_accent_hover_color:rgba(255,255,255,0.9);--button_border_hover_color:rgba(255,255,255,0.9);--button_gradient_top_color:var(--awb-color6);--button_gradient_bottom_color:var(--awb-color6);--button_gradient_top_color_hover:#96c346;--button_gradient_bottom_color_hover:#96c346;\" target=\"_self\" href=\"https:\/\/portal.sma.gob.cl\/index.php\/download\/guia-ruidos-2025\/?wpdmdl=36534&amp;masterkey=xnikBmdTtcyPEm3YN4HfXmU-_LOyyrtO713gXLai7Fp9moEDU6ql-P9xCMvzAW2EfgGB0_xNrV57uIwPAEMnJMCdXgusTOve0sNEPWGsuX0\"><span class=\"fusion-button-text awb-button__text awb-button__text--default\">Descargar<\/span><\/a><\/div><div class=\"fusion-text fusion-text-4\"><ul>\n<li><a href=\"https:\/\/portal.sma.gob.cl\/index.php\/download\/anexo-1-pdc-ruidos\/?wpdmdl=36539&amp;masterkey=BaDpudHFUqlBqgJtOSxRaeWaDGYATCu-l9lcpTKlvCybeQULh2OZVt50Ny3xL-HoxeQ9641su5v0K0vjK-xmMXZEqhMCMkpeLPYjbDE2IPQ\">Anexo 1: Formato para la presentaci\u00f3n de un Programa de Cumplimiento<\/a><\/li>\n<li><a href=\"https:\/\/portal.sma.gob.cl\/index.php\/download\/anexo-2-pdc-ruidos-constructoras\/?wpdmdl=36540&amp;masterkey=86sdBZY-_THyOHeC9zNeykfsBD8ywAu-CamZB5d2C9f4GkQGKg3Vuen6HEkTiTR4SFdyHg-hhYZ1hMWFhz6q5ZWxHiKrb8NfMqLoSgVW7yg\">Anexo 2: Formato espec\u00edfico para faenas constructivas<\/a><\/li>\n<\/ul>\n<\/div><div class=\"fusion-clearfix\"><\/div><\/div><\/div><\/div><div class=\"fusion-sep-clear\"><\/div><div class=\"fusion-separator fusion-full-width-sep\" style=\"margin-left: auto;margin-right: auto;margin-top:30px;margin-bottom:40px;width:100%;\"><div class=\"fusion-separator-border sep-single sep-solid\" style=\"--awb-height:20px;--awb-amount:20px;border-color:#e0dede;border-top-width:1px;\"><\/div><\/div><div class=\"fusion-sep-clear\"><\/div><div class=\"fusion-builder-row fusion-builder-row-inner fusion-row\"><div class=\"fusion-layout-column fusion_builder_column_inner fusion-builder-nested-column-4 fusion_builder_column_inner_1_3 1_3 fusion-one-third fusion-column-first\" style=\"--awb-bg-size:cover;width:33.333333333333%;width:calc(33.333333333333% - ( ( 0px ) * 0.33333333333333 ) );margin-right: 0px;\"><div class=\"fusion-column-wrapper fusion-column-has-shadow fusion-flex-column-wrapper-legacy\"><div class=\"fusion-image-element in-legacy-container\" style=\"--awb-max-width:200px;--awb-caption-title-font-family:var(--h2_typography-font-family);--awb-caption-title-font-weight:var(--h2_typography-font-weight);--awb-caption-title-font-style:var(--h2_typography-font-style);--awb-caption-title-size:var(--h2_typography-font-size);--awb-caption-title-transform:var(--h2_typography-text-transform);--awb-caption-title-line-height:var(--h2_typography-line-height);--awb-caption-title-letter-spacing:var(--h2_typography-letter-spacing);\"><span class=\" fusion-imageframe imageframe-none imageframe-3 hover-type-none margen\"><img decoding=\"async\" width=\"1000\" height=\"1294\" title=\"portada-spdc\" src=\"https:\/\/portal.sma.gob.cl\/wp-content\/uploads\/2021\/02\/portada-spdc.jpg\" alt class=\"img-responsive wp-image-22282\" srcset=\"https:\/\/portal.sma.gob.cl\/wp-content\/uploads\/2021\/02\/portada-spdc-200x259.jpg 200w, https:\/\/portal.sma.gob.cl\/wp-content\/uploads\/2021\/02\/portada-spdc-400x518.jpg 400w, https:\/\/portal.sma.gob.cl\/wp-content\/uploads\/2021\/02\/portada-spdc-600x776.jpg 600w, https:\/\/portal.sma.gob.cl\/wp-content\/uploads\/2021\/02\/portada-spdc-800x1035.jpg 800w, https:\/\/portal.sma.gob.cl\/wp-content\/uploads\/2021\/02\/portada-spdc.jpg 1000w\" sizes=\"(max-width: 800px) 100vw, 400px\" \/><\/span><\/div><div class=\"fusion-clearfix\"><\/div><\/div><\/div><div class=\"fusion-layout-column fusion_builder_column_inner fusion-builder-nested-column-5 fusion_builder_column_inner_2_3 2_3 fusion-two-third fusion-column-last\" style=\"--awb-bg-size:cover;width:66.666666666667%;width:calc(66.666666666667% - ( ( 0px ) * 0.66666666666667 ) );\"><div class=\"fusion-column-wrapper fusion-column-has-shadow fusion-flex-column-wrapper-legacy\"><div class=\"fusion-text fusion-text-5\"><h3><strong>Manual de usuario, Sistema de Seguimiento de Programas de Cumplimiento<\/strong><\/h3>\n<p>Versi\u00f3n 4.0<\/p>\n<div class=\"fusion-button-wrapper\"><a class=\"fusion-button button-flat button-small button-custom fusion-button-default button-3 fusion-button-default-span fusion-button-default-type boton-guias\" style=\"--button_accent_color:rgba(255,255,255,0.8);--button_accent_hover_color:rgba(255,255,255,0.9);--button_border_hover_color:rgba(255,255,255,0.9);--button_gradient_top_color:#448aff;--button_gradient_bottom_color:#448aff;--button_gradient_top_color_hover:rgba(68,138,255,0.5);--button_gradient_bottom_color_hover:rgba(68,138,255,0.5);\" target=\"_blank\" rel=\"noopener noreferrer\" href=\"https:\/\/spdc.sma.gob.cl\/documentos\/MANUAL%20SPDC%20V4.pdf\"><span class=\"fusion-button-text awb-button__text awb-button__text--default\">Descargar<\/span><\/a><\/div>\n<\/div><div class=\"fusion-clearfix\"><\/div><\/div><\/div><\/div><div class=\"fusion-sep-clear\"><\/div><div class=\"fusion-separator fusion-full-width-sep\" style=\"margin-left: auto;margin-right: auto;margin-top:30px;margin-bottom:40px;width:100%;\"><div class=\"fusion-separator-border sep-single sep-solid\" style=\"--awb-height:20px;--awb-amount:20px;border-color:#e0dede;border-top-width:1px;\"><\/div><\/div><div class=\"fusion-sep-clear\"><\/div><div class=\"fusion-builder-row fusion-builder-row-inner fusion-row\"><div class=\"fusion-layout-column fusion_builder_column_inner fusion-builder-nested-column-6 fusion_builder_column_inner_1_3 1_3 fusion-one-third fusion-column-first\" style=\"--awb-bg-size:cover;width:33.333333333333%;width:calc(33.333333333333% - ( ( 0px ) * 0.33333333333333 ) );margin-right: 0px;\"><div class=\"fusion-column-wrapper fusion-column-has-shadow fusion-flex-column-wrapper-legacy\"><div class=\"fusion-image-element in-legacy-container\" style=\"--awb-caption-title-font-family:var(--h2_typography-font-family);--awb-caption-title-font-weight:var(--h2_typography-font-weight);--awb-caption-title-font-style:var(--h2_typography-font-style);--awb-caption-title-size:var(--h2_typography-font-size);--awb-caption-title-transform:var(--h2_typography-text-transform);--awb-caption-title-line-height:var(--h2_typography-line-height);--awb-caption-title-letter-spacing:var(--h2_typography-letter-spacing);\"><span class=\" fusion-imageframe imageframe-none imageframe-4 hover-type-none margen\"><img decoding=\"async\" width=\"200\" height=\"259\" title=\"GuiaPDC\" src=\"https:\/\/portal.sma.gob.cl\/wp-content\/uploads\/2018\/11\/GuiaPDC-200x259.jpg\" alt class=\"img-responsive wp-image-14298\" srcset=\"https:\/\/portal.sma.gob.cl\/wp-content\/uploads\/2018\/11\/GuiaPDC-200x259.jpg 200w, https:\/\/portal.sma.gob.cl\/wp-content\/uploads\/2018\/11\/GuiaPDC.jpg 400w\" sizes=\"(max-width: 800px) 100vw, 200px\" \/><\/span><\/div><div class=\"fusion-clearfix\"><\/div><\/div><\/div><div class=\"fusion-layout-column fusion_builder_column_inner fusion-builder-nested-column-7 fusion_builder_column_inner_2_3 2_3 fusion-two-third fusion-column-last\" style=\"--awb-bg-size:cover;width:66.666666666667%;width:calc(66.666666666667% - ( ( 0px ) * 0.66666666666667 ) );\"><div class=\"fusion-column-wrapper fusion-column-has-shadow fusion-flex-column-wrapper-legacy\"><div class=\"fusion-text fusion-text-6\"><h3><strong>Gu\u00eda para la presentaci\u00f3n de programas de cumplimiento<\/strong><\/h3>\n<p>Tiene por finalidad constituir un material de apoyo y gu\u00eda, no taxativo, en el proceso de presentaci\u00f3n de un Programa de Cumplimiento (PDC).<br \/>\nFecha de publicaci\u00f3n: Julio de 2018<\/p>\n<div class=\"fusion-button-wrapper\"><a class=\"fusion-button button-flat button-small button-custom fusion-button-default button-4 fusion-button-default-span fusion-button-default-type boton-guias\" style=\"--button_accent_color:rgba(255,255,255,0.8);--button_accent_hover_color:rgba(255,255,255,0.9);--button_border_hover_color:rgba(255,255,255,0.9);--button_gradient_top_color:#448aff;--button_gradient_bottom_color:#448aff;--button_gradient_top_color_hover:rgba(68,138,255,0.5);--button_gradient_bottom_color_hover:rgba(68,138,255,0.5);\" target=\"_self\" href=\"https:\/\/portal.sma.gob.cl\/index.php\/download\/guia-para-la-presentacion-de-programas-de-cumplimiento-2\/?wpdmdl=14300&amp;masterkey=5be3278b9af81\"><span class=\"fusion-button-text awb-button__text awb-button__text--default\">Descargar<\/span><\/a><\/div>\n<hr \/>\n<p><a href=\"https:\/\/portal.sma.gob.cl\/index.php\/download\/formato-para-la-presentacion-de-un-pdc\/?wpdmdl=14301&amp;masterkey=5be328036b38f\">\u2022 Formato para la presentaci\u00f3n de un PDC<\/a><br \/>\n<a href=\"https:\/\/portal.sma.gob.cl\/index.php\/download\/formulario-de-solicitud-de-extension-de-plazo\/?wpdmdl=14302&amp;masterkey=5be3283bec3b3\">\u2022 Formulario de solicitud de extensi\u00f3n de plazo<\/a><br \/>\n<a href=\"https:\/\/portal.sma.gob.cl\/index.php\/download\/formulario-solicitud-reunion-de-asistencia-al-cumplimento\/?wpdmdl=28486&amp;masterkey=69UoP7h5FZESqRFFD0qjtNNMe5BoXCkNznzLAO1ksJU96n5E35yIRWJlSDvRVT40WpGOfQjuJx3zn2tFZX-zrU9WWoEIUA_XFKqNIwmmyss\">\u2022 Formulario de solicitud de asistencia<\/a><\/p>\n<\/div><div class=\"fusion-clearfix\"><\/div><\/div><\/div><\/div><div class=\"fusion-sep-clear\"><\/div><div class=\"fusion-separator fusion-full-width-sep\" style=\"margin-left: auto;margin-right: auto;margin-bottom:40px;width:100%;\"><div class=\"fusion-separator-border sep-single sep-solid\" style=\"--awb-height:20px;--awb-amount:20px;border-color:#e0dede;border-top-width:1px;\"><\/div><\/div><div class=\"fusion-sep-clear\"><\/div><div class=\"fusion-text fusion-text-7\"><h4><a href=\"https:\/\/www.leychile.cl\/Navegar?idNorma=1048783\" target=\"_blank\" rel=\"noopener noreferrer\">Ver reglamento sobre Programa de Cumplimiento y Autodenuncias <\/a><i class=\"fas fa-external-link-alt\"><\/i><\/h4>\n<\/div><div class=\"fusion-clearfix\"><\/div><\/div><\/div><\/div><\/div>\n","protected":false},"excerpt":{"rendered":"","protected":false},"author":3,"featured_media":0,"parent":12414,"menu_order":0,"comment_status":"closed","ping_status":"closed","template":"","meta":{"footnotes":""},"class_list":["post-15286","page","type-page","status-publish","hentry"],"_links":{"self":[{"href":"https:\/\/portal.sma.gob.cl\/index.php\/wp-json\/wp\/v2\/pages\/15286","targetHints":{"allow":["GET"]}}],"collection":[{"href":"https:\/\/portal.sma.gob.cl\/index.php\/wp-json\/wp\/v2\/pages"}],"about":[{"href":"https:\/\/portal.sma.gob.cl\/index.php\/wp-json\/wp\/v2\/types\/page"}],"author":[{"embeddable":true,"href":"https:\/\/portal.sma.gob.cl\/index.php\/wp-json\/wp\/v2\/users\/3"}],"replies":[{"embeddable":true,"href":"https:\/\/portal.sma.gob.cl\/index.php\/wp-json\/wp\/v2\/comments?post=15286"}],"version-history":[{"count":65,"href":"https:\/\/portal.sma.gob.cl\/index.php\/wp-json\/wp\/v2\/pages\/15286\/revisions"}],"predecessor-version":[{"id":36878,"href":"https:\/\/portal.sma.gob.cl\/index.php\/wp-json\/wp\/v2\/pages\/15286\/revisions\/36878"}],"up":[{"embeddable":true,"href":"https:\/\/portal.sma.gob.cl\/index.php\/wp-json\/wp\/v2\/pages\/12414"}],"wp:attachment":[{"href":"https:\/\/portal.sma.gob.cl\/index.php\/wp-json\/wp\/v2\/media?parent=15286"}],"curies":[{"name":"wp","href":"https:\/\/api.w.org\/{rel}","templated":true}]}}