{"id":17275,"date":"2018-12-19T17:48:09","date_gmt":"2018-12-19T17:48:09","guid":{"rendered":"https:\/\/portal.sma.gob.cl\/?page_id=17275"},"modified":"2021-12-21T12:11:00","modified_gmt":"2021-12-21T15:11:00","slug":"codigo-de-etica","status":"publish","type":"page","link":"https:\/\/portal.sma.gob.cl\/index.php\/codigo-de-etica\/","title":{"rendered":"Sistema de Integridad y C\u00f3digo de \u00c9tica"},"content":{"rendered":"<div class=\"fusion-fullwidth fullwidth-box fusion-builder-row-1 nonhundred-percent-fullwidth non-hundred-percent-height-scrolling\" style=\"--awb-border-radius-top-left:0px;--awb-border-radius-top-right:0px;--awb-border-radius-bottom-right:0px;--awb-border-radius-bottom-left:0px;--awb-flex-wrap:wrap;\" ><div class=\"fusion-builder-row fusion-row\"><div class=\"fusion-layout-column fusion_builder_column fusion-builder-column-0 fusion_builder_column_1_1 1_1 fusion-one-full fusion-column-first fusion-column-last\" style=\"--awb-bg-size:cover;\"><div class=\"fusion-column-wrapper fusion-flex-column-wrapper-legacy\"><div class=\"fusion-text fusion-text-1\"><p><img decoding=\"async\" class=\"alignnone size-full wp-image-17279\" src=\"https:\/\/portal.sma.gob.cl\/wp-content\/uploads\/2018\/12\/etica.jpg\" alt=\"\" width=\"1000\" height=\"357\" srcset=\"https:\/\/portal.sma.gob.cl\/wp-content\/uploads\/2018\/12\/etica-200x71.jpg 200w, https:\/\/portal.sma.gob.cl\/wp-content\/uploads\/2018\/12\/etica-300x107.jpg 300w, https:\/\/portal.sma.gob.cl\/wp-content\/uploads\/2018\/12\/etica-400x143.jpg 400w, https:\/\/portal.sma.gob.cl\/wp-content\/uploads\/2018\/12\/etica-600x214.jpg 600w, https:\/\/portal.sma.gob.cl\/wp-content\/uploads\/2018\/12\/etica-768x274.jpg 768w, https:\/\/portal.sma.gob.cl\/wp-content\/uploads\/2018\/12\/etica-800x286.jpg 800w, https:\/\/portal.sma.gob.cl\/wp-content\/uploads\/2018\/12\/etica.jpg 1000w\" sizes=\"(max-width: 1000px) 100vw, 1000px\" \/><\/p>\n<p>La misi\u00f3n de la Superintendencia del Medio Ambiente (SMA) es proteger el medio ambiente y la salud de las personas, asegurando el cumplimiento de la normativa ambiental, convirtiendo a Chile en \u201cun pa\u00eds responsable con su medio ambiente\u201d.<\/p>\n<p>En este contexto, la SMA ha desarrollado un C\u00f3digo de \u00c9tica para nuestro actuar institucional respecto de los temas que nos preocupan y los valores que nos representan. En el caso de la SMA, el primer documento se aprob\u00f3 en 2016, y luego de cinco a\u00f1os, nos vimos en la necesidad de revisar y actualizar dicho documento.<\/p>\n<p>El actual c\u00f3digo plasma una gu\u00eda \u00e9tica para nuestro actuar institucional y los valores que nos representan. En palabras simples, es una herramienta que permite convenir los est\u00e1ndares \u00e9ticos y legales que caracterizan a una instituci\u00f3n, con el objetivo de propiciar una convivencia laboral fundada en valores compartidos.<\/p>\n<p>La Agenda para la Transparencia y Probidad en los negocios y la pol\u00edtica incluye la medida administrativa de redactar c\u00f3digos de \u00e9tica para los servicios p\u00fablicos teniendo como objetivo, fijar altos est\u00e1ndares de comportamiento para el desempe\u00f1o probo, transparente y virtuoso de la funci\u00f3n que desarrollan.<\/p>\n<p>En caso de consultas o dudas respecto del alcance o del contenido de nuestro Sistema de Integridad y C\u00f3digo de \u00c9tica, o bien desea reportar situaciones concretas que pudieran implicar una conducta o hecho inapropiado que involucre a uno o m\u00e1s de nuestros\/as funcionarios\/as en el ejercicio de sus funciones, le invitamos a canalizar estas consultas mediante el correo electr\u00f3nico <a href=\"mailto:comite.integridad@sma.gob.cl\">comite.integridad@sma.gob.cl<\/a><\/p>\n<\/div><div class=\"fusion-clearfix\"><\/div><\/div><\/div><div class=\"fusion-layout-column fusion_builder_column fusion-builder-column-1 fusion_builder_column_1_1 1_1 fusion-one-full fusion-column-first fusion-column-last\" style=\"--awb-padding-top:10px;--awb-padding-right:10px;--awb-padding-bottom:10px;--awb-padding-left:10px;--awb-overflow:hidden;--awb-bg-color:rgba(2,117,224,0.13);--awb-bg-color-hover:rgba(2,117,224,0.13);--awb-bg-size:cover;--awb-border-radius:5px 5px 5px 5px;\"><div class=\"fusion-column-wrapper fusion-column-has-shadow fusion-flex-column-wrapper-legacy\"><div class=\"fusion-text fusion-text-2\" style=\"--awb-text-transform:none;\"><p><strong>DOCUMENTOS PARA DESCARGA<\/strong><\/p>\n<ul>\n<li><a href=\"https:\/\/portal.sma.gob.cl\/index.php\/download\/codigo-de-etica-2021\/?wpdmdl=22740&amp;masterkey=6104297cae9fb\">C\u00f3digo de \u00c9tica SMA 2021<\/a><\/li>\n<li><a href=\"https:\/\/portal.sma.gob.cl\/index.php\/download\/res-ex-501-2021-establece-sistema-de-integridad-de-la-sma\/?wpdmdl=23072&amp;masterkey=61c1ed8c9d5b7\">Res. Ex. N\u00b0501-2021 &#8211; Establece Sistema de Integridad de la SMA<\/a><\/li>\n<li><a href=\"https:\/\/portal.sma.gob.cl\/index.php\/download\/res-ex-502-2021-nombra-persona-encargada-de-integridad-sma\/?wpdmdl=23074&amp;masterkey=61c1ede7e223a\">Res. Ex. N\u00b0502-2021 &#8211; Nombra Persona Encargada de Integridad SMA<\/a><\/li>\n<li><a href=\"https:\/\/portal.sma.gob.cl\/index.php\/download\/res-ex-503-2021-nombra-comite-de-integridad-sma\/?wpdmdl=23076&amp;masterkey=61c1ee46d76fc\">Res. Ex. N\u00b0503-2021 &#8211; Nombra Comite\u0301 de Integridad SMA<\/a><\/li>\n<\/ul>\n<\/div><div class=\"fusion-clearfix\"><\/div><\/div><\/div><div class=\"fusion-layout-column fusion_builder_column fusion-builder-column-2 fusion_builder_column_1_1 1_1 fusion-one-full fusion-column-first fusion-column-last\" style=\"--awb-padding-top:10px;--awb-padding-right:10px;--awb-padding-bottom:10px;--awb-padding-left:10px;--awb-overflow:hidden;--awb-bg-color:rgba(2,117,224,0.13);--awb-bg-color-hover:rgba(2,117,224,0.13);--awb-bg-size:cover;--awb-border-radius:5px 5px 5px 5px;\"><div class=\"fusion-column-wrapper fusion-column-has-shadow fusion-flex-column-wrapper-legacy\"><div class=\"fusion-text fusion-text-3\"><p><strong>DOCUMENTOS DE CONSULTA<\/strong><\/p>\n<ul>\n<li class=\"media-heading\" data-inline-fontsize=\"true\" data-inline-lineheight=\"true\" data-fontsize=\"16\" data-lineheight=\"23\"><a href=\"https:\/\/portal.sma.gob.cl\/index.php\/download\/oficio-ordinario-n-613-2018-servicio-civil-informa-prorroga-para-la-entrega-de-informe-sobre-proceso-de-implementacion-de-los-sistemas-de-integridad-2\/?wpdmdl=22743&amp;masterkey=61042a1c23e36\">Oficio Ordinario N\u00b0 613\/2018 (Servicio Civil), Informa pr\u00f3rroga para la entrega de informe sobre proceso de implementaci\u00f3n de los sistemas de integridad<\/a><\/li>\n<li data-inline-fontsize=\"true\" data-inline-lineheight=\"true\" data-fontsize=\"16\" data-lineheight=\"23\">\n<p class=\"media-heading\" data-inline-fontsize=\"true\" data-inline-lineheight=\"true\" data-fontsize=\"16\" data-lineheight=\"23\"><a href=\"https:\/\/portal.sma.gob.cl\/index.php\/download\/plan-de-difusion-del-codigo-de-etica-para-los-servicios-de-la-administracion-del-estado-servicio-civil-pnud-2\/?wpdmdl=22746&amp;masterkey=61042c1b87604\">Plan de Difusi\u00f3n del C\u00f3digo de \u00c9tica para los Servicios de la Administraci\u00f3n del Estado (Servicio Civil \u2013 PNUD)<\/a><\/p>\n<\/li>\n<li data-inline-fontsize=\"true\" data-inline-lineheight=\"true\" data-fontsize=\"16\" data-lineheight=\"23\">\n<p class=\"media-heading\" data-inline-fontsize=\"true\" data-inline-lineheight=\"true\" data-fontsize=\"16\" data-lineheight=\"23\"><a href=\"https:\/\/portal.sma.gob.cl\/index.php\/download\/marco-normativo-sobre-probidad-y-etica-publica-en-chile-direccion-nacional-del-servicio-civil\/?wpdmdl=22749&amp;masterkey=61042dd141b20\">Marco Normativo sobre Probidad y \u00c9tica P\u00fablica en Chile (Direcci\u00f3n Nacional del Servicio Civil)<\/a><\/p>\n<\/li>\n<\/ul>\n<\/div><div class=\"fusion-clearfix\"><\/div><\/div><\/div><div class=\"fusion-layout-column fusion_builder_column fusion-builder-column-3 fusion_builder_column_1_1 1_1 fusion-one-full fusion-column-first fusion-column-last\" style=\"--awb-padding-top:10px;--awb-padding-right:10px;--awb-padding-bottom:10px;--awb-padding-left:10px;--awb-overflow:hidden;--awb-bg-color:rgba(2,117,224,0.13);--awb-bg-color-hover:rgba(2,117,224,0.13);--awb-bg-size:cover;--awb-border-radius:5px 5px 5px 5px;\"><div class=\"fusion-column-wrapper fusion-column-has-shadow fusion-flex-column-wrapper-legacy\"><div class=\"fusion-text fusion-text-4\"><p><strong>DOCUMENTOS HIST\u00d3RICOS<\/strong><\/p>\n<ul>\n<li class=\"media-heading\" data-inline-fontsize=\"true\" data-inline-lineheight=\"true\" data-fontsize=\"16\" data-lineheight=\"23\"><a href=\"https:\/\/portal.sma.gob.cl\/index.php\/download\/codigo-de-etica-de-la-superintendencia-del-medio-ambiente\/?wpdmdl=17290&amp;refresh=6104309d3ae8f1627664541\">C\u00f3digo de \u00c9tica de la Superintendencia del Medio Ambiente, 2016<\/a><\/li>\n<li class=\"media-heading\" data-inline-fontsize=\"true\" data-inline-lineheight=\"true\" data-fontsize=\"16\" data-lineheight=\"23\"><a href=\"https:\/\/portal.sma.gob.cl\/index.php\/download\/icon-marco-normativo-sobre-probidad-y-etica-publica-en-chile-direccion-nacional-del-servicio-civil\/?wpdmdl=17289&amp;refresh=610430be475011627664574\">Marco Normativo sobre Probidad y \u00c9tica P\u00fablica en Chile (Direcci\u00f3n Nacional del Servicio Civil)<\/a><\/li>\n<li class=\"media-heading\" data-inline-fontsize=\"true\" data-inline-lineheight=\"true\" data-fontsize=\"16\" data-lineheight=\"23\"><a href=\"https:\/\/portal.sma.gob.cl\/index.php\/download\/oficio-ordinario-n-0335-2018-servicio-civil-pautas-de-implementacion-y-sistematizacion-de-los-sistemas-de-integridad-en-anexos-1-al-8\/?wpdmdl=17288&amp;refresh=610430be4856d1627664574\">Oficio Ordinario N\u00b0 0335\/2018 (Servicio Civil), Pautas de implementaci\u00f3n y sistematizaci\u00f3n de los sistemas de integridad en anexos 1 al 8<\/a><\/li>\n<li class=\"media-heading\" data-inline-fontsize=\"true\" data-inline-lineheight=\"true\" data-fontsize=\"16\" data-lineheight=\"23\"><a href=\"https:\/\/portal.sma.gob.cl\/index.php\/download\/oficio-ordinario-n-1316-2017-servicio-civil-informa-acciones-vinculadas-a-implementacion-del-sistema-de-integridad-en-cada-institucion-publica\/?wpdmdl=17286&amp;refresh=610430be496ef1627664574\">Oficio Ordinario N\u00b0 1316\/2017 (Servicio Civil), Informa Acciones Vinculadas a Implementaci\u00f3n del Sistema de Integridad en cada Instituci\u00f3n P\u00fablica<\/a><\/li>\n<li class=\"media-heading\" data-inline-fontsize=\"true\" data-inline-lineheight=\"true\" data-fontsize=\"16\" data-lineheight=\"23\"><a href=\"https:\/\/portal.sma.gob.cl\/index.php\/download\/plan-de-difusion-del-codigo-de-etica-para-los-servicios-de-la-administracion-del-estado-servicio-civil-pnud\/?wpdmdl=17285&amp;refresh=610430be4ad851627664574\">Plan de Difusi\u00f3n del C\u00f3digo de \u00c9tica para los Servicios de la Administraci\u00f3n del Estado (Servicio Civil \u2013 PNUD)<\/a><\/li>\n<li class=\"media-heading\" data-inline-fontsize=\"true\" data-inline-lineheight=\"true\" data-fontsize=\"16\" data-lineheight=\"23\"><a href=\"https:\/\/portal.sma.gob.cl\/index.php\/download\/presentacion-sobre-codigos-de-etica-para-el-sector-publico-servicio-civil-mayo-de-2016\/?wpdmdl=17283&amp;refresh=610430be4c15b1627664574\">Presentaci\u00f3n sobre C\u00f3digos de \u00c9tica para el Sector P\u00fablico, Servicio Civil, Mayo de 2016<\/a><\/li>\n<li class=\"media-heading\" data-inline-fontsize=\"true\" data-inline-lineheight=\"true\" data-fontsize=\"16\" data-lineheight=\"23\"><a href=\"https:\/\/portal.sma.gob.cl\/index.php\/download\/resolucion-exenta-n-2275-2016-sma-aprueba-codigo-de-etica\/?wpdmdl=17282&amp;refresh=610430be4d7f91627664574\">Resoluci\u00f3n Exenta N\u00b0 2275\/2016 (SMA), Aprueba C\u00f3digo de \u00c9tica<\/a><\/li>\n<li class=\"media-heading\" data-inline-fontsize=\"true\" data-inline-lineheight=\"true\" data-fontsize=\"16\" data-lineheight=\"23\"><a href=\"https:\/\/portal.sma.gob.cl\/index.php\/download\/oficio-ordinario-n-613-2018-servicio-civil-informa-prorroga-para-la-entrega-de-informe-sobre-proceso-de-implementacion-de-los-sistemas-de-integridad\/?wpdmdl=17281&amp;refresh=610430be4eefb1627664574\">Oficio Ordinario N\u00b0 613\/2018 (Servicio Civil), Informa pr\u00f3rroga para la entrega de informe sobre proceso de implementaci\u00f3n de los sistemas de integridad<\/a><\/li>\n<\/ul>\n<\/div><div class=\"fusion-clearfix\"><\/div><\/div><\/div><\/div><\/div>\n","protected":false},"excerpt":{"rendered":"","protected":false},"author":3,"featured_media":0,"parent":0,"menu_order":0,"comment_status":"closed","ping_status":"closed","template":"","meta":{"footnotes":""},"class_list":["post-17275","page","type-page","status-publish","hentry"],"_links":{"self":[{"href":"https:\/\/portal.sma.gob.cl\/index.php\/wp-json\/wp\/v2\/pages\/17275","targetHints":{"allow":["GET"]}}],"collection":[{"href":"https:\/\/portal.sma.gob.cl\/index.php\/wp-json\/wp\/v2\/pages"}],"about":[{"href":"https:\/\/portal.sma.gob.cl\/index.php\/wp-json\/wp\/v2\/types\/page"}],"author":[{"embeddable":true,"href":"https:\/\/portal.sma.gob.cl\/index.php\/wp-json\/wp\/v2\/users\/3"}],"replies":[{"embeddable":true,"href":"https:\/\/portal.sma.gob.cl\/index.php\/wp-json\/wp\/v2\/comments?post=17275"}],"version-history":[{"count":27,"href":"https:\/\/portal.sma.gob.cl\/index.php\/wp-json\/wp\/v2\/pages\/17275\/revisions"}],"predecessor-version":[{"id":23077,"href":"https:\/\/portal.sma.gob.cl\/index.php\/wp-json\/wp\/v2\/pages\/17275\/revisions\/23077"}],"wp:attachment":[{"href":"https:\/\/portal.sma.gob.cl\/index.php\/wp-json\/wp\/v2\/media?parent=17275"}],"curies":[{"name":"wp","href":"https:\/\/api.w.org\/{rel}","templated":true}]}}