{"id":20367,"date":"2020-04-17T09:35:32","date_gmt":"2020-04-17T13:35:32","guid":{"rendered":"https:\/\/portal.sma.gob.cl\/?page_id=20367"},"modified":"2024-08-22T11:23:26","modified_gmt":"2024-08-22T15:23:26","slug":"sistemas-de-reporte","status":"publish","type":"page","link":"https:\/\/portal.sma.gob.cl\/index.php\/portal-regulados\/sistemas-de-reporte\/","title":{"rendered":"Sistemas de Reporte"},"content":{"rendered":"<p><div class=\"fusion-fullwidth fullwidth-box fusion-builder-row-1 nonhundred-percent-fullwidth non-hundred-percent-height-scrolling\" style=\"--awb-border-radius-top-left:0px;--awb-border-radius-top-right:0px;--awb-border-radius-bottom-right:0px;--awb-border-radius-bottom-left:0px;--awb-flex-wrap:wrap;\" ><div class=\"fusion-builder-row fusion-row\"><div class=\"fusion-layout-column fusion_builder_column fusion-builder-column-0 fusion_builder_column_1_1 1_1 fusion-one-full fusion-column-first fusion-column-last\" style=\"--awb-bg-size:cover;\"><div class=\"fusion-column-wrapper fusion-flex-column-wrapper-legacy\"><div class=\"fusion-text fusion-text-1\"><p>En esta secci\u00f3n encontrar\u00e1 accesos e informaci\u00f3n asociada a los distintos sistemas de reporte electr\u00f3nico de la SMA, disponibles para la comunidad regulada por instrumentos de car\u00e1cter ambiental.<\/p>\n<\/div><div class=\"fusion-clearfix\"><\/div><\/div><\/div><\/div><\/div><div class=\"fusion-fullwidth fullwidth-box fusion-builder-row-2 nonhundred-percent-fullwidth non-hundred-percent-height-scrolling fusion-equal-height-columns\" style=\"--awb-border-radius-top-left:0px;--awb-border-radius-top-right:0px;--awb-border-radius-bottom-right:0px;--awb-border-radius-bottom-left:0px;--awb-flex-wrap:wrap;\" ><div class=\"fusion-builder-row fusion-row\"><div class=\"fusion-layout-column fusion_builder_column fusion-builder-column-1 fusion_builder_column_1_1 1_1 fusion-one-full fusion-column-first fusion-column-last\" style=\"--awb-bg-size:cover;\"><div class=\"fusion-column-wrapper fusion-column-has-shadow fusion-flex-column-wrapper-legacy\">\n<div class=\"table-2\">\n<table width=\"100%\">\n<thead>\n<tr>\n<th align=\"left\">Sigla<\/th>\n<th align=\"left\">Nombre<\/th>\n<th align=\"left\">Descripci\u00f3n<\/th>\n<th style=\"width: 150px;\" align=\"left\">Link<\/th>\n<\/tr>\n<\/thead>\n<tbody>\n<tr>\n<td>\n<h3><strong>SRCA<\/strong><\/h3>\n<\/td>\n<td align=\"left\">Sistema de Resoluciones de Calificaci\u00f3n Ambiental<\/td>\n<td align=\"left\">Sistema de reporte de datos requeridos para el registro p\u00fablico de Resoluciones de Calificaci\u00f3n Ambiental (RCA).<\/td>\n<td align=\"left\"><a href=\"https:\/\/srca.sma.gob.cl\/\" target=\"_blank\" rel=\"noopener noreferrer\"><i class=\"fas fa-external-link-square-alt\" style=\"font-size: 14px; margin-right: 9px;\"><\/i>Ir al sistema<\/a><\/td>\n<\/tr>\n<tr>\n<td>\n<h3><strong>SSA<\/strong><\/h3>\n<\/td>\n<td align=\"left\">Sistema de Seguimiento Ambiental<\/td>\n<td align=\"left\">Sistema de reporte de datos de seguimiento y\/o monitoreo de variables ambientales de acuerdo a lo establecido en Resoluciones de Calificaci\u00f3n Ambiental (RCA).<\/td>\n<td align=\"left\"><a href=\"https:\/\/ssa.sma.gob.cl\/\" target=\"_blank\" rel=\"noopener noreferrer\"><i class=\"fas fa-external-link-square-alt\" style=\"font-size: 14px; margin-right: 9px;\"><\/i>Ir al sistema<\/a><\/td>\n<\/tr>\n<tr>\n<td>\n<h3><strong>SICTER<\/strong><\/h3>\n<\/td>\n<td align=\"left\">Sistema de Informaci\u00f3n de Centrales Termoel\u00e9ctricas<\/td>\n<td align=\"left\">Sistema de reporte de datos para verificar cumplimiento de la norma de emisi\u00f3n de centrales termoel\u00e9ctricas (D.S. 13\/2011)<\/td>\n<td align=\"left\"><a href=\"https:\/\/sicter.sma.gob.cl\/\" target=\"_blank\" rel=\"noopener noreferrer\"><i class=\"fas fa-external-link-square-alt\" style=\"font-size: 14px; margin-right: 9px;\"><\/i>Ir al sistema<\/a><\/td>\n<\/tr>\n<tr>\n<td>\n<h3><strong>SPDC<\/strong><\/h3>\n<\/td>\n<td align=\"left\">Sistema de Programa de Cumplimiento<\/td>\n<td align=\"left\">Sistema de registro, gesti\u00f3n y seguimiento de compromisos establecidos en Programas de Cumplimiento.<\/td>\n<td align=\"left\"><a href=\"http:\/\/spdc.sma.gob.cl\/\" target=\"_blank\" rel=\"noopener noreferrer\"><i class=\"fas fa-external-link-square-alt\" style=\"font-size: 14px; margin-right: 9px;\"><\/i>Ir al sistema<\/a><\/td>\n<\/tr>\n<tr>\n<td>\n<h3><strong>SIV<\/strong><\/h3>\n<\/td>\n<td align=\"left\">Sistema de Impuesto Verde<\/td>\n<td align=\"left\">Sistema de reporte de datos para el c\u00e1lculo del impuesto establecido a fuentes fijas por emisiones.<\/td>\n<td align=\"left\"><a href=\"https:\/\/impuestosverdes.sma.gob.cl\/\" target=\"_blank\" rel=\"noopener noreferrer\"><i class=\"fas fa-external-link-square-alt\" style=\"font-size: 14px; margin-right: 9px;\"><\/i>Ir al sistema<\/a><\/td>\n<\/tr>\n<tr>\n<td>\n<h3><strong>SRILES<\/strong><\/h3>\n<\/td>\n<td align=\"left\">Sistema de Residuos Industriales L\u00edquidos<\/td>\n<td align=\"left\">Sistema de reporte de datos para verificar el cumplimiento de las normas de descarga de Residuos Industriales L\u00edquidos (D.S. 90\/2000, D.S. 46\/2002, D.S. 80\/2005).<\/td>\n<td align=\"left\"><a href=\"http:\/\/sfneril.sma.gob.cl\/\" target=\"_blank\" rel=\"noopener noreferrer\"><i class=\"fas fa-external-link-square-alt\" style=\"font-size: 14px; margin-right: 9px;\"><\/i>Ir al sistema<\/a><\/td>\n<\/tr>\n<tr>\n<td>\n<h3><strong>SIVEM<\/strong><\/h3>\n<\/td>\n<td align=\"left\">Sistema de Validaci\u00f3n de Equipos de Monitoreo<\/td>\n<td align=\"left\">Sistema de reporte de datos para validaci\u00f3n de los sistemas de monitoreo continuos de emisiones (CEMS) y sus modificaciones.<\/td>\n<td align=\"left\"><a href=\"https:\/\/sivem.sma.gob.cl\/\" target=\"_blank\" rel=\"noopener noreferrer\"><i class=\"fas fa-external-link-square-alt\" style=\"font-size: 14px; margin-right: 9px;\"><\/i>Ir al sistema<\/a><\/td>\n<\/tr>\n<tr>\n<td>\n<h3><strong>SISAT<\/strong><\/h3>\n<\/td>\n<td align=\"left\">Sistema de Seguimiento Atmosf\u00e9rico<\/td>\n<td align=\"left\">Sistema de reporte de datos para verificar el cumplimiento de compromisos establecidos en Planes de Prevenci\u00f3n y Descontaminaci\u00f3n Ambiental y en normas relacionadas con la calidad del aire.<a class=\"fusion-modal-text-link\" href=\"#\" data-toggle=\"modal\" data-target=\".normativa\"><br \/>\n<strong>Ver normativa aplicable<\/strong><\/a><\/td>\n<td align=\"left\"><a href=\"https:\/\/sisat.sma.gob.cl\/\" target=\"_blank\" rel=\"noopener noreferrer\"><i class=\"fas fa-external-link-square-alt\" style=\"font-size: 14px; margin-right: 9px;\"><\/i>Ir al sistema<\/a><\/td>\n<\/tr>\n<tr>\n<td align=\"left\">\n<h3><strong>SAR<\/strong><\/h3>\n<\/td>\n<td align=\"left\">Sistema de Administraci\u00f3n de Regulados<\/td>\n<td align=\"left\">Sistema de registro y administraci\u00f3n de representante legal, encargados y delegados de regulados con compromisos de reporte ante la SMA.<\/p>\n<p><strong><a href=\"https:\/\/portal.sma.gob.cl\/index.php\/portal-regulados\/instructivos-y-guias\/registro-de-titulares-y-clave-unica\/#preguntas-frecuentes\" target=\"_blank\" rel=\"noopener noreferrer\">Ver Preguntas Frecuentes<\/a><\/strong><\/td>\n<td align=\"left\"><a href=\"https:\/\/sar.sma.gob.cl\/\" target=\"_blank\" rel=\"noopener noreferrer\"><i class=\"fas fa-external-link-square-alt\" style=\"font-size: 14px; margin-right: 9px;\"><\/i>Ir al sistema<\/a><\/td>\n<\/tr>\n<\/tbody>\n<\/table>\n<\/div>\n<div class=\"fusion-clearfix\"><\/div><\/div><\/div><\/div><\/div><div class=\"fusion-fullwidth fullwidth-box fusion-builder-row-3 nonhundred-percent-fullwidth non-hundred-percent-height-scrolling fusion-equal-height-columns\" style=\"--awb-border-radius-top-left:0px;--awb-border-radius-top-right:0px;--awb-border-radius-bottom-right:0px;--awb-border-radius-bottom-left:0px;--awb-margin-top:10px;--awb-flex-wrap:wrap;\" ><div class=\"fusion-builder-row fusion-row\"><div class=\"fusion-layout-column fusion_builder_column fusion-builder-column-2 fusion_builder_column_1_1 1_1 fusion-one-full fusion-column-first fusion-column-last fusion-column-inner-bg-wrapper\" style=\"--awb-padding-top:20px;--awb-padding-right:10px;--awb-padding-bottom:10px;--awb-padding-left:10px;--awb-overflow:hidden;--awb-inner-bg-color:#f2f2f2;--awb-inner-bg-color-hover:#f2f2f2;--awb-inner-bg-size:cover;--awb-border-color:#ededed;--awb-border-top:1px;--awb-border-right:1px;--awb-border-bottom:1px;--awb-border-left:1px;--awb-border-style:solid;--awb-border-radius:5px 5px 5px 5px;--awb-inner-bg-border-radius:5px 5px 5px 5px;--awb-inner-bg-overflow:hidden;\"><span class=\"fusion-column-inner-bg hover-type-none\"><a class=\"fusion-column-anchor\" href=\"http:\/\/vu.mma.gob.cl\/index.php?c=home\" rel=\"noopener noreferrer\" target=\"_blank\"><span class=\"fusion-column-inner-bg-image\"><\/span><\/a><\/span><div class=\"fusion-column-wrapper fusion-column-has-shadow fusion-flex-column-wrapper-legacy\"><div class=\"fusion-text fusion-text-2\"><p><img decoding=\"async\" class=\"wp-image-15006 alignleft\" src=\"https:\/\/portal.sma.gob.cl\/wp-content\/uploads\/2018\/12\/Logo_vu_alargado-660x250.png\" alt=\"\" width=\"173\" height=\"92\" \/><span style=\"font-size: 14px;\">El reporte de datos asociados a normas de emisi\u00f3n, Ley REP y Planes de Descontaminaci\u00f3n, debe realizarse a trav\u00e9s de la <strong>Ventanilla \u00danica del RETC que administra el MMA<\/strong><\/span><\/p>\n<\/div><div class=\"fusion-clearfix\"><\/div><\/div><\/div><\/div><\/div><div class=\"fusion-fullwidth fullwidth-box fusion-builder-row-4 nonhundred-percent-fullwidth non-hundred-percent-height-scrolling fusion-equal-height-columns\" style=\"--awb-border-radius-top-left:0px;--awb-border-radius-top-right:0px;--awb-border-radius-bottom-right:0px;--awb-border-radius-bottom-left:0px;--awb-flex-wrap:wrap;\" ><div class=\"fusion-builder-row fusion-row\"><div class=\"fusion-layout-column fusion_builder_column fusion-builder-column-3 fusion_builder_column_1_1 1_1 fusion-one-full fusion-column-first fusion-column-last\" style=\"--awb-padding-top:20px;--awb-padding-right:10px;--awb-padding-bottom:10px;--awb-padding-left:10px;--awb-bg-size:cover;\"><div class=\"fusion-column-wrapper fusion-column-has-shadow fusion-flex-column-wrapper-legacy\"><div class=\"fusion-alert alert custom alert-custom fusion-alert-left awb-alert-native-link-color\" style=\"--awb-background-color:#e3f5fb;--awb-accent-color:#0156a0;--awb-border-top-left-radius:0px;--awb-border-top-right-radius:0px;--awb-border-bottom-left-radius:0px;--awb-border-bottom-right-radius:0px;\" role=\"alert\"><div class=\"fusion-alert-content-wrapper\"><span class=\"fusion-alert-content\"><span style=\"font-size: 14px;\">Se recuerda que la SMA, a trav\u00e9s del portal web del sistema de <strong>Entidades T\u00e9cnicas de Fiscalizaci\u00f3n Ambiental-ETFA,<\/strong> pone a disposici\u00f3n de los titulares, el Registro P\u00fablico con las autorizaciones y suspensiones de alcances mediante el link: <a href=\"https:\/\/entidadestecnicas.sma.gob.cl\/Sucursal\/RegistroPublico\" target=\"_blank\" rel=\"noopener noreferrer\">https:\/\/entidadestecnicas.sma.gob.cl\/Sucursal\/RegistroPublico<\/a><\/span><\/span><\/div><\/div><div class=\"fusion-clearfix\"><\/div><\/div><\/div><\/div><\/div><div class=\"fusion-fullwidth fullwidth-box fusion-builder-row-5 nonhundred-percent-fullwidth non-hundred-percent-height-scrolling fusion-equal-height-columns\" style=\"--awb-border-radius-top-left:0px;--awb-border-radius-top-right:0px;--awb-border-radius-bottom-right:0px;--awb-border-radius-bottom-left:0px;--awb-flex-wrap:wrap;\" ><div class=\"fusion-builder-row fusion-row\"><div class=\"fusion-layout-column fusion_builder_column fusion-builder-column-4 fusion_builder_column_1_1 1_1 fusion-one-full fusion-column-first fusion-column-last\" style=\"--awb-padding-top:20px;--awb-padding-right:10px;--awb-padding-bottom:10px;--awb-padding-left:10px;--awb-bg-size:cover;\"><div class=\"fusion-column-wrapper fusion-column-has-shadow fusion-flex-column-wrapper-legacy\"><div class=\"fusion-modal modal fade modal-1 normativa\" tabindex=\"-1\" role=\"dialog\" aria-labelledby=\"modal-heading-1\" aria-hidden=\"true\" style=\"--awb-border-color:#ebebeb;--awb-background:#f6f6f6;\"><div class=\"modal-dialog modal-lg\" role=\"document\"><div class=\"modal-content fusion-modal-content\"><div class=\"modal-header\"><button class=\"close\" type=\"button\" data-dismiss=\"modal\" aria-hidden=\"true\" aria-label=\"Close\">&times;<\/button><h3 class=\"modal-title\" id=\"modal-heading-1\" data-dismiss=\"modal\" aria-hidden=\"true\">ICAs disponibles para reporte gen\u00e9rico SISAT (al 8 de Julio 2020)<\/h3><\/div><div class=\"modal-body fusion-clearfix\">\n<table class=\"table-1\">\n<tbody>\n<tr>\n<td><strong>#<\/strong><\/td>\n<td width=\"487\"><strong>Nombre<\/strong><\/td>\n<td width=\"680\"><strong>Descripci\u00f3n<\/strong><\/td>\n<\/tr>\n<tr>\n<td>1<\/td>\n<td width=\"487\">D.S N\u00b0 70\/2010 MINSEGPRES PDA Tocopilla<\/td>\n<td width=\"680\">Plan de descontaminaci\u00f3n atmosf\u00e9rica de Tocopilla y su zona circundante.<\/td>\n<\/tr>\n<tr>\n<td>2<\/td>\n<td width=\"487\">D.S. N\u00b0 206\/2000 MINSEGPRES PDA Fundici\u00f3n Chuquicamata<\/td>\n<td width=\"680\">Plan de descontaminaci\u00f3n atmosf\u00e9rica para la zona circundante a la Fundici\u00f3n Chuquicamata de la Divisi\u00f3n Chuquicamata de Codelco Chile.<\/td>\n<\/tr>\n<tr>\n<td>3<\/td>\n<td width=\"487\">D.S. N\u00b0164\/1998 MINSEGPRES PDA Mar\u00eda Elena y Pedro de Valdivia<\/td>\n<td width=\"680\">Plan de descontaminaci\u00f3n atmosf\u00e9rica para las localidades de Mar\u00eda Elena y Pedro de Valdivia.<\/td>\n<\/tr>\n<tr>\n<td>4<\/td>\n<td width=\"487\">D.S. N\u00b0 180\/1994 MINSEGPRES PDA Fundici\u00f3n Hern\u00e1n Videla<\/td>\n<td width=\"680\">Plan de descontaminaci\u00f3n de la Fundici\u00f3n Hern\u00e1n Videla Lira de ENAMI.<\/td>\n<\/tr>\n<tr>\n<td>5<\/td>\n<td width=\"487\">D.S. N\u00b0 179\/1998 MINSEGPRES PDA Fundici\u00f3n de Potrerillos Divisi\u00f3n Salvador<\/td>\n<td width=\"680\">Plan de descontaminaci\u00f3n atmosf\u00e9rica para la zona circundante a la Fundici\u00f3n de Potrerillos de la Divisi\u00f3n Salvador Codelco Chile.<\/td>\n<\/tr>\n<tr>\n<td>6<\/td>\n<td width=\"487\">D.S. N\u00b0 59\/2014 MMA PDA Andacollo y sectores aleda\u00f1os<\/td>\n<td width=\"680\">Plan de descontaminaci\u00f3n atmosf\u00e9rica para la localidad de Andacollo y sectores aleda\u00f1os.<\/td>\n<\/tr>\n<tr>\n<td>7<\/td>\n<td width=\"487\">D.S. N\u00b0105\/2018 MMA PPDA CQP<\/td>\n<td width=\"680\">Plan de prevenci\u00f3n y descontaminaci\u00f3n atmosf\u00e9rica para las comunas de Conc\u00f3n, Quintero y Puchuncav\u00ed<\/td>\n<\/tr>\n<tr>\n<td>8<\/td>\n<td width=\"487\">D.S. N\u00b015\/2013 MMA PDA para el Valle Central VI Regi\u00f3n<\/td>\n<td width=\"680\">Plan de descontaminaci\u00f3n atmosf\u00e9rica para el Valle Central de la Regi\u00f3n del Libertador General Bernardo O\u00b4Higgins.<\/td>\n<\/tr>\n<tr>\n<td>9<\/td>\n<td width=\"487\">D.S. N\u00b0 81\/1998 MINSEGPRES PDA Fundici\u00f3n Caletones Divisi\u00f3n El Teniente<\/td>\n<td width=\"680\">Plan de descontaminaci\u00f3n atmosf\u00e9rica para el \u00e1rea circundante a la Fundici\u00f3n de Caletones de la Divisi\u00f3n El Teniente de Codelco Chile.<\/td>\n<\/tr>\n<tr>\n<td>10<\/td>\n<td width=\"487\">D.S. N\u00b049\/2015 MMA PDA Talca y Maule<\/td>\n<td width=\"680\">Plan de descontaminaci\u00f3n atmosf\u00e9rica para las comunas de Talca y Maule.<\/td>\n<\/tr>\n<tr>\n<td>11<\/td>\n<td width=\"487\">D.S. N\u00b0 44\/2017 MMA PDA Curico<\/td>\n<td width=\"680\">Establece Plan de descontaminaci\u00f3n para el valle central de la provincia de Curic\u00f3<\/td>\n<\/tr>\n<tr>\n<td>12<\/td>\n<td width=\"487\">D.S. N\u00b04\/2017 MMA PDA Los \u00c1ngeles<\/td>\n<td width=\"680\">Establece Plan de descontaminaci\u00f3n atmosf\u00e9rica para la comuna de Los \u00c1ngeles<\/td>\n<\/tr>\n<tr>\n<td>13<\/td>\n<td width=\"487\">D.S. N\u00b06\/2018 MMA PPDA Concepci\u00f3n Metropolitano<\/td>\n<td width=\"680\">Plan de prevenci\u00f3n y descontaminaci\u00f3n atmosf\u00e9rica para las comunas de Concepci\u00f3n Metropolitano<\/td>\n<\/tr>\n<tr>\n<td>14<\/td>\n<td width=\"487\">D.S. N\u00b048\/2015 MMA PPDA Chill\u00e1n y Chill\u00e1n Viejo<\/td>\n<td width=\"680\">Plan de prevenci\u00f3n y descontaminaci\u00f3n atmosf\u00e9rica para las comunas de Chill\u00e1n y Chill\u00e1n Viejo.<\/td>\n<\/tr>\n<tr>\n<td>15<\/td>\n<td width=\"487\">D.S. N\u00b025\/2016 MMA PDA Valdivia<\/td>\n<td width=\"680\">Plan de descontaminaci\u00f3n atmof\u00e9rica para la comuna de Valdivia.<\/td>\n<\/tr>\n<tr>\n<td>16<\/td>\n<td width=\"487\">D.S. N\u00b047\/2015 MMA PDA Osorno<\/td>\n<td width=\"680\">Plan de descontaminaci\u00f3n atmosf\u00e9rica para la comuna de Osorno.<\/td>\n<\/tr>\n<tr>\n<td>17<\/td>\n<td width=\"487\">D.S. N\u00b08\/2015 MMA PDA Temuco y Padres Las Casas<\/td>\n<td width=\"680\">Establece Plan de Descontaminaci\u00f3n Atmosf\u00e9rica por MP2,5 para las comunas de Temuco y Padre Las Casas y de Actualizaci\u00f3n del Plan de Descontaminaci\u00f3n por MP10 para las mismas comunas<\/td>\n<\/tr>\n<tr>\n<td>18<\/td>\n<td width=\"487\">D.S. N\u00b007\/2018 MMA PDA Coyhaique<\/td>\n<td width=\"680\">Plan de descontaminaci\u00f3n atmosf\u00e9rica para la ciudad de Coyhaique y su zona circundante.<\/td>\n<\/tr>\n<tr>\n<td>19<\/td>\n<td width=\"487\">D.S. N\u00b028\/2013 MMA NE Fundiciones y emisoras de As<\/td>\n<td width=\"680\">Norma de emisi\u00f3n para fundiciones de cobre y fuentes emisoras de ars\u00e9nico.<\/td>\n<\/tr>\n<tr>\n<td>20<\/td>\n<td width=\"487\">D.S. N\u00b037\/2013 MMA NE Gases TRS<\/td>\n<td width=\"680\">Norma de emisi\u00f3n de compuestos TRS, generadores de olor, asociados a la fabricaci\u00f3n de pulpa kraft o al sulfato.<\/td>\n<\/tr>\n<tr>\n<td>21<\/td>\n<td width=\"487\">D.S. N\u00b029\/2013 MMA NE Incineraci\u00f3n, Coicineraci\u00f3n y Coprocesamiento<\/td>\n<td width=\"680\">Norma de emisi\u00f3n para incineraci\u00f3n, coincineraci\u00f3n y coprocesamiento.<\/td>\n<\/tr>\n<tr>\n<td>22<\/td>\n<td width=\"487\">D.S. N\u00b038\/2016 MMA PPA Huasco<\/td>\n<td width=\"680\">Establece plan de prevenci\u00f3n de contaminaci\u00f3n atmosf\u00e9rica para la localidad de Huasco y su zona circundante<\/td>\n<\/tr>\n<\/tbody>\n<\/table>\n<\/div><\/div><\/div><\/div><div class=\"fusion-clearfix\"><\/div><\/div><\/div><\/div><\/div><\/p>\n","protected":false},"excerpt":{"rendered":"","protected":false},"author":3,"featured_media":0,"parent":14586,"menu_order":0,"comment_status":"closed","ping_status":"closed","template":"","meta":{"footnotes":""},"class_list":["post-20367","page","type-page","status-publish","hentry"],"_links":{"self":[{"href":"https:\/\/portal.sma.gob.cl\/index.php\/wp-json\/wp\/v2\/pages\/20367","targetHints":{"allow":["GET"]}}],"collection":[{"href":"https:\/\/portal.sma.gob.cl\/index.php\/wp-json\/wp\/v2\/pages"}],"about":[{"href":"https:\/\/portal.sma.gob.cl\/index.php\/wp-json\/wp\/v2\/types\/page"}],"author":[{"embeddable":true,"href":"https:\/\/portal.sma.gob.cl\/index.php\/wp-json\/wp\/v2\/users\/3"}],"replies":[{"embeddable":true,"href":"https:\/\/portal.sma.gob.cl\/index.php\/wp-json\/wp\/v2\/comments?post=20367"}],"version-history":[{"count":53,"href":"https:\/\/portal.sma.gob.cl\/index.php\/wp-json\/wp\/v2\/pages\/20367\/revisions"}],"predecessor-version":[{"id":32889,"href":"https:\/\/portal.sma.gob.cl\/index.php\/wp-json\/wp\/v2\/pages\/20367\/revisions\/32889"}],"up":[{"embeddable":true,"href":"https:\/\/portal.sma.gob.cl\/index.php\/wp-json\/wp\/v2\/pages\/14586"}],"wp:attachment":[{"href":"https:\/\/portal.sma.gob.cl\/index.php\/wp-json\/wp\/v2\/media?parent=20367"}],"curies":[{"name":"wp","href":"https:\/\/api.w.org\/{rel}","templated":true}]}}