{"id":20741,"date":"2020-05-25T10:24:07","date_gmt":"2020-05-25T14:24:07","guid":{"rendered":"https:\/\/portal.sma.gob.cl\/?page_id=20741"},"modified":"2024-08-19T16:17:54","modified_gmt":"2024-08-19T20:17:54","slug":"catastro-comerciantes-de-lena","status":"publish","type":"page","link":"https:\/\/portal.sma.gob.cl\/index.php\/catastro-comerciantes-de-lena\/","title":{"rendered":"Catastro Comerciantes de Le\u00f1a"},"content":{"rendered":"<h1><strong><img decoding=\"async\" class=\"alignnone wp-image-20747 size-full\" src=\"https:\/\/portal.sma.gob.cl\/wp-content\/uploads\/2020\/05\/comerciantes.jpg\" alt=\"\" width=\"1500\" height=\"718\" srcset=\"https:\/\/portal.sma.gob.cl\/wp-content\/uploads\/2020\/05\/comerciantes-200x96.jpg 200w, https:\/\/portal.sma.gob.cl\/wp-content\/uploads\/2020\/05\/comerciantes-300x144.jpg 300w, https:\/\/portal.sma.gob.cl\/wp-content\/uploads\/2020\/05\/comerciantes-400x191.jpg 400w, https:\/\/portal.sma.gob.cl\/wp-content\/uploads\/2020\/05\/comerciantes-600x287.jpg 600w, https:\/\/portal.sma.gob.cl\/wp-content\/uploads\/2020\/05\/comerciantes-768x368.jpg 768w, https:\/\/portal.sma.gob.cl\/wp-content\/uploads\/2020\/05\/comerciantes-800x383.jpg 800w, https:\/\/portal.sma.gob.cl\/wp-content\/uploads\/2020\/05\/comerciantes-1024x490.jpg 1024w, https:\/\/portal.sma.gob.cl\/wp-content\/uploads\/2020\/05\/comerciantes-1200x574.jpg 1200w, https:\/\/portal.sma.gob.cl\/wp-content\/uploads\/2020\/05\/comerciantes.jpg 1500w\" sizes=\"(max-width: 1500px) 100vw, 1500px\" \/><\/strong><\/h1>\n<h1><strong>Catastro Comerciantes de Le\u00f1a<\/strong><div class=\"fusion-sep-clear\"><\/div><div class=\"fusion-separator fusion-full-width-sep fusion-clearfix\" style=\"float:left;margin-top:5px;margin-bottom:5px;width:100%;\"><div class=\"fusion-separator-border sep-single sep-solid\" style=\"--awb-height:20px;--awb-amount:20px;--awb-sep-color:#f98d67;border-color:#f98d67;border-top-width:3px;\"><\/div><\/div><div class=\"fusion-sep-clear\"><\/div><\/h1>\n<p>Los <strong>Planes de Prevenci\u00f3n y\/o de Descontaminaci\u00f3n<\/strong> contemplan una serie de medidas de control, cuya finalidad es recuperar los niveles establecidos en las Normas de Calidad ambiental que correspondan y con ello, resguardar la salud de la poblaci\u00f3n.<\/p>\n<p>Considerando que el uso de le\u00f1a h\u00fameda es el principal responsable de la contaminaci\u00f3n ambiental de las ciudades del centro-sur del pa\u00eds, una de las medidas m\u00e1s importantes de los Planes de Prevenci\u00f3n y\/o Descontaminaci\u00f3n Atmosf\u00e9rica son precisamente las prohibiciones y exigencias al comercio de la le\u00f1a.<\/p>\n<p><strong>Como primera etapa<\/strong> esta Superintendencia ha elaborado un<strong> Catastro Nacional de Comerciantes de le\u00f1a,<\/strong> que permitir\u00e1 registrar al n\u00famero de comerciantes de le\u00f1a existentes en cada regi\u00f3n y, a la vez, llevar a cabo la vigilancia y regulaci\u00f3n efectiva de fiscalizaci\u00f3n de la calidad de la le\u00f1a.<\/p>\n<p><strong>Como segunda etapa,<\/strong> a partir del mes de junio de 2020, se habilitar\u00e1 el proceso de reporte mensual de humedad de le\u00f1a, seg\u00fan lo instruido en la Resoluci\u00f3n N\u00b0 651\/2020 del catastro y reporte de le\u00f1a para los comerciantes afectos.<\/p>\n<p>La instrucci\u00f3n aplica a los sujetos regulados afectos a los siguientes Planes de Prevenci\u00f3n y\/o Descontaminaci\u00f3n: PPDA Regi\u00f3n Metropolitana, PDA Valle Central de O\u00b4Higgins, PDA Valle Central de Curic\u00f3, PDA de Talca y Maule, PPDA Chill\u00e1n y Chill\u00e1n Viejo, PPDA Concepci\u00f3n Metropolitano, PDA Los Angeles, PDA Temuco y Padre Las Casas, PDA Osorno, PDA Valdivia y PDA Coyhaique, donde la fiscalizaci\u00f3n y sanci\u00f3n de la medida corresponde a la Superintendencia del Medio Ambiente.<\/p>\n<p><i class=\"fas fa-external-link-alt\" style=\"margin-right: 7px;\"><\/i><strong><a href=\"http:\/\/acceso.sma.gob.cl\/\" target=\"_blank\" rel=\"noopener noreferrer\">Haga click aqu\u00ed para ingresar al M\u00f3dulo de Catastro de Comerciantes de Le\u00f1a del Sistema de Seguimiento Atmosf\u00e9rico (SISAT)<\/a><\/strong><\/p>\n<p><i class=\"fas fa-file-download\" style=\"margin-right: 7px;\"><\/i><strong><a href=\"https:\/\/portal.sma.gob.cl\/index.php\/download\/guia-creacion-usuario-modulo-len%cc%83a-sisat\/?wpdmdl=20772&amp;masterkey=5ecc41ae6a52f\" target=\"_blank\" rel=\"noopener noreferrer\">Haga click aqu\u00ed para descargar la gu\u00eda de creaci\u00f3n de usuario para el M\u00f3dulo de Catastro de Comerciantes de Le\u00f1a del Sistema de Seguimiento Atmosf\u00e9rico (SISAT)<\/a><\/strong><\/p>\n<p><i class=\"fas fa-file-download\" style=\"margin-right: 7px;\"><\/i><strong><a href=\"https:\/\/portal.sma.gob.cl\/index.php\/download\/guia-llenado-formulario-catastro-comerciantes-de-len%cc%83a\/?wpdmdl=20930&amp;masterkey=5ee3dc0197e40\" target=\"_blank\" rel=\"noopener noreferrer\">Haga click aqu\u00ed para descargar la gu\u00eda de llenado del formulario de Catastro de comerciantes de le\u00f1a<\/a><\/strong><\/p>\n","protected":false},"excerpt":{"rendered":"<p>Catastro Comerciantes de Le\u00f1a Los Planes de Prevenci\u00f3n y\/o de Descontaminaci\u00f3n contemplan una serie de medidas de control, cuya finalidad es recuperar los niveles establecidos en las Normas de Calidad ambiental que correspondan y con ello, resguardar la salud de la poblaci\u00f3n. Considerando que el uso de le\u00f1a h\u00fameda es el principal responsable de la contaminaci\u00f3n <a href=\"https:\/\/portal.sma.gob.cl\/index.php\/catastro-comerciantes-de-lena\/\">Leer m\u00e1s<\/a><\/p>\n","protected":false},"author":3,"featured_media":0,"parent":0,"menu_order":0,"comment_status":"closed","ping_status":"closed","template":"","meta":{"footnotes":""},"class_list":["post-20741","page","type-page","status-publish","hentry"],"_links":{"self":[{"href":"https:\/\/portal.sma.gob.cl\/index.php\/wp-json\/wp\/v2\/pages\/20741","targetHints":{"allow":["GET"]}}],"collection":[{"href":"https:\/\/portal.sma.gob.cl\/index.php\/wp-json\/wp\/v2\/pages"}],"about":[{"href":"https:\/\/portal.sma.gob.cl\/index.php\/wp-json\/wp\/v2\/types\/page"}],"author":[{"embeddable":true,"href":"https:\/\/portal.sma.gob.cl\/index.php\/wp-json\/wp\/v2\/users\/3"}],"replies":[{"embeddable":true,"href":"https:\/\/portal.sma.gob.cl\/index.php\/wp-json\/wp\/v2\/comments?post=20741"}],"version-history":[{"count":25,"href":"https:\/\/portal.sma.gob.cl\/index.php\/wp-json\/wp\/v2\/pages\/20741\/revisions"}],"predecessor-version":[{"id":32859,"href":"https:\/\/portal.sma.gob.cl\/index.php\/wp-json\/wp\/v2\/pages\/20741\/revisions\/32859"}],"wp:attachment":[{"href":"https:\/\/portal.sma.gob.cl\/index.php\/wp-json\/wp\/v2\/media?parent=20741"}],"curies":[{"name":"wp","href":"https:\/\/api.w.org\/{rel}","templated":true}]}}