{"id":21958,"date":"2020-12-17T16:05:36","date_gmt":"2020-12-17T19:05:36","guid":{"rendered":"https:\/\/portal.sma.gob.cl\/?page_id=21958"},"modified":"2024-10-29T15:49:19","modified_gmt":"2024-10-29T18:49:19","slug":"solicitar-la-dictacion-modificacion-o-revocacion-de-un-programa-de-monitoreo-ante-la-sma","status":"publish","type":"page","link":"https:\/\/portal.sma.gob.cl\/index.php\/portal-regulados\/instructivos-y-guias\/normas-de-emision\/solicitar-la-dictacion-modificacion-o-revocacion-de-un-programa-de-monitoreo-ante-la-sma\/","title":{"rendered":"Solicitar la dictaci\u00f3n, modificaci\u00f3n o revocaci\u00f3n de un Programa de Monitoreo ante la SMA"},"content":{"rendered":"<p><div class=\"fusion-fullwidth fullwidth-box fusion-builder-row-1 fusion-flex-container nonhundred-percent-fullwidth non-hundred-percent-height-scrolling\" style=\"--awb-border-radius-top-left:0px;--awb-border-radius-top-right:0px;--awb-border-radius-bottom-right:0px;--awb-border-radius-bottom-left:0px;--awb-flex-wrap:wrap;\" ><div class=\"fusion-builder-row fusion-row fusion-flex-align-items-flex-start fusion-flex-content-wrap\" style=\"max-width:1144px;margin-left: calc(-4% \/ 2 );margin-right: calc(-4% \/ 2 );\"><div class=\"fusion-layout-column fusion_builder_column fusion-builder-column-0 fusion_builder_column_1_1 1_1 fusion-flex-column\" style=\"--awb-bg-size:cover;--awb-width-large:100%;--awb-margin-top-large:0px;--awb-spacing-right-large:1.92%;--awb-margin-bottom-large:20px;--awb-spacing-left-large:1.92%;--awb-width-medium:100%;--awb-order-medium:0;--awb-spacing-right-medium:1.92%;--awb-spacing-left-medium:1.92%;--awb-width-small:100%;--awb-order-small:0;--awb-spacing-right-small:1.92%;--awb-spacing-left-small:1.92%;\"><div class=\"fusion-column-wrapper fusion-column-has-shadow fusion-flex-justify-content-flex-start fusion-content-layout-column\"><div class=\"fusion-text fusion-text-1\"><h1><strong>Solicitar la dictaci\u00f3n, modificaci\u00f3n o revocaci\u00f3n de un Programa de Monitoreo ante la SMA<\/strong><\/h1>\n<\/div><div class=\"fusion-text fusion-text-2\"><p style=\"text-align: left;\"><strong>En esta secci\u00f3n ponemos a su disposici\u00f3n los formularios para la aplicaci\u00f3n de las normas de emisi\u00f3n relativas a residuos l\u00edquidos, DS90\/2000 y DS46\/2002.<\/strong><\/p>\n<p style=\"text-align: justify;\">Estos formularios tienen por objeto guiar a los titulares de proyectos o Unidades Fiscalizables que generan y\/o descargan RILes a los diferentes cuerpos de agua normados -aguas continentales superficiales, aguas marinas, aguas subterr\u00e1neas, en cuanto a la informaci\u00f3n y a los antecedentes requeridos para solicitar la calificaci\u00f3n de una fuente para efectos del cumplimiento de la norma de emisi\u00f3n respectiva, o la modificaci\u00f3n\/revocaci\u00f3n de Programas de Monitoreo existentes, de acuerdo a las diversas instrucciones de esta Superintendencia.<\/p>\n<ul>\n<li style=\"text-align: justify;\">Si la solicitud est\u00e1 relacionada con el DS90\/2000, descarga de RILes a cuerpos de agua superficial, deber\u00e1 utilizar el <a href=\"https:\/\/portal.sma.gob.cl\/index.php\/download\/formulario-ds90\/?wpdmdl=22000&amp;masterkey=5fdcac86e1d4c\" target=\"_blank\" rel=\"noopener\"><strong>Formulario NE-DS90 (Descargar).<\/strong><\/a><\/li>\n<li style=\"text-align: justify;\">Si la solicitud est\u00e1 relacionada con el DS46\/2002, descarga de RILes mediante infiltraci\u00f3n, deber\u00e1 utilizar el <a href=\"https:\/\/portal.sma.gob.cl\/index.php\/download\/formulario-ds-46\/?wpdmdl=22001&amp;masterkey=5fdcaca000d9c\"><strong>Formulario NE-DS46 (Descargar).<\/strong><\/a><\/li>\n<\/ul>\n<\/div><div class=\"fusion-alert alert custom alert-custom fusion-alert-left awb-alert-native-link-color\" style=\"--awb-background-color:#fff0e2;--awb-accent-color:#c43f2b;--awb-border-size:0px;--awb-border-top-left-radius:0px;--awb-border-top-right-radius:0px;--awb-border-bottom-left-radius:0px;--awb-border-bottom-right-radius:0px;\" role=\"alert\"><div class=\"fusion-alert-content-wrapper\"><span class=\"alert-icon\"><i class=\"fa-info-circle fas\" aria-hidden=\"true\"><\/i><\/span><span class=\"fusion-alert-content\"><p>Importante: los formularios anteriores <strong>no aplican<\/strong> para:<\/p>\n<ul>\n<li>Disposici\u00f3n de RILes en Riego (NCh.1333\/1998)<\/li>\n<li>Descarga de RILes al Alcantarillado P\u00fablico (DS.609\/1998)<\/li>\n<\/ul><\/span><\/div><\/div><div class=\"fusion-text fusion-text-3\"><h3><strong>Pasos a seguir:<\/strong><\/h3>\n<\/div><\/div><\/div><\/div><\/div><div class=\"fusion-fullwidth fullwidth-box fusion-builder-row-2 fusion-flex-container nonhundred-percent-fullwidth non-hundred-percent-height-scrolling\" style=\"--awb-border-radius-top-left:0px;--awb-border-radius-top-right:0px;--awb-border-radius-bottom-right:0px;--awb-border-radius-bottom-left:0px;--awb-flex-wrap:wrap;\" ><div class=\"fusion-builder-row fusion-row fusion-flex-align-items-flex-start fusion-flex-content-wrap\" style=\"max-width:1144px;margin-left: calc(-4% \/ 2 );margin-right: calc(-4% \/ 2 );\"><div class=\"fusion-layout-column fusion_builder_column fusion-builder-column-1 fusion_builder_column_1_1 1_1 fusion-flex-column\" style=\"--awb-padding-top:20px;--awb-padding-right:30px;--awb-padding-bottom:20px;--awb-padding-left:30px;--awb-overflow:hidden;--awb-bg-color:rgba(113,129,140,0.1);--awb-bg-color-hover:rgba(113,129,140,0.1);--awb-bg-size:cover;--awb-border-radius:8px 8px 8px 8px;--awb-width-large:100%;--awb-margin-top-large:0px;--awb-spacing-right-large:1.92%;--awb-margin-bottom-large:20px;--awb-spacing-left-large:1.92%;--awb-width-medium:100%;--awb-order-medium:0;--awb-spacing-right-medium:1.92%;--awb-spacing-left-medium:1.92%;--awb-width-small:100%;--awb-order-small:0;--awb-spacing-right-small:1.92%;--awb-spacing-left-small:1.92%;\"><div class=\"fusion-column-wrapper fusion-column-has-shadow fusion-flex-justify-content-flex-start fusion-content-layout-column\"><div class=\"fusion-text fusion-text-4\"><h3><span style=\"color: #0263ad;\"><strong>1. Descargar los formularios<\/strong><\/span><\/h3>\n<p style=\"text-align: left;\">El archivo descargado contiene un total de 5 formularios, basados en el tipo de solicitud que Usted est\u00e9 realizando, a saber:<\/p>\n<ul style=\"text-align: justify;\">\n<li>Formulario Conductor (obligatorio)<\/li>\n<li>Aviso de Inicio de descarga<\/li>\n<li>Aviso de Regularizaci\u00f3n de fuentes<\/li>\n<li>Caracterizaci\u00f3n de RILes<\/li>\n<li>Modificaci\u00f3n de RPM<\/li>\n<\/ul>\n<p style=\"text-align: justify;\"><strong><u>SIEMPRE<\/u> debe remitirse el Formulario Conductor junto a los dem\u00e1s formularios correspondientes a la solicitud particular que Usted est\u00e9 realizando. <\/strong>As\u00ed mismo, el Formulario de Aviso de Regularizaci\u00f3n de fuentes debe acompa\u00f1arse con el Formulario de Caracterizaci\u00f3n de RILes.<\/p>\n<\/div><\/div><\/div><\/div><\/div><div class=\"fusion-fullwidth fullwidth-box fusion-builder-row-3 fusion-flex-container nonhundred-percent-fullwidth non-hundred-percent-height-scrolling\" style=\"--awb-border-radius-top-left:0px;--awb-border-radius-top-right:0px;--awb-border-radius-bottom-right:0px;--awb-border-radius-bottom-left:0px;--awb-flex-wrap:wrap;\" ><div class=\"fusion-builder-row fusion-row fusion-flex-align-items-flex-start fusion-flex-content-wrap\" style=\"max-width:1144px;margin-left: calc(-4% \/ 2 );margin-right: calc(-4% \/ 2 );\"><div class=\"fusion-layout-column fusion_builder_column fusion-builder-column-2 fusion_builder_column_1_1 1_1 fusion-flex-column\" style=\"--awb-padding-top:20px;--awb-padding-right:30px;--awb-padding-bottom:20px;--awb-padding-left:30px;--awb-overflow:hidden;--awb-bg-color:rgba(113,129,140,0.1);--awb-bg-color-hover:rgba(113,129,140,0.1);--awb-bg-size:cover;--awb-border-radius:8px 8px 8px 8px;--awb-width-large:100%;--awb-margin-top-large:0px;--awb-spacing-right-large:1.92%;--awb-margin-bottom-large:20px;--awb-spacing-left-large:1.92%;--awb-width-medium:100%;--awb-order-medium:0;--awb-spacing-right-medium:1.92%;--awb-spacing-left-medium:1.92%;--awb-width-small:100%;--awb-order-small:0;--awb-spacing-right-small:1.92%;--awb-spacing-left-small:1.92%;\"><div class=\"fusion-column-wrapper fusion-column-has-shadow fusion-flex-justify-content-flex-start fusion-content-layout-column\"><div class=\"fusion-text fusion-text-5\"><h3><span style=\"color: #0263ad;\"><strong>2. Llenar los formularios y adjuntar antecedentes<\/strong><\/span><\/h3>\n<p style=\"text-align: justify;\">Se aceptar\u00e1n formularios escritos en computador o manuscritos, pero siempre en formato digital. Es importante que cada uno de los formularios tenga la firma del Representante Legal de la empresa e incluya una direcci\u00f3n de correo electr\u00f3nico v\u00e1lida y una direcci\u00f3n postal para las notificaciones que la SMA realice.<\/p>\n<p style=\"text-align: justify;\"><strong>Junto con el Formulario Conductor se debe enviar lo siguiente:<\/strong><\/p>\n<ul>\n<li style=\"text-align: justify;\">Copia digital o legalizada del documento en que conste la personer\u00eda del representante legal<\/li>\n<li style=\"text-align: justify;\">Copia digital o legalizada de constituci\u00f3n de empresa o sociedad.<\/li>\n<li style=\"text-align: justify;\">Formularios relacionados a su solicitud y los documentos all\u00ed solicitados.<\/li>\n<li style=\"text-align: justify;\">Cualquier otro antecedente que estime pertinente tener en consideraci\u00f3n para la tramitaci\u00f3n de su solicitud.<\/li>\n<\/ul>\n<\/div><\/div><\/div><\/div><\/div><div class=\"fusion-fullwidth fullwidth-box fusion-builder-row-4 fusion-flex-container nonhundred-percent-fullwidth non-hundred-percent-height-scrolling\" style=\"--awb-border-radius-top-left:0px;--awb-border-radius-top-right:0px;--awb-border-radius-bottom-right:0px;--awb-border-radius-bottom-left:0px;--awb-flex-wrap:wrap;\" ><div class=\"fusion-builder-row fusion-row fusion-flex-align-items-flex-start fusion-flex-content-wrap\" style=\"max-width:1144px;margin-left: calc(-4% \/ 2 );margin-right: calc(-4% \/ 2 );\"><div class=\"fusion-layout-column fusion_builder_column fusion-builder-column-3 fusion_builder_column_1_1 1_1 fusion-flex-column\" style=\"--awb-padding-top:20px;--awb-padding-right:30px;--awb-padding-bottom:20px;--awb-padding-left:30px;--awb-overflow:hidden;--awb-bg-color:rgba(113,129,140,0.1);--awb-bg-color-hover:rgba(113,129,140,0.1);--awb-bg-size:cover;--awb-border-radius:8px 8px 8px 8px;--awb-width-large:100%;--awb-margin-top-large:0px;--awb-spacing-right-large:1.92%;--awb-margin-bottom-large:20px;--awb-spacing-left-large:1.92%;--awb-width-medium:100%;--awb-order-medium:0;--awb-spacing-right-medium:1.92%;--awb-spacing-left-medium:1.92%;--awb-width-small:100%;--awb-order-small:0;--awb-spacing-right-small:1.92%;--awb-spacing-left-small:1.92%;\"><div class=\"fusion-column-wrapper fusion-column-has-shadow fusion-flex-justify-content-flex-start fusion-content-layout-column\"><div class=\"fusion-text fusion-text-6\" style=\"--awb-text-transform:none;\"><h3><span style=\"color: #0263ad;\"><strong>3. Enviar el formulario y antecedentes a trav\u00e9s de la Oficina de Partes virtual de la SMA<\/strong><\/span><\/h3>\n<ol>\n<li style=\"text-align: justify;\">La informaci\u00f3n deber\u00e1 ser remitida a trav\u00e9s del <strong><a href=\"https:\/\/portal.sma.gob.cl\/index.php\/solicitud-riles\/\">siguiente formulario (clic aqu\u00ed)<\/a><\/strong><\/li>\n<li style=\"text-align: justify;\">Todo ingreso deber\u00e1 remitir los antecedentes en su formato original (kmz, .gpx, .shp, .xls, .doc, .jpg, entre otros) que permitan la visualizaci\u00f3n de im\u00e1genes y el manejo de datos, como en una copia en PDF (.pdf). En el caso de mapas, se requiere estos sean ploteados, y ser remitidos tambi\u00e9n en copia en PDF (.pdf);<\/li>\n<li style=\"text-align: justify;\">El archivo ingresado no deber\u00e1 tener un peso mayor a 10 megabytes;<\/li>\n<li style=\"text-align: justify;\">En caso que la informaci\u00f3n que deba remitir a este servicio conste en varios archivos, deber\u00e1 realizarlo mediante una plataforma de transferencia de archivos (<em>WeTransfer, GoogleDrive<\/em>, <em>Dropbox<\/em>, etc.), adjuntando el v\u00ednculo correspondiente. Para ello, deber\u00e1 indicar el nombre completo, tel\u00e9fono de contacto y correo electr\u00f3nico del encargado, con el objeto de poder contactarlo de inmediato en caso de existir alg\u00fan problema con la descarga de los documentos.<\/li>\n<\/ol>\n<\/div><\/div><\/div><\/div><\/div><div class=\"fusion-fullwidth fullwidth-box fusion-builder-row-5 fusion-flex-container nonhundred-percent-fullwidth non-hundred-percent-height-scrolling\" style=\"--awb-border-radius-top-left:0px;--awb-border-radius-top-right:0px;--awb-border-radius-bottom-right:0px;--awb-border-radius-bottom-left:0px;--awb-flex-wrap:wrap;\" ><div class=\"fusion-builder-row fusion-row fusion-flex-align-items-flex-start fusion-flex-content-wrap\" style=\"max-width:1144px;margin-left: calc(-4% \/ 2 );margin-right: calc(-4% \/ 2 );\"><div class=\"fusion-layout-column fusion_builder_column fusion-builder-column-4 fusion_builder_column_1_1 1_1 fusion-flex-column\" style=\"--awb-padding-top:20px;--awb-padding-right:30px;--awb-padding-bottom:20px;--awb-padding-left:30px;--awb-overflow:hidden;--awb-bg-color:rgba(113,129,140,0.1);--awb-bg-color-hover:rgba(113,129,140,0.1);--awb-bg-size:cover;--awb-border-radius:8px 8px 8px 8px;--awb-width-large:100%;--awb-margin-top-large:0px;--awb-spacing-right-large:1.92%;--awb-margin-bottom-large:20px;--awb-spacing-left-large:1.92%;--awb-width-medium:100%;--awb-order-medium:0;--awb-spacing-right-medium:1.92%;--awb-spacing-left-medium:1.92%;--awb-width-small:100%;--awb-order-small:0;--awb-spacing-right-small:1.92%;--awb-spacing-left-small:1.92%;\"><div class=\"fusion-column-wrapper fusion-column-has-shadow fusion-flex-justify-content-flex-start fusion-content-layout-column\"><div class=\"fusion-text fusion-text-7\"><h3><span style=\"color: #0263ad;\"><strong>4. Servicio gratuito<\/strong><\/span><\/h3>\n<p>La tramitaci\u00f3n de su solicitud no tiene ning\u00fan costo para Usted.<\/p>\n<\/div><\/div><\/div><\/div><\/div><div class=\"fusion-fullwidth fullwidth-box fusion-builder-row-6 fusion-flex-container nonhundred-percent-fullwidth non-hundred-percent-height-scrolling\" style=\"--awb-border-radius-top-left:0px;--awb-border-radius-top-right:0px;--awb-border-radius-bottom-right:0px;--awb-border-radius-bottom-left:0px;--awb-flex-wrap:wrap;\" ><div class=\"fusion-builder-row fusion-row fusion-flex-align-items-flex-start fusion-flex-content-wrap\" style=\"max-width:1144px;margin-left: calc(-4% \/ 2 );margin-right: calc(-4% \/ 2 );\"><div class=\"fusion-layout-column fusion_builder_column fusion-builder-column-5 fusion_builder_column_1_1 1_1 fusion-flex-column\" style=\"--awb-padding-top:20px;--awb-padding-right:30px;--awb-padding-bottom:20px;--awb-padding-left:30px;--awb-overflow:hidden;--awb-bg-color:rgba(113,129,140,0.1);--awb-bg-color-hover:rgba(113,129,140,0.1);--awb-bg-size:cover;--awb-border-radius:8px 8px 8px 8px;--awb-width-large:100%;--awb-margin-top-large:0px;--awb-spacing-right-large:1.92%;--awb-margin-bottom-large:20px;--awb-spacing-left-large:1.92%;--awb-width-medium:100%;--awb-order-medium:0;--awb-spacing-right-medium:1.92%;--awb-spacing-left-medium:1.92%;--awb-width-small:100%;--awb-order-small:0;--awb-spacing-right-small:1.92%;--awb-spacing-left-small:1.92%;\"><div class=\"fusion-column-wrapper fusion-column-has-shadow fusion-flex-justify-content-flex-start fusion-content-layout-column\"><div class=\"fusion-text fusion-text-8\"><h3><span style=\"color: #0263ad;\"><strong>5. Consultas respecto de la tramitaci\u00f3n de su solicitud<\/strong><\/span><\/h3>\n<p style=\"text-align: justify;\">Para consultas respecto del avance de la tramitaci\u00f3n de la solicitud enviada, puede ser canalizada a trav\u00e9s de la Oficina de Atenci\u00f3n Ciudadana de la SMA y del Formulario OAC\u00a0disponible en <span style=\"text-decoration: underline;\"><strong><a href=\"https:\/\/smagob.atlassian.net\/servicedesk\/customer\/portals\" target=\"_blank\" rel=\"noopener\">https:\/\/oac.sma.gob.cl<\/a><\/strong><\/span>, o al tel\u00e9fono 226171800 (9:00-13:00 hrs).<\/p>\n<\/div><\/div><\/div><\/div><\/div><\/p>\n","protected":false},"excerpt":{"rendered":"","protected":false},"author":3,"featured_media":0,"parent":12418,"menu_order":0,"comment_status":"closed","ping_status":"closed","template":"","meta":{"footnotes":""},"class_list":["post-21958","page","type-page","status-publish","hentry"],"_links":{"self":[{"href":"https:\/\/portal.sma.gob.cl\/index.php\/wp-json\/wp\/v2\/pages\/21958","targetHints":{"allow":["GET"]}}],"collection":[{"href":"https:\/\/portal.sma.gob.cl\/index.php\/wp-json\/wp\/v2\/pages"}],"about":[{"href":"https:\/\/portal.sma.gob.cl\/index.php\/wp-json\/wp\/v2\/types\/page"}],"author":[{"embeddable":true,"href":"https:\/\/portal.sma.gob.cl\/index.php\/wp-json\/wp\/v2\/users\/3"}],"replies":[{"embeddable":true,"href":"https:\/\/portal.sma.gob.cl\/index.php\/wp-json\/wp\/v2\/comments?post=21958"}],"version-history":[{"count":46,"href":"https:\/\/portal.sma.gob.cl\/index.php\/wp-json\/wp\/v2\/pages\/21958\/revisions"}],"predecessor-version":[{"id":33581,"href":"https:\/\/portal.sma.gob.cl\/index.php\/wp-json\/wp\/v2\/pages\/21958\/revisions\/33581"}],"up":[{"embeddable":true,"href":"https:\/\/portal.sma.gob.cl\/index.php\/wp-json\/wp\/v2\/pages\/12418"}],"wp:attachment":[{"href":"https:\/\/portal.sma.gob.cl\/index.php\/wp-json\/wp\/v2\/media?parent=21958"}],"curies":[{"name":"wp","href":"https:\/\/api.w.org\/{rel}","templated":true}]}}