{"id":22090,"date":"2020-12-29T11:44:36","date_gmt":"2020-12-29T14:44:36","guid":{"rendered":"https:\/\/portal.sma.gob.cl\/?page_id=22090"},"modified":"2023-10-13T14:41:11","modified_gmt":"2023-10-13T17:41:11","slug":"denuncia","status":"publish","type":"page","link":"https:\/\/portal.sma.gob.cl\/index.php\/portal-ciudadano\/denuncia\/","title":{"rendered":"Denuncia"},"content":{"rendered":"<p><div class=\"fusion-fullwidth fullwidth-box fusion-builder-row-1 nonhundred-percent-fullwidth non-hundred-percent-height-scrolling\" style=\"--awb-border-radius-top-left:0px;--awb-border-radius-top-right:0px;--awb-border-radius-bottom-right:0px;--awb-border-radius-bottom-left:0px;--awb-flex-wrap:wrap;\" ><div class=\"fusion-builder-row fusion-row\"><div class=\"fusion-layout-column fusion_builder_column fusion-builder-column-0 fusion_builder_column_1_1 1_1 fusion-one-full fusion-column-first fusion-column-last\" style=\"--awb-bg-size:cover;\"><div class=\"fusion-column-wrapper fusion-flex-column-wrapper-legacy\"><div class=\"fusion-image-element in-legacy-container\" style=\"--awb-margin-bottom:20px;--awb-caption-title-font-family:var(--h2_typography-font-family);--awb-caption-title-font-weight:var(--h2_typography-font-weight);--awb-caption-title-font-style:var(--h2_typography-font-style);--awb-caption-title-size:var(--h2_typography-font-size);--awb-caption-title-transform:var(--h2_typography-text-transform);--awb-caption-title-line-height:var(--h2_typography-line-height);--awb-caption-title-letter-spacing:var(--h2_typography-letter-spacing);\"><span class=\" fusion-imageframe imageframe-none imageframe-1 hover-type-none fusion-animated\" data-animationType=\"fadeInLeft\" data-animationDuration=\"0.3\" data-animationOffset=\"top-into-view\"><img decoding=\"async\" width=\"1000\" height=\"657\" title=\"denuncia_online\" src=\"https:\/\/portal.sma.gob.cl\/wp-content\/uploads\/2020\/12\/denuncia_online.jpg\" alt class=\"img-responsive wp-image-22096\" srcset=\"https:\/\/portal.sma.gob.cl\/wp-content\/uploads\/2020\/12\/denuncia_online-200x131.jpg 200w, https:\/\/portal.sma.gob.cl\/wp-content\/uploads\/2020\/12\/denuncia_online-400x263.jpg 400w, https:\/\/portal.sma.gob.cl\/wp-content\/uploads\/2020\/12\/denuncia_online-600x394.jpg 600w, https:\/\/portal.sma.gob.cl\/wp-content\/uploads\/2020\/12\/denuncia_online-800x526.jpg 800w, https:\/\/portal.sma.gob.cl\/wp-content\/uploads\/2020\/12\/denuncia_online.jpg 1000w\" sizes=\"(max-width: 800px) 100vw, 1000px\" \/><\/span><\/div><div class=\"fusion-text fusion-text-1\"><h1><strong>\u00bfC\u00f3mo realizar una denuncia ante la Superintendencia del Medio Ambiente?<\/strong><\/h1>\n<p>La SMA ofrece a la comunidad un medio para canalizar denuncias sobre hechos que puedan ser constitutivos de infracciones de su competencia.<\/p>\n<\/div><div class=\"fusion-sep-clear\"><\/div><div class=\"fusion-separator fusion-full-width-sep fusion-clearfix\" style=\"float:left;margin-top:10px;margin-bottom:10px;width:100%;\"><\/div><div class=\"fusion-sep-clear\"><\/div><div class=\"fusion-text fusion-text-2\"><h2><strong>Portal Ciudadano de Denuncias<\/strong><\/h2>\n<\/div><div class=\"fusion-sep-clear\"><\/div><div class=\"fusion-separator fusion-clearfix\" style=\"float:left;margin-bottom:10px;width:100%;max-width:50%;\"><div class=\"fusion-separator-border sep-single sep-solid\" style=\"--awb-height:20px;--awb-amount:20px;--awb-sep-color:#ff5c5b;border-color:#ff5c5b;border-top-width:3px;\"><\/div><\/div><div class=\"fusion-sep-clear\"><\/div><div class=\"fusion-text fusion-text-3\"><p>Para realizar la denuncia por este medio, debe contar con su <strong>Clave \u00danica.<\/strong> Si no la tiene, ingrese a <a href=\"https:\/\/claveunica.gob.cl\" target=\"_blank\" rel=\"noopener\">www.claveunica.gob.cl.<\/a><\/p>\n<p><strong>Pasos para realizar la denuncia digital:<\/strong><\/p>\n<\/div><div class=\"fusion-clearfix\"><\/div><\/div><\/div><\/div><\/div><div class=\"fusion-fullwidth fullwidth-box fusion-builder-row-2 fusion-flex-container nonhundred-percent-fullwidth non-hundred-percent-height-scrolling\" style=\"--awb-border-radius-top-left:0px;--awb-border-radius-top-right:0px;--awb-border-radius-bottom-right:0px;--awb-border-radius-bottom-left:0px;--awb-flex-wrap:wrap;\" ><div class=\"fusion-builder-row fusion-row fusion-flex-align-items-flex-start fusion-flex-content-wrap\" style=\"max-width:1144px;margin-left: calc(-4% \/ 2 );margin-right: calc(-4% \/ 2 );\"><div class=\"fusion-layout-column fusion_builder_column fusion-builder-column-1 fusion_builder_column_1_4 1_4 fusion-flex-column\" style=\"--awb-bg-size:cover;--awb-width-large:25%;--awb-margin-top-large:0px;--awb-spacing-right-large:7.68%;--awb-margin-bottom-large:20px;--awb-spacing-left-large:7.68%;--awb-width-medium:100%;--awb-order-medium:0;--awb-spacing-right-medium:1.92%;--awb-spacing-left-medium:1.92%;--awb-width-small:100%;--awb-order-small:0;--awb-spacing-right-small:1.92%;--awb-spacing-left-small:1.92%;\"><div class=\"fusion-column-wrapper fusion-column-has-shadow fusion-flex-justify-content-flex-start fusion-content-layout-column\"><div class=\"fusion-text fusion-text-4\"><p><img decoding=\"async\" class=\"wp-image-22115 aligncenter\" src=\"https:\/\/portal.sma.gob.cl\/wp-content\/uploads\/2020\/12\/paso1.png\" alt=\"\" width=\"151\" height=\"128\" \/><\/p>\n<p style=\"text-align: center;\">Ingrese a <a href=\"https:\/\/denuncia.sma.gob.cl\" target=\"_blank\" rel=\"noopener\"><strong>denuncia.sma.gob.cl<\/strong><\/a><\/p>\n<\/div><\/div><\/div><div class=\"fusion-layout-column fusion_builder_column fusion-builder-column-2 fusion_builder_column_1_4 1_4 fusion-flex-column\" style=\"--awb-bg-size:cover;--awb-width-large:25%;--awb-margin-top-large:0px;--awb-spacing-right-large:7.68%;--awb-margin-bottom-large:20px;--awb-spacing-left-large:7.68%;--awb-width-medium:100%;--awb-order-medium:0;--awb-spacing-right-medium:1.92%;--awb-spacing-left-medium:1.92%;--awb-width-small:100%;--awb-order-small:0;--awb-spacing-right-small:1.92%;--awb-spacing-left-small:1.92%;\"><div class=\"fusion-column-wrapper fusion-column-has-shadow fusion-flex-justify-content-flex-start fusion-content-layout-column\"><div class=\"fusion-text fusion-text-5\"><p><img decoding=\"async\" class=\"wp-image-22115 aligncenter\" src=\"https:\/\/portal.sma.gob.cl\/wp-content\/uploads\/2020\/12\/paso2.png\" alt=\"\" width=\"151\" height=\"128\" \/><\/p>\n<p style=\"text-align: center;\">Complete el formulario siguiendo todos los pasos.<\/p>\n<\/div><\/div><\/div><div class=\"fusion-layout-column fusion_builder_column fusion-builder-column-3 fusion_builder_column_1_4 1_4 fusion-flex-column\" style=\"--awb-bg-size:cover;--awb-width-large:25%;--awb-margin-top-large:0px;--awb-spacing-right-large:7.68%;--awb-margin-bottom-large:20px;--awb-spacing-left-large:7.68%;--awb-width-medium:100%;--awb-order-medium:0;--awb-spacing-right-medium:1.92%;--awb-spacing-left-medium:1.92%;--awb-width-small:100%;--awb-order-small:0;--awb-spacing-right-small:1.92%;--awb-spacing-left-small:1.92%;\"><div class=\"fusion-column-wrapper fusion-column-has-shadow fusion-flex-justify-content-flex-start fusion-content-layout-column\"><div class=\"fusion-text fusion-text-6\"><p><img decoding=\"async\" class=\"wp-image-22115 aligncenter\" src=\"https:\/\/portal.sma.gob.cl\/wp-content\/uploads\/2020\/12\/paso3.png\" alt=\"\" width=\"151\" height=\"128\" \/><\/p>\n<p style=\"text-align: center;\">Luego de realizada la denuncia, recibir\u00e1 un comprobante a su correo electr\u00f3nico.<\/p>\n<\/div><\/div><\/div><div class=\"fusion-layout-column fusion_builder_column fusion-builder-column-4 fusion_builder_column_1_4 1_4 fusion-flex-column\" style=\"--awb-bg-size:cover;--awb-width-large:25%;--awb-margin-top-large:0px;--awb-spacing-right-large:7.68%;--awb-margin-bottom-large:20px;--awb-spacing-left-large:7.68%;--awb-width-medium:100%;--awb-order-medium:0;--awb-spacing-right-medium:1.92%;--awb-spacing-left-medium:1.92%;--awb-width-small:100%;--awb-order-small:0;--awb-spacing-right-small:1.92%;--awb-spacing-left-small:1.92%;\"><div class=\"fusion-column-wrapper fusion-column-has-shadow fusion-flex-justify-content-flex-start fusion-content-layout-column\"><div class=\"fusion-text fusion-text-7\"><p><img decoding=\"async\" class=\"wp-image-22115 aligncenter\" src=\"https:\/\/portal.sma.gob.cl\/wp-content\/uploads\/2020\/12\/paso4.png\" alt=\"\" width=\"151\" height=\"128\" \/><\/p>\n<p style=\"text-align: center;\">La SMA analizar\u00e1 lo enviado y responder\u00e1 seg\u00fan los plazos establecidos.<\/p>\n<\/div><\/div><\/div><div class=\"fusion-layout-column fusion_builder_column fusion-builder-column-5 fusion_builder_column_1_1 1_1 fusion-flex-column\" style=\"--awb-bg-size:cover;--awb-width-large:100%;--awb-margin-top-large:0px;--awb-spacing-right-large:1.92%;--awb-margin-bottom-large:20px;--awb-spacing-left-large:1.92%;--awb-width-medium:100%;--awb-order-medium:0;--awb-spacing-right-medium:1.92%;--awb-spacing-left-medium:1.92%;--awb-width-small:100%;--awb-order-small:0;--awb-spacing-right-small:1.92%;--awb-spacing-left-small:1.92%;\"><div class=\"fusion-column-wrapper fusion-column-has-shadow fusion-flex-justify-content-flex-start fusion-content-layout-column\"><div class=\"fusion-text fusion-text-8\"><p><strong>Servicio Gratuito:<\/strong> La tramitaci\u00f3n de su denuncia no tiene ning\u00fan costo para usted.<\/p>\n<\/div><\/div><\/div><div class=\"fusion-layout-column fusion_builder_column fusion-builder-column-6 fusion_builder_column_1_1 1_1 fusion-flex-column\" style=\"--awb-padding-top:20px;--awb-padding-right:20px;--awb-padding-bottom:20px;--awb-padding-left:20px;--awb-overflow:hidden;--awb-bg-color:rgba(186,226,244,0.38);--awb-bg-color-hover:rgba(186,226,244,0.38);--awb-bg-size:cover;--awb-border-radius:5px 5px 5px 5px;--awb-width-large:100%;--awb-margin-top-large:0px;--awb-spacing-right-large:1.92%;--awb-margin-bottom-large:20px;--awb-spacing-left-large:1.92%;--awb-width-medium:100%;--awb-order-medium:0;--awb-spacing-right-medium:1.92%;--awb-spacing-left-medium:1.92%;--awb-width-small:100%;--awb-order-small:0;--awb-spacing-right-small:1.92%;--awb-spacing-left-small:1.92%;\"><div class=\"fusion-column-wrapper fusion-column-has-shadow fusion-flex-justify-content-flex-start fusion-content-layout-column\"><div class=\"fusion-text fusion-text-9\"><p style=\"text-align: justify;\">Ante la imposibilidad de ingresar su denuncia a trav\u00e9s del Portal Ciudadano de Denuncias puede imprimir el siguiente formulario, completarlo con l\u00e1piz azul, firmarlo y entregarlo f\u00edsicamente en una de las oficinas regionales de la SMA.<\/p>\n<ul>\n<li><span style=\"text-decoration: underline;\"><a href=\"https:\/\/portal.sma.gob.cl\/index.php\/download\/formulario-de-denuncias-ambientales-2023\/?wpdmdl=28085&amp;masterkey=ykmE96oDsgNpjDpKJQqSJ1BT-Dw2Mmc4RidIEzVXGaQjwBongGOibSNRAL6d_mM0Gl__hLMlTSrgK9jTRsV5HqYtWYKxOhl68iKA-ZfrU_8\">Formulario de denuncias ambientales<\/a><\/span><\/li>\n<li><span style=\"text-decoration: underline;\"><a href=\"https:\/\/portal.sma.gob.cl\/index.php\/download\/formulario-de-denuncias-de-ruido-2023\/?wpdmdl=28086&amp;masterkey=tT-m_ntiUg20CmYGei96PLxA6bKYnpfDWKSbsV3F9YPlVSnFCHpWBvsNMwzGSgEZgmQaw0IQgBHBrHnNy8wP4iYLDa9STZOUfn_1lXV3m_E\">Formulario de denuncias de ruido<\/a><\/span><\/li>\n<\/ul>\n<\/div><\/div><\/div><\/div><\/div><\/p>\n","protected":false},"excerpt":{"rendered":"","protected":false},"author":3,"featured_media":0,"parent":14376,"menu_order":0,"comment_status":"closed","ping_status":"closed","template":"","meta":{"footnotes":""},"class_list":["post-22090","page","type-page","status-publish","hentry"],"_links":{"self":[{"href":"https:\/\/portal.sma.gob.cl\/index.php\/wp-json\/wp\/v2\/pages\/22090","targetHints":{"allow":["GET"]}}],"collection":[{"href":"https:\/\/portal.sma.gob.cl\/index.php\/wp-json\/wp\/v2\/pages"}],"about":[{"href":"https:\/\/portal.sma.gob.cl\/index.php\/wp-json\/wp\/v2\/types\/page"}],"author":[{"embeddable":true,"href":"https:\/\/portal.sma.gob.cl\/index.php\/wp-json\/wp\/v2\/users\/3"}],"replies":[{"embeddable":true,"href":"https:\/\/portal.sma.gob.cl\/index.php\/wp-json\/wp\/v2\/comments?post=22090"}],"version-history":[{"count":36,"href":"https:\/\/portal.sma.gob.cl\/index.php\/wp-json\/wp\/v2\/pages\/22090\/revisions"}],"predecessor-version":[{"id":28281,"href":"https:\/\/portal.sma.gob.cl\/index.php\/wp-json\/wp\/v2\/pages\/22090\/revisions\/28281"}],"up":[{"embeddable":true,"href":"https:\/\/portal.sma.gob.cl\/index.php\/wp-json\/wp\/v2\/pages\/14376"}],"wp:attachment":[{"href":"https:\/\/portal.sma.gob.cl\/index.php\/wp-json\/wp\/v2\/media?parent=22090"}],"curies":[{"name":"wp","href":"https:\/\/api.w.org\/{rel}","templated":true}]}}