{"id":23013,"date":"2021-12-03T10:52:32","date_gmt":"2021-12-03T13:52:32","guid":{"rendered":"https:\/\/portal.sma.gob.cl\/?page_id=23013"},"modified":"2021-12-09T10:23:06","modified_gmt":"2021-12-09T13:23:06","slug":"solicitud-de-reunion-de-asistencia","status":"publish","type":"page","link":"https:\/\/portal.sma.gob.cl\/index.php\/registro-de-tramites\/solicitud-de-reunion-de-asistencia\/","title":{"rendered":"Solicitud de reuni\u00f3n de asistencia"},"content":{"rendered":"<h2 style=\"text-align: justify;\"><strong>Solicitudes de reuniones de asistencia al cumplimiento en el marco de procedimientos sancionatorios de la SMA<\/strong><\/h2>\n<p style=\"text-align: justify;\">En el contexto de procedimientos sancionatorios los titulares pueden solicitar reuniones de asistencia al cumplimiento para efectos de presentar un programa de cumplimiento.<\/p>\n<p style=\"text-align: justify;\">Para realizar la solicitud, esta se debe enviar a trav\u00e9s del correo electr\u00f3nico <strong><a href=\"mailto:oficinadepartes@sma.gob.cl\">oficinadepartes@sma.gob.cl<\/a><\/strong> (incorporando como asunto de correo &#8220;Solicitud reuni\u00f3n de asistencia al cumplimiento procedimiento rol [indicar rol] &#8220;). En dicha solicitud se deber\u00e1 adjuntar el formulario correspondiente disponible en nuestra p\u00e1gina web.<\/p>\n","protected":false},"excerpt":{"rendered":"<p>Solicitudes de reuniones de asistencia al cumplimiento en el marco de procedimientos sancionatorios de la SMA En el contexto de procedimientos sancionatorios los titulares pueden solicitar reuniones de asistencia al cumplimiento para efectos de presentar un programa de cumplimiento. Para realizar la solicitud, esta se debe enviar a trav\u00e9s del correo electr\u00f3nico oficinadepartes@sma.gob.cl (incorporando como asunto <a href=\"https:\/\/portal.sma.gob.cl\/index.php\/registro-de-tramites\/solicitud-de-reunion-de-asistencia\/\">Leer m\u00e1s<\/a><\/p>\n","protected":false},"author":3,"featured_media":20208,"parent":21642,"menu_order":0,"comment_status":"closed","ping_status":"closed","template":"","meta":{"footnotes":""},"class_list":["post-23013","page","type-page","status-publish","has-post-thumbnail","hentry"],"_links":{"self":[{"href":"https:\/\/portal.sma.gob.cl\/index.php\/wp-json\/wp\/v2\/pages\/23013","targetHints":{"allow":["GET"]}}],"collection":[{"href":"https:\/\/portal.sma.gob.cl\/index.php\/wp-json\/wp\/v2\/pages"}],"about":[{"href":"https:\/\/portal.sma.gob.cl\/index.php\/wp-json\/wp\/v2\/types\/page"}],"author":[{"embeddable":true,"href":"https:\/\/portal.sma.gob.cl\/index.php\/wp-json\/wp\/v2\/users\/3"}],"replies":[{"embeddable":true,"href":"https:\/\/portal.sma.gob.cl\/index.php\/wp-json\/wp\/v2\/comments?post=23013"}],"version-history":[{"count":7,"href":"https:\/\/portal.sma.gob.cl\/index.php\/wp-json\/wp\/v2\/pages\/23013\/revisions"}],"predecessor-version":[{"id":23031,"href":"https:\/\/portal.sma.gob.cl\/index.php\/wp-json\/wp\/v2\/pages\/23013\/revisions\/23031"}],"up":[{"embeddable":true,"href":"https:\/\/portal.sma.gob.cl\/index.php\/wp-json\/wp\/v2\/pages\/21642"}],"wp:featuredmedia":[{"embeddable":true,"href":"https:\/\/portal.sma.gob.cl\/index.php\/wp-json\/wp\/v2\/media\/20208"}],"wp:attachment":[{"href":"https:\/\/portal.sma.gob.cl\/index.php\/wp-json\/wp\/v2\/media?parent=23013"}],"curies":[{"name":"wp","href":"https:\/\/api.w.org\/{rel}","templated":true}]}}