{"id":23117,"date":"2022-01-04T14:44:24","date_gmt":"2022-01-04T17:44:24","guid":{"rendered":"https:\/\/portal.sma.gob.cl\/?page_id=23117"},"modified":"2022-01-05T10:31:45","modified_gmt":"2022-01-05T13:31:45","slug":"postulaciones","status":"publish","type":"page","link":"https:\/\/portal.sma.gob.cl\/index.php\/postulaciones\/","title":{"rendered":"Postulaciones"},"content":{"rendered":"<div class=\"fusion-fullwidth fullwidth-box fusion-builder-row-1 fusion-flex-container nonhundred-percent-fullwidth non-hundred-percent-height-scrolling\" style=\"--awb-border-radius-top-left:0px;--awb-border-radius-top-right:0px;--awb-border-radius-bottom-right:0px;--awb-border-radius-bottom-left:0px;--awb-flex-wrap:wrap;\" ><div class=\"fusion-builder-row fusion-row fusion-flex-align-items-flex-start fusion-flex-content-wrap\" style=\"max-width:1144px;margin-left: calc(-4% \/ 2 );margin-right: calc(-4% \/ 2 );\"><div class=\"fusion-layout-column fusion_builder_column fusion-builder-column-0 fusion_builder_column_1_1 1_1 fusion-flex-column\" style=\"--awb-bg-size:cover;--awb-width-large:100%;--awb-margin-top-large:0px;--awb-spacing-right-large:1.92%;--awb-margin-bottom-large:20px;--awb-spacing-left-large:1.92%;--awb-width-medium:100%;--awb-order-medium:0;--awb-spacing-right-medium:1.92%;--awb-spacing-left-medium:1.92%;--awb-width-small:100%;--awb-order-small:0;--awb-spacing-right-small:1.92%;--awb-spacing-left-small:1.92%;\"><div class=\"fusion-column-wrapper fusion-column-has-shadow fusion-flex-justify-content-flex-start fusion-content-layout-column\"><div class=\"fusion-text fusion-text-1\" style=\"--awb-text-transform:none;\"><h1><strong>Postulaciones a cargos de planta<\/strong><\/h1>\n<h2><strong>Superintendencia del Medio Ambiente<\/strong><\/h2>\n<p>La informaci\u00f3n sobre todos estos cargos, proviene de <a href=\"https:\/\/www.empleospublicos.cl\" target=\"_blank\" rel=\"noopener\">www.empleospublicos.cl<\/a><\/p>\n<\/div><div class=\"fusion-alert alert custom alert-custom fusion-alert-left awb-alert-native-link-color\" style=\"--awb-background-color:#ffffff;--awb-accent-color:#808080;--awb-border-top-left-radius:0px;--awb-border-top-right-radius:0px;--awb-border-bottom-left-radius:0px;--awb-border-bottom-right-radius:0px;--awb-margin-bottom:30px;\" role=\"alert\"><div class=\"fusion-alert-content-wrapper\"><span class=\"alert-icon\"><i class=\"fa-file-download fas\" aria-hidden=\"true\"><\/i><\/span><span class=\"fusion-alert-content\"><p><strong>Documentos para descarga:<\/strong><\/p>\n<ul>\n<li><a href=\"https:\/\/portal.sma.gob.cl\/index.php\/download\/ficha-de-postulacion\/?wpdmdl=23140&amp;masterkey=61d59c6b3a5dd\">Ficha de postulaci\u00f3n<\/a><\/li>\n<\/ul><\/span><\/div><\/div>\n<div class=\"table-2\">\n<table width=\"100%\">\n<thead>\n<tr>\n<th align=\"left\">Cargo<\/th>\n<th align=\"left\">Recepci\u00f3n<\/th>\n<th align=\"left\">Enlace postulaci\u00f3n<\/th>\n<th align=\"left\">Cierre postulaci\u00f3n<\/th>\n<th align=\"left\">Mecanismo de postulaci\u00f3n<\/th>\n<\/tr>\n<\/thead>\n<tbody>\n<tr>\n<td align=\"left\"><strong>Profesional Abogada o Abogado-Departamento Jur\u00eddico<\/strong><\/td>\n<td align=\"left\">La Recepci\u00f3n de Postulaciones se realiza \u00edntegramente por la plataforma de Empleos P\u00fablicos<\/td>\n<td align=\"left\"><a href=\"https:\/\/www.empleospublicos.cl\/pub\/convocatorias\/convpostularingplanta.aspx?i=2384&amp;c=2443&amp;j=0&amp;tipo=convpostularingplanta\" target=\"_blank\" rel=\"noopener\">Profesional Abogada o Abogado &#8211; Departamento Jur\u00eddico<\/a><\/td>\n<td align=\"left\">18\/01\/2022<\/td>\n<td align=\"left\">Bases de postulaci\u00f3n y documentos requeridos, son \u00fanica y exclusivamente recibidos a trav\u00e9s de la plataforma de Empleos P\u00fablicos.<\/p>\n<p>Dudas y consultas, exclusivamente a trav\u00e9s de la casilla de correo electr\u00f3nico: <a href=\"mailto:postulaciones@sma.gob.cl\">postulaciones@sma.gob.cl<\/a><\/p>\n<p>No se responder\u00e1n consultas referentes a la postulaci\u00f3n o el concurso en general, a personas que no realicen su postulaci\u00f3n formal mediante el mecanismo indicado anteriormente.<\/td>\n<\/tr>\n<tr>\n<td align=\"left\"><strong>Persona Encargada: Secci\u00f3n Conformidad Ambiental<\/strong><\/td>\n<td align=\"left\">La Recepci\u00f3n de Postulaciones se realiza \u00edntegramente por la plataforma de Empleos P\u00fablicos<\/td>\n<td align=\"left\"><a href=\"https:\/\/www.empleospublicos.cl\/pub\/convocatorias\/convpostularingplanta.aspx?i=2124&amp;c=2442&amp;j=0&amp;tipo=convpostularingplanta\" target=\"_blank\" rel=\"noopener\">Persona Encargada: Secci\u00f3n Conformidad Ambiental<\/a><\/td>\n<td align=\"left\">18\/01\/2022<\/td>\n<td align=\"left\">Bases de postulaci\u00f3n y documentos requeridos, son \u00fanica y exclusivamente recibidos a trav\u00e9s de la plataforma de Empleos P\u00fablicos.<\/p>\n<p>Dudas y consultas, exclusivamente a trav\u00e9s de la casilla de correo electr\u00f3nico: <a href=\"mailto:postulaciones@sma.gob.cl\">postulaciones@sma.gob.cl<\/a><\/p>\n<p>No se responder\u00e1n consultas referentes a la postulaci\u00f3n o el concurso en general, a personas que no realicen su postulaci\u00f3n formal mediante el mecanismo indicado anteriormente.<\/td>\n<\/tr>\n<tr>\n<td align=\"left\"><strong>Persona Encargada: Secci\u00f3n de Fiscalizaci\u00f3n Ambiental<\/strong><\/td>\n<td align=\"left\">La Recepci\u00f3n de Postulaciones se realiza \u00edntegramente por la plataforma de Empleos P\u00fablicos<\/td>\n<td align=\"left\"><a href=\"https:\/\/www.empleospublicos.cl\/pub\/convocatorias\/convpostularingplanta.aspx?i=2117&amp;c=2441&amp;j=0&amp;tipo=convpostularingplanta\" target=\"_blank\" rel=\"noopener\">Cargo : Persona Encargada: Secci\u00f3n de Fiscalizaci\u00f3n Ambiental<\/a><\/td>\n<td align=\"left\">18\/01\/2022<\/td>\n<td align=\"left\">Bases de postulaci\u00f3n y documentos requeridos, son \u00fanica y exclusivamente recibidos a trav\u00e9s de la plataforma de Empleos P\u00fablicos.<\/p>\n<p>Dudas y consultas, exclusivamente a trav\u00e9s de la casilla de correo electr\u00f3nico: <a href=\"mailto:postulaciones@sma.gob.cl\">postulaciones@sma.gob.cl<\/a><\/p>\n<p>No se responder\u00e1n consultas referentes a la postulaci\u00f3n o el concurso en general, a personas que no realicen su postulaci\u00f3n formal mediante el mecanismo indicado anteriormente.<\/td>\n<\/tr>\n<tr>\n<td align=\"left\"><strong>Persona Encargada: Secci\u00f3n Gesti\u00f3n de la informaci\u00f3n<\/strong><\/td>\n<td align=\"left\">La Recepci\u00f3n de Postulaciones se realiza \u00edntegramente por la plataforma de Empleos P\u00fablicos<\/td>\n<td align=\"left\"><a href=\"https:\/\/www.empleospublicos.cl\/pub\/convocatorias\/convpostularingplanta.aspx?i=2015&amp;c=2440&amp;j=0&amp;tipo=convpostularingplanta\" target=\"_blank\" rel=\"noopener\">Persona Encargada: Secci\u00f3n Gesti\u00f3n de la informaci\u00f3n<\/a><\/td>\n<td align=\"left\">18\/01\/2022<\/td>\n<td align=\"left\">Bases de postulaci\u00f3n y documentos requeridos, son \u00fanica y exclusivamente recibidos a trav\u00e9s de la plataforma de Empleos P\u00fablicos.<\/p>\n<p>Dudas y consultas, exclusivamente a trav\u00e9s de la casilla de correo electr\u00f3nico: <a href=\"mailto:postulaciones@sma.gob.cl\">postulaciones@sma.gob.cl<\/a><\/p>\n<p>No se responder\u00e1n consultas referentes a la postulaci\u00f3n o el concurso en general, a personas que no realicen su postulaci\u00f3n formal mediante el mecanismo indicado anteriormente.<\/td>\n<\/tr>\n<tr>\n<td align=\"left\"><strong>Jefe\/a de Departamento DAF<\/strong><\/td>\n<td align=\"left\">La Recepci\u00f3n de Postulaciones se realiza \u00edntegramente por la plataforma de Empleos P\u00fablicos<\/td>\n<td align=\"left\"><a href=\"https:\/\/www.empleospublicos.cl\/pub\/convocatorias\/convpostularjefedpto.aspx?i=2383&amp;c=2439&amp;j=0&amp;tipo=convpostularjefedpto\" target=\"_blank\" rel=\"noopener\">Cargo: Jefatura Departamento de Administraci\u00f3n y Finanzas<\/a><\/td>\n<td align=\"left\">18\/01\/2022<\/td>\n<td align=\"left\">Bases de postulaci\u00f3n y documentos requeridos, son \u00fanica y exclusivamente recibidos a trav\u00e9s de la plataforma de Empleos P\u00fablicos.<\/p>\n<p>Dudas y consultas, exclusivamente a trav\u00e9s de la casilla de correo electr\u00f3nico: <a href=\"mailto:postulaciones@sma.gob.cl\">postulaciones@sma.gob.cl<\/a><\/p>\n<p>No se responder\u00e1n consultas referentes a la postulaci\u00f3n o el concurso en general, a personas que no realicen su postulaci\u00f3n formal mediante el mecanismo indicado anteriormente.<\/p>\n<p><span style=\"color: #f26b49;\">En esta etapa, este proceso est\u00e1 abierto s\u00f3lo para funcionarias y funcionarios que actualmente se desempe\u00f1an en la Administraci\u00f3n del Estado, conforme a lo previsto en el Art. 8\u00b0 del Estatuto Administrativo.<\/span><\/td>\n<\/tr>\n<\/tbody>\n<\/table>\n<\/div>\n<\/div><\/div><\/div><\/div>\n","protected":false},"excerpt":{"rendered":"","protected":false},"author":3,"featured_media":0,"parent":0,"menu_order":0,"comment_status":"closed","ping_status":"closed","template":"","meta":{"footnotes":""},"class_list":["post-23117","page","type-page","status-publish","hentry"],"_links":{"self":[{"href":"https:\/\/portal.sma.gob.cl\/index.php\/wp-json\/wp\/v2\/pages\/23117","targetHints":{"allow":["GET"]}}],"collection":[{"href":"https:\/\/portal.sma.gob.cl\/index.php\/wp-json\/wp\/v2\/pages"}],"about":[{"href":"https:\/\/portal.sma.gob.cl\/index.php\/wp-json\/wp\/v2\/types\/page"}],"author":[{"embeddable":true,"href":"https:\/\/portal.sma.gob.cl\/index.php\/wp-json\/wp\/v2\/users\/3"}],"replies":[{"embeddable":true,"href":"https:\/\/portal.sma.gob.cl\/index.php\/wp-json\/wp\/v2\/comments?post=23117"}],"version-history":[{"count":29,"href":"https:\/\/portal.sma.gob.cl\/index.php\/wp-json\/wp\/v2\/pages\/23117\/revisions"}],"predecessor-version":[{"id":23148,"href":"https:\/\/portal.sma.gob.cl\/index.php\/wp-json\/wp\/v2\/pages\/23117\/revisions\/23148"}],"wp:attachment":[{"href":"https:\/\/portal.sma.gob.cl\/index.php\/wp-json\/wp\/v2\/media?parent=23117"}],"curies":[{"name":"wp","href":"https:\/\/api.w.org\/{rel}","templated":true}]}}