{"id":30246,"date":"2024-02-05T11:44:44","date_gmt":"2024-02-05T14:44:44","guid":{"rendered":"https:\/\/portal.sma.gob.cl\/?page_id=30246"},"modified":"2026-04-22T11:23:50","modified_gmt":"2026-04-22T15:23:50","slug":"estructura-organica","status":"publish","type":"page","link":"https:\/\/portal.sma.gob.cl\/index.php\/estructura-organica\/","title":{"rendered":"Estructura Org\u00e1nica"},"content":{"rendered":"<p><div class=\"fusion-fullwidth fullwidth-box fusion-builder-row-1 fusion-flex-container has-pattern-background has-mask-background nonhundred-percent-fullwidth non-hundred-percent-height-scrolling\" style=\"--awb-border-radius-top-left:0px;--awb-border-radius-top-right:0px;--awb-border-radius-bottom-right:0px;--awb-border-radius-bottom-left:0px;--awb-flex-wrap:wrap;\" ><div class=\"fusion-builder-row fusion-row fusion-flex-align-items-flex-start fusion-flex-content-wrap\" style=\"max-width:1144px;margin-left: calc(-4% \/ 2 );margin-right: calc(-4% \/ 2 );\"><div class=\"fusion-layout-column fusion_builder_column fusion-builder-column-0 fusion_builder_column_1_1 1_1 fusion-flex-column\" style=\"--awb-bg-size:cover;--awb-width-large:100%;--awb-margin-top-large:0px;--awb-spacing-right-large:1.92%;--awb-margin-bottom-large:20px;--awb-spacing-left-large:1.92%;--awb-width-medium:100%;--awb-order-medium:0;--awb-spacing-right-medium:1.92%;--awb-spacing-left-medium:1.92%;--awb-width-small:100%;--awb-order-small:0;--awb-spacing-right-small:1.92%;--awb-spacing-left-small:1.92%;\" data-scroll-devices=\"small-visibility,medium-visibility,large-visibility\"><div class=\"fusion-column-wrapper fusion-column-has-shadow fusion-flex-justify-content-flex-start fusion-content-layout-column\"><div class=\"fusion-image-element \" style=\"--awb-caption-title-font-family:var(--h2_typography-font-family);--awb-caption-title-font-weight:var(--h2_typography-font-weight);--awb-caption-title-font-style:var(--h2_typography-font-style);--awb-caption-title-size:var(--h2_typography-font-size);--awb-caption-title-transform:var(--h2_typography-text-transform);--awb-caption-title-line-height:var(--h2_typography-line-height);--awb-caption-title-letter-spacing:var(--h2_typography-letter-spacing);\"><span class=\" fusion-imageframe imageframe-none imageframe-1 hover-type-none\"><img decoding=\"async\" width=\"1794\" height=\"1192\" title=\"EO26\" src=\"https:\/\/portal.sma.gob.cl\/wp-content\/uploads\/2026\/04\/EO26.jpg\" alt class=\"img-responsive wp-image-38256\" srcset=\"https:\/\/portal.sma.gob.cl\/wp-content\/uploads\/2026\/04\/EO26-200x133.jpg 200w, https:\/\/portal.sma.gob.cl\/wp-content\/uploads\/2026\/04\/EO26-400x266.jpg 400w, https:\/\/portal.sma.gob.cl\/wp-content\/uploads\/2026\/04\/EO26-600x399.jpg 600w, https:\/\/portal.sma.gob.cl\/wp-content\/uploads\/2026\/04\/EO26-800x532.jpg 800w, https:\/\/portal.sma.gob.cl\/wp-content\/uploads\/2026\/04\/EO26-1200x797.jpg 1200w, https:\/\/portal.sma.gob.cl\/wp-content\/uploads\/2026\/04\/EO26.jpg 1794w\" sizes=\"(max-width: 1024px) 100vw, (max-width: 640px) 100vw, 1200px\" \/><\/span><\/div><div style=\"text-align:center;\"><a class=\"fusion-button button-flat button-large button-custom fusion-button-default button-1 fusion-button-default-span fusion-button-default-type\" style=\"--awb-margin-top:40px;--button_accent_color:rgba(255,255,255,0.8);--button_accent_hover_color:rgba(255,255,255,0.9);--button_border_hover_color:rgba(255,255,255,0.9);--button_gradient_top_color:rgb(18 106 197);--button_gradient_bottom_color:rgb(18 106 197);--button_gradient_top_color_hover:#96c346;--button_gradient_bottom_color_hover:#96c346;--button_text_transform:none;\" target=\"_blank\" rel=\"noopener noreferrer\" href=\"https:\/\/portal.sma.gob.cl\/wp-content\/uploads\/2026\/04\/Estructura-Organica-Abril-2026-2.pdf\"><span class=\"fusion-button-text awb-button__text awb-button__text--default\">Ampliar imagen<\/span><i class=\"fa-search-plus fas awb-button__icon awb-button__icon--default button-icon-right\" aria-hidden=\"true\"><\/i><\/a><\/div><\/div><\/div><\/div><\/div><div class=\"fusion-fullwidth fullwidth-box fusion-builder-row-2 fusion-flex-container has-pattern-background has-mask-background nonhundred-percent-fullwidth non-hundred-percent-height-scrolling\" style=\"--awb-border-radius-top-left:0px;--awb-border-radius-top-right:0px;--awb-border-radius-bottom-right:0px;--awb-border-radius-bottom-left:0px;--awb-flex-wrap:wrap;\" ><div class=\"fusion-builder-row fusion-row fusion-flex-align-items-flex-start fusion-flex-content-wrap\" style=\"max-width:1144px;margin-left: calc(-4% \/ 2 );margin-right: calc(-4% \/ 2 );\"><div class=\"fusion-layout-column fusion_builder_column fusion-builder-column-1 fusion_builder_column_1_1 1_1 fusion-flex-column\" style=\"--awb-padding-top:20px;--awb-padding-right:20px;--awb-padding-bottom:10px;--awb-padding-left:20px;--awb-overflow:hidden;--awb-bg-color:#d3e5ff;--awb-bg-color-hover:#d3e5ff;--awb-bg-size:cover;--awb-border-color:#0a6ad8;--awb-border-top:1px;--awb-border-right:1px;--awb-border-bottom:1px;--awb-border-left:1px;--awb-border-style:solid;--awb-border-radius:10px 10px 10px 10px;--awb-width-large:100%;--awb-margin-top-large:40px;--awb-spacing-right-large:1.92%;--awb-margin-bottom-large:20px;--awb-spacing-left-large:1.92%;--awb-width-medium:100%;--awb-order-medium:0;--awb-spacing-right-medium:1.92%;--awb-spacing-left-medium:1.92%;--awb-width-small:100%;--awb-order-small:0;--awb-spacing-right-small:1.92%;--awb-spacing-left-small:1.92%;\" data-scroll-devices=\"small-visibility,medium-visibility,large-visibility\"><div class=\"fusion-column-wrapper fusion-column-has-shadow fusion-flex-justify-content-flex-start fusion-content-layout-column\"><div class=\"fusion-text fusion-text-1\"><p><strong>Para mayor informaci\u00f3n de las funciones y labores de las \u00e1rea de la SMA, ver la Resoluci\u00f3n adjunta:<\/strong><\/p>\n<ul>\n<li><a href=\"https:\/\/portal.sma.gob.cl\/index.php\/download\/re-1083-organica-2026\/?wpdmdl=38131&amp;masterkey=OI1T3mhhj_gzQR-2jCAQ02Z6pP4XeTsivJ2v1N6IJAKoAfSEA_Blvyc1KmZhc7HxxIpdA79T7aqiBF-5GpIfRFSLE-ElOlB7AOVI4cjnvF9Q\"><span style=\"text-decoration: underline;\">Resoluci\u00f3n Exenta N\u00ba1083, 2026<\/span><\/a><\/li>\n<li><span style=\"text-decoration: underline;\"><a href=\"https:\/\/portal.sma.gob.cl\/index.php\/download\/resolucion-exenta-numero-1338-de-2025\/?wpdmdl=36113&amp;masterkey=AhdVTWGRdaTd-P6-DoyfPDkswmwDfYzEThm2c52yMSPcha36v-JtagzWL74Kjv67LwolgiJS75XYzOO89sjzSbbmLfvuYp1f2EqqL-eakjo\">Resoluci\u00f3n Exenta N\u00ba1338, 2025<\/a><\/span><\/li>\n<li><a href=\"https:\/\/portal.sma.gob.cl\/wp-content\/uploads\/2026\/01\/RE-No-2668-2025-Modifica-Organica-SMA.pdf\"><span style=\"text-decoration: underline;\">Resoluci\u00f3n Exenta N\u00ba2668\/2025<\/span><\/a><\/li>\n<\/ul>\n<\/div><\/div><\/div><\/div><\/div><\/p>\n","protected":false},"excerpt":{"rendered":"","protected":false},"author":3,"featured_media":0,"parent":0,"menu_order":0,"comment_status":"closed","ping_status":"closed","template":"","meta":{"footnotes":""},"class_list":["post-30246","page","type-page","status-publish","hentry"],"_links":{"self":[{"href":"https:\/\/portal.sma.gob.cl\/index.php\/wp-json\/wp\/v2\/pages\/30246","targetHints":{"allow":["GET"]}}],"collection":[{"href":"https:\/\/portal.sma.gob.cl\/index.php\/wp-json\/wp\/v2\/pages"}],"about":[{"href":"https:\/\/portal.sma.gob.cl\/index.php\/wp-json\/wp\/v2\/types\/page"}],"author":[{"embeddable":true,"href":"https:\/\/portal.sma.gob.cl\/index.php\/wp-json\/wp\/v2\/users\/3"}],"replies":[{"embeddable":true,"href":"https:\/\/portal.sma.gob.cl\/index.php\/wp-json\/wp\/v2\/comments?post=30246"}],"version-history":[{"count":54,"href":"https:\/\/portal.sma.gob.cl\/index.php\/wp-json\/wp\/v2\/pages\/30246\/revisions"}],"predecessor-version":[{"id":38258,"href":"https:\/\/portal.sma.gob.cl\/index.php\/wp-json\/wp\/v2\/pages\/30246\/revisions\/38258"}],"wp:attachment":[{"href":"https:\/\/portal.sma.gob.cl\/index.php\/wp-json\/wp\/v2\/media?parent=30246"}],"curies":[{"name":"wp","href":"https:\/\/api.w.org\/{rel}","templated":true}]}}