{"id":30782,"date":"2024-04-23T09:31:45","date_gmt":"2024-04-23T13:31:45","guid":{"rendered":"https:\/\/portal.sma.gob.cl\/?page_id=30782"},"modified":"2024-04-23T12:48:02","modified_gmt":"2024-04-23T16:48:02","slug":"convenios-de-ruido","status":"publish","type":"page","link":"https:\/\/portal.sma.gob.cl\/index.php\/convenios-de-ruido\/","title":{"rendered":"Convenios de ruido"},"content":{"rendered":"<div class=\"fusion-fullwidth fullwidth-box fusion-builder-row-1 fusion-flex-container has-pattern-background has-mask-background nonhundred-percent-fullwidth non-hundred-percent-height-scrolling\" style=\"--awb-border-radius-top-left:0px;--awb-border-radius-top-right:0px;--awb-border-radius-bottom-right:0px;--awb-border-radius-bottom-left:0px;--awb-flex-wrap:wrap;\" ><div class=\"fusion-builder-row fusion-row fusion-flex-align-items-flex-start fusion-flex-content-wrap\" style=\"max-width:1144px;margin-left: calc(-4% \/ 2 );margin-right: calc(-4% \/ 2 );\"><div class=\"fusion-layout-column fusion_builder_column fusion-builder-column-0 fusion_builder_column_1_1 1_1 fusion-flex-column\" style=\"--awb-bg-size:cover;--awb-width-large:100%;--awb-margin-top-large:0px;--awb-spacing-right-large:1.92%;--awb-margin-bottom-large:20px;--awb-spacing-left-large:1.92%;--awb-width-medium:100%;--awb-order-medium:0;--awb-spacing-right-medium:1.92%;--awb-spacing-left-medium:1.92%;--awb-width-small:100%;--awb-order-small:0;--awb-spacing-right-small:1.92%;--awb-spacing-left-small:1.92%;\"><div class=\"fusion-column-wrapper fusion-column-has-shadow fusion-flex-justify-content-flex-start fusion-content-layout-column\"><div class=\"fusion-image-element \" style=\"--awb-margin-bottom:40px;--awb-caption-title-font-family:var(--h2_typography-font-family);--awb-caption-title-font-weight:var(--h2_typography-font-weight);--awb-caption-title-font-style:var(--h2_typography-font-style);--awb-caption-title-size:var(--h2_typography-font-size);--awb-caption-title-transform:var(--h2_typography-text-transform);--awb-caption-title-line-height:var(--h2_typography-line-height);--awb-caption-title-letter-spacing:var(--h2_typography-letter-spacing);\"><span class=\" fusion-imageframe imageframe-none imageframe-1 hover-type-none\"><img decoding=\"async\" width=\"1504\" height=\"574\" title=\"imagen-ruido\" src=\"https:\/\/portal.sma.gob.cl\/wp-content\/uploads\/2024\/04\/imagen-ruido.jpg\" alt class=\"img-responsive wp-image-30827\" srcset=\"https:\/\/portal.sma.gob.cl\/wp-content\/uploads\/2024\/04\/imagen-ruido-200x76.jpg 200w, https:\/\/portal.sma.gob.cl\/wp-content\/uploads\/2024\/04\/imagen-ruido-400x153.jpg 400w, https:\/\/portal.sma.gob.cl\/wp-content\/uploads\/2024\/04\/imagen-ruido-600x229.jpg 600w, https:\/\/portal.sma.gob.cl\/wp-content\/uploads\/2024\/04\/imagen-ruido-800x305.jpg 800w, https:\/\/portal.sma.gob.cl\/wp-content\/uploads\/2024\/04\/imagen-ruido-1200x458.jpg 1200w, https:\/\/portal.sma.gob.cl\/wp-content\/uploads\/2024\/04\/imagen-ruido.jpg 1504w\" sizes=\"(max-width: 1024px) 100vw, (max-width: 640px) 100vw, 1200px\" \/><\/span><\/div><div class=\"fusion-title title fusion-title-1 fusion-sep-none fusion-title-text fusion-title-size-one\" style=\"--awb-text-color:var(--awb-color8);--awb-margin-bottom:20px;--awb-margin-top-small:0px;--awb-margin-right-small:0px;--awb-margin-bottom-small:20px;--awb-margin-left-small:0px;--awb-font-size:24px;\"><h1 class=\"fusion-title-heading title-heading-left fusion-responsive-typography-calculated\" style=\"margin:0;font-size:1em;--fontSize:24;line-height:1.45;\"><strong>\u00bfQu\u00e9 es un convenio de ruido?<\/strong><\/h1><\/div><div class=\"fusion-text fusion-text-1\" style=\"--awb-font-size:16px;--awb-text-color:var(--awb-color8);\"><p>Las municipalidades pueden establecer convenios de colaboraci\u00f3n con la Superintendencia del Medio Ambiente (SMA) para mejorar y agilizar la gesti\u00f3n de denuncias y fiscalizaciones en materia de ruido.<\/p>\n<p>Gracias a estos convenios, los propios municipios podr\u00e1n abordar denuncias, realizar mediciones directas y enviar la informaci\u00f3n ya procesada a la SMA. De esta forma, los reportes ser\u00e1n oportunamente derivados a nuestra Divisi\u00f3n de Sanci\u00f3n y Cumplimiento (DSC) para iniciar su respectivo procedimiento sancionatorio, en caso que corresponda.<\/p>\n<p>La firma de estos convenios permite mejorar los procesos de atenci\u00f3n de denuncias y respuesta ante la comunidad, concediendo la facultad de realizar mediciones a personal especializado en su propio territorio, quienes evaluar\u00e1n en sitio el cumplimiento de la Norma de Emisi\u00f3n de Ruido.<\/p>\n<\/div><div class=\"fusion-title title fusion-title-2 fusion-sep-none fusion-title-text fusion-title-size-one\" style=\"--awb-text-color:var(--awb-color8);--awb-margin-top:30px;--awb-margin-bottom:10px;--awb-margin-top-small:0px;--awb-margin-right-small:0px;--awb-margin-bottom-small:20px;--awb-margin-left-small:0px;--awb-font-size:24px;\"><h1 class=\"fusion-title-heading title-heading-left fusion-responsive-typography-calculated\" style=\"margin:0;font-size:1em;--fontSize:24;line-height:1.45;\"><strong>\u00bfQu\u00e9 ofrecemos a las municipalidades?<\/strong><\/h1><\/div><ul style=\"--awb-size:16px;--awb-iconcolor:#22af73;--awb-divider-color:var(--awb-color7);--awb-textcolor:var(--awb-color8);--awb-line-height:27.2px;--awb-icon-width:27.2px;--awb-icon-height:27.2px;--awb-icon-margin:11.2px;--awb-content-margin:38.4px;\" class=\"fusion-checklist fusion-checklist-1 fusion-checklist-default fusion-checklist-divider type-icons\"><li class=\"fusion-li-item\" style=\"--awb-circlecolor:var(--awb-color1);--awb-iconcolor:#22af73;\"><span class=\"icon-wrapper circle-no\"><i class=\"fusion-li-icon fa-angle-right fas\" aria-hidden=\"true\"><\/i><\/span><div class=\"fusion-li-item-content\">\n<p>Orientaciones para la compra de un son\u00f3metro adecuado para las mediciones del DS N\u00b0 38\/11 del Ministerio del Medio Ambiente.<\/p>\n<\/div><\/li><li class=\"fusion-li-item\" style=\"--awb-circlecolor:var(--awb-color1);--awb-iconcolor:#22af73;\"><span class=\"icon-wrapper circle-no\"><i class=\"fusion-li-icon fa-angle-right fas\" aria-hidden=\"true\"><\/i><\/span><div class=\"fusion-li-item-content\">\n<p>Capacitaciones te\u00f3rico-pr\u00e1cticas del DS N\u00b038.<\/p>\n<\/div><\/li><li class=\"fusion-li-item\" style=\"--awb-iconcolor:#22af73;\"><span class=\"icon-wrapper circle-no\"><i class=\"fusion-li-icon fa-angle-right fas\" aria-hidden=\"true\"><\/i><\/span><div class=\"fusion-li-item-content\">\n<p>Homologaci\u00f3n de zonas de su Instrumento de Planificaci\u00f3n Territorial (IPT) de acuerdo al DS N\u00b038.<\/p>\n<\/div><\/li><\/ul><div class=\"fusion-title title fusion-title-3 fusion-sep-none fusion-title-text fusion-title-size-one\" style=\"--awb-text-color:var(--awb-color8);--awb-margin-top:30px;--awb-margin-bottom:10px;--awb-margin-top-small:0px;--awb-margin-right-small:0px;--awb-margin-bottom-small:20px;--awb-margin-left-small:0px;--awb-font-size:24px;\"><h1 class=\"fusion-title-heading title-heading-left fusion-responsive-typography-calculated\" style=\"margin:0;font-size:1em;--fontSize:24;line-height:1.45;\"><strong>\u00bfQu\u00e9 necesita la municipalidad para firmar un convenio?<\/strong><\/h1><\/div><ul style=\"--awb-size:16px;--awb-iconcolor:#22af73;--awb-divider-color:var(--awb-color7);--awb-textcolor:var(--awb-color8);--awb-line-height:27.2px;--awb-icon-width:27.2px;--awb-icon-height:27.2px;--awb-icon-margin:11.2px;--awb-content-margin:38.4px;\" class=\"fusion-checklist fusion-checklist-2 fusion-checklist-default fusion-checklist-divider type-icons\"><li class=\"fusion-li-item\" style=\"--awb-iconcolor:#22af73;\"><span class=\"icon-wrapper circle-no\"><i class=\"fusion-li-icon fa-check-circle fas\" aria-hidden=\"true\"><\/i><\/span><div class=\"fusion-li-item-content\">\n<p>Contar con un equipo apto para hacer mediciones a trav\u00e9s del DS N\u00b038\/11 (son\u00f3metro y calibrador ac\u00fastico),<\/p>\n<\/div><\/li><li class=\"fusion-li-item\" style=\"--awb-iconcolor:#22af73;\"><span class=\"icon-wrapper circle-no\"><i class=\"fusion-li-icon fa-check-circle fas\" aria-hidden=\"true\"><\/i><\/span><div class=\"fusion-li-item-content\">\n<p>Contar con personal para ejecutar las mediciones de ruido en terreno. Este equipo ser\u00e1 capacitado por la SMA.<\/p>\n<\/div><\/li><li class=\"fusion-li-item\" style=\"--awb-iconcolor:#22af73;\"><span class=\"icon-wrapper circle-no\"><i class=\"fusion-li-icon fa-check-circle fas\" aria-hidden=\"true\"><\/i><\/span><div class=\"fusion-li-item-content\">\n<p>Enviar a la SMA el plano o mapa de las zonas de su IPT vigente.<\/p>\n<\/div><\/li><\/ul><div class=\"fusion-text fusion-text-2\" style=\"--awb-font-size:16px;--awb-text-color:var(--awb-color8);--awb-margin-top:40px;\"><p>Una vez firmado el convenio, se coordina una fecha para efectuar la capacitaci\u00f3n te\u00f3rica v\u00eda online, y luego, otra fecha en la cual se efect\u00faa una medici\u00f3n a una denuncia que haya recibido el municipio o la SMA.<\/p>\n<p><strong>Si eres parte de una municipalidad chilena y est\u00e1s interesado\/a en este convenio, ingresa a este enlace para ponerte en contacto con la Oficina Regional de la SMA correspondiente:<span style=\"text-decoration: underline;\"> <a href=\"https:\/\/portal.sma.gob.cl\/index.php\/oficinas-regionales\/\">https:\/\/portal.sma.gob.cl\/index.php\/oficinas-regionales\/<\/a><\/span><\/strong><\/p>\n<\/div><\/div><\/div><\/div><\/div>\n","protected":false},"excerpt":{"rendered":"","protected":false},"author":3,"featured_media":0,"parent":0,"menu_order":0,"comment_status":"closed","ping_status":"closed","template":"","meta":{"footnotes":""},"class_list":["post-30782","page","type-page","status-publish","hentry"],"_links":{"self":[{"href":"https:\/\/portal.sma.gob.cl\/index.php\/wp-json\/wp\/v2\/pages\/30782","targetHints":{"allow":["GET"]}}],"collection":[{"href":"https:\/\/portal.sma.gob.cl\/index.php\/wp-json\/wp\/v2\/pages"}],"about":[{"href":"https:\/\/portal.sma.gob.cl\/index.php\/wp-json\/wp\/v2\/types\/page"}],"author":[{"embeddable":true,"href":"https:\/\/portal.sma.gob.cl\/index.php\/wp-json\/wp\/v2\/users\/3"}],"replies":[{"embeddable":true,"href":"https:\/\/portal.sma.gob.cl\/index.php\/wp-json\/wp\/v2\/comments?post=30782"}],"version-history":[{"count":46,"href":"https:\/\/portal.sma.gob.cl\/index.php\/wp-json\/wp\/v2\/pages\/30782\/revisions"}],"predecessor-version":[{"id":30829,"href":"https:\/\/portal.sma.gob.cl\/index.php\/wp-json\/wp\/v2\/pages\/30782\/revisions\/30829"}],"wp:attachment":[{"href":"https:\/\/portal.sma.gob.cl\/index.php\/wp-json\/wp\/v2\/media?parent=30782"}],"curies":[{"name":"wp","href":"https:\/\/api.w.org\/{rel}","templated":true}]}}