{"id":30866,"date":"2024-04-25T12:43:26","date_gmt":"2024-04-25T16:43:26","guid":{"rendered":"https:\/\/portal.sma.gob.cl\/?page_id=30866"},"modified":"2024-04-25T15:11:01","modified_gmt":"2024-04-25T19:11:01","slug":"norma-de-emision-luminosidad-artificial","status":"publish","type":"page","link":"https:\/\/portal.sma.gob.cl\/index.php\/norma-de-emision-luminosidad-artificial\/","title":{"rendered":"Norma de Emisi\u00f3n Luminosidad Artificial"},"content":{"rendered":"<div class=\"fusion-fullwidth fullwidth-box fusion-builder-row-1 fusion-flex-container has-pattern-background has-mask-background nonhundred-percent-fullwidth non-hundred-percent-height-scrolling\" style=\"--awb-border-radius-top-left:0px;--awb-border-radius-top-right:0px;--awb-border-radius-bottom-right:0px;--awb-border-radius-bottom-left:0px;--awb-flex-wrap:wrap;\" ><div class=\"fusion-builder-row fusion-row fusion-flex-align-items-flex-start fusion-flex-content-wrap\" style=\"max-width:1144px;margin-left: calc(-4% \/ 2 );margin-right: calc(-4% \/ 2 );\"><div class=\"fusion-layout-column fusion_builder_column fusion-builder-column-0 fusion_builder_column_1_1 1_1 fusion-flex-column\" style=\"--awb-bg-size:cover;--awb-width-large:100%;--awb-margin-top-large:0px;--awb-spacing-right-large:1.92%;--awb-margin-bottom-large:20px;--awb-spacing-left-large:1.92%;--awb-width-medium:100%;--awb-order-medium:0;--awb-spacing-right-medium:1.92%;--awb-spacing-left-medium:1.92%;--awb-width-small:100%;--awb-order-small:0;--awb-spacing-right-small:1.92%;--awb-spacing-left-small:1.92%;\"><div class=\"fusion-column-wrapper fusion-column-has-shadow fusion-flex-justify-content-flex-start fusion-content-layout-column\"><div class=\"fusion-image-element \" style=\"--awb-caption-title-font-family:var(--h2_typography-font-family);--awb-caption-title-font-weight:var(--h2_typography-font-weight);--awb-caption-title-font-style:var(--h2_typography-font-style);--awb-caption-title-size:var(--h2_typography-font-size);--awb-caption-title-transform:var(--h2_typography-text-transform);--awb-caption-title-line-height:var(--h2_typography-line-height);--awb-caption-title-letter-spacing:var(--h2_typography-letter-spacing);\"><span class=\" fusion-imageframe imageframe-none imageframe-1 hover-type-none\" style=\"border-radius:10px;\"><img decoding=\"async\" width=\"1500\" height=\"563\" src=\"https:\/\/portal.sma.gob.cl\/wp-content\/uploads\/2024\/04\/cabecera-norma.jpg\" alt class=\"img-responsive wp-image-30868\" srcset=\"https:\/\/portal.sma.gob.cl\/wp-content\/uploads\/2024\/04\/cabecera-norma-200x75.jpg 200w, https:\/\/portal.sma.gob.cl\/wp-content\/uploads\/2024\/04\/cabecera-norma-400x150.jpg 400w, https:\/\/portal.sma.gob.cl\/wp-content\/uploads\/2024\/04\/cabecera-norma-600x225.jpg 600w, https:\/\/portal.sma.gob.cl\/wp-content\/uploads\/2024\/04\/cabecera-norma-800x300.jpg 800w, https:\/\/portal.sma.gob.cl\/wp-content\/uploads\/2024\/04\/cabecera-norma-1200x450.jpg 1200w, https:\/\/portal.sma.gob.cl\/wp-content\/uploads\/2024\/04\/cabecera-norma.jpg 1500w\" sizes=\"(max-width: 1024px) 100vw, (max-width: 640px) 100vw, 1200px\" \/><\/span><\/div><div class=\"fusion-text fusion-text-1\" style=\"--awb-font-size:16px;--awb-text-color:#333333;--awb-margin-top:20px;\"><p><strong>Consulta se extiende a partir de hoy, por 30 d\u00edas, y se mantendr\u00e1 abierta la instancia para revisar y enviar observaciones a la propuesta de protocolo.<\/strong><\/p>\n<p>A partir del 18 de abril de 2024, la Superintendencia del Medio Ambiente da inicio al proceso de consulta p\u00fablica internacional del protocolo que permitir\u00e1 la medici\u00f3n y verificaci\u00f3n del cumplimiento de luminarias utilizadas en el alumbrado de calles, recintos deportivos e industrias, para la implementaci\u00f3n de la Norma de Emisi\u00f3n de Luminosidad Artificial Generada por Alumbrados de Exteriores, aprobada por D.S. N\u00b01 del 2022 del MMA (Nueva Norma Lum\u00ednica), la que entrar\u00e1 en vigencia el 19 de octubre de 2024.<\/p>\n<\/div><div class=\"fusion-text fusion-text-2\" style=\"--awb-font-size:22px;--awb-text-color:#333333;--awb-margin-top:20px;\"><p><b>Contexto:<\/b><\/p>\n<\/div><ul style=\"--awb-size:16px;--awb-divider-color:var(--awb-color4);--awb-textcolor:var(--awb-color8);--awb-line-height:27.2px;--awb-icon-width:27.2px;--awb-icon-height:27.2px;--awb-icon-margin:11.2px;--awb-content-margin:38.4px;--awb-circlecolor:#a0ce4e;--awb-circle-yes-font-size:14.08px;\" class=\"fusion-checklist fusion-checklist-1 fusion-checklist-default fusion-checklist-divider type-icons\"><li class=\"fusion-li-item\" style=\"--awb-circlecolor:#22af73;\"><span class=\"icon-wrapper circle-yes\"><i class=\"fusion-li-icon fa-arrow-right fas\" aria-hidden=\"true\"><\/i><\/span><div class=\"fusion-li-item-content\">\n<p>La actualizaci\u00f3n de este protocolo, denominado<strong> \u201cProtocolo de An\u00e1lisis y Ensayos de Contaminaci\u00f3n Lum\u00ednica de Luminarias y\/o Proyectores de Alumbrado de Exteriores PCL N\u00b01:2024\u201d,<\/strong> que ha derivado de una mesa de trabajo conformada por el Ministerio del Medio Ambiente, Ministerio de Energ\u00eda y la Superintendencia de Electricidad y Combustibles, busca brindar mayor celeridad al sistema de certificaci\u00f3n, permitiendo dar continuidad al sistema actualmente implementado.<\/p>\n<\/div><\/li><li class=\"fusion-li-item\" style=\"--awb-circlecolor:#22af73;\"><span class=\"icon-wrapper circle-yes\"><i class=\"fusion-li-icon fa-arrow-right fas\" aria-hidden=\"true\"><\/i><\/span><div class=\"fusion-li-item-content\">\n<p>Adicionalmente, la SMA organiz\u00f3 un taller a principios de abril para recoger tambi\u00e9n la opini\u00f3n de importadores, fabricantes, laboratorios y organismos de certificaci\u00f3n autorizados por la SEC <span style=\"text-decoration: underline;\"><a href=\"https:\/\/portal.sma.gob.cl\/index.php\/2024\/04\/04\/sma-mma-y-sec-organizan-taller-sobre-nueva-norma-luminica\/\" target=\"_blank\" rel=\"noopener\">(Ver nota).<\/a>\u00a0<\/span><\/p>\n<\/div><\/li><li class=\"fusion-li-item\" style=\"--awb-circlecolor:#22af73;\"><span class=\"icon-wrapper circle-yes\"><i class=\"fusion-li-icon fa-arrow-right fas\" aria-hidden=\"true\"><\/i><\/span><div class=\"fusion-li-item-content\">\n<p>El proceso de consulta, se realiza a trav\u00e9s de la <strong>Subsecretar\u00eda de Relaciones Econ\u00f3micas Internacionales (SUBREI), del Ministerio de Relaciones Exteriores<\/strong> como punto de contacto para el cumplimiento de acuerdos bilaterales, en el marco del Decreto Supremo N\u00b0316\/2022 MINREL.<\/p>\n<\/div><\/li><li class=\"fusion-li-item\" style=\"--awb-circlecolor:#22af73;\"><span class=\"icon-wrapper circle-yes\"><i class=\"fusion-li-icon fa-arrow-right fas\" aria-hidden=\"true\"><\/i><\/span><div class=\"fusion-li-item-content\">\n<p>Es as\u00ed que, a partir de hoy, y por 30 d\u00edas, es decir hasta el 18 de mayo, se mantendr\u00e1 abierta la instancia para revisar y enviar observaciones a la propuesta de protocolo. Los comentarios deben efectuarse al correo electr\u00f3nico de SUBREI <span style=\"text-decoration: underline;\"><a href=\"mailto:tbt_chile@subrei.gob.cl\">tbt_chile@subrei.gob.cl.<\/a><\/span><\/p>\n<\/div><\/li><li class=\"fusion-li-item\" style=\"--awb-circlecolor:#22af73;\"><span class=\"icon-wrapper circle-yes\"><i class=\"fusion-li-icon fa-arrow-right fas\" aria-hidden=\"true\"><\/i><\/span><div class=\"fusion-li-item-content\">\n<p>El protocolo y documentos relacionados pueden ser descargados a trav\u00e9s de los siguientes enlaces:<\/p>\n<ul>\n<li><span style=\"text-decoration: underline;\"><a href=\"https:\/\/members.wto.org\/crnattachments\/2024\/TBT\/CHL\/24_02680_00_s.pdf\">Protocolo<\/a><\/span><\/li>\n<li><span style=\"text-decoration: underline;\"><a href=\"https:\/\/members.wto.org\/crnattachments\/2024\/TBT\/CHL\/24_02680_01_s.pdf\">Resoluci\u00f3n Exenta N\u00ba731<\/a><\/span><\/li>\n<li><span style=\"text-decoration: underline;\"><a href=\"https:\/\/members.wto.org\/crnattachments\/2024\/TBT\/CHL\/24_02680_02_s.pdf\">Diario Oficial<\/a><\/span><\/li>\n<\/ul>\n<\/div><\/li><\/ul><div class=\"fusion-text fusion-text-3\" style=\"--awb-font-size:22px;--awb-text-color:#333333;--awb-margin-top:40px;\"><p><b>Norma lum\u00ednica y certificaci\u00f3n de luminarias:<\/b><\/p>\n<\/div><ul style=\"--awb-size:16px;--awb-divider-color:var(--awb-custom10);--awb-textcolor:var(--awb-color8);--awb-line-height:27.2px;--awb-icon-width:27.2px;--awb-icon-height:27.2px;--awb-icon-margin:11.2px;--awb-content-margin:38.4px;--awb-circlecolor:#ffffff;--awb-circle-yes-font-size:14.08px;\" class=\"fusion-checklist fusion-checklist-2 fusion-checklist-default fusion-checklist-divider type-icons\"><li class=\"fusion-li-item\" style=\"--awb-iconcolor:#0f5ea5;\"><span class=\"icon-wrapper circle-yes\"><i class=\"fusion-li-icon fa-check fas\" aria-hidden=\"true\"><\/i><\/span><div class=\"fusion-li-item-content\">\n<p>La Nueva Norma Lum\u00ednica surge a partir de la revisi\u00f3n de la Norma Lum\u00ednica vigente, D.S. N\u00b043 del 2012 del MMA, y ampl\u00eda su alcance desde las regiones de Antofagasta, Atacama y Coquimbo, a todo el territorio nacional.<\/p>\n<\/div><\/li><li class=\"fusion-li-item\" style=\"--awb-iconcolor:#0f5ea5;\"><span class=\"icon-wrapper circle-yes\"><i class=\"fusion-li-icon fa-check fas\" aria-hidden=\"true\"><\/i><\/span><div class=\"fusion-li-item-content\">\n<p>Las luminarias que son parte del alumbrado de exteriores, tales como alumbrado de calles y veredas, industrias, recintos deportivos, entre otros, deben contar con una certificaci\u00f3n previa a la instalaci\u00f3n, la que debe ser otorgada por un Organismo de Certificaci\u00f3n autorizado por la SEC, efectuada en laboratorios autorizados que aplican el procedimiento que dicte la SMA para tales efectos.<\/p>\n<\/div><\/li><\/ul><\/div><\/div><\/div><\/div>\n","protected":false},"excerpt":{"rendered":"","protected":false},"author":3,"featured_media":0,"parent":0,"menu_order":0,"comment_status":"closed","ping_status":"closed","template":"","meta":{"footnotes":""},"class_list":["post-30866","page","type-page","status-publish","hentry"],"_links":{"self":[{"href":"https:\/\/portal.sma.gob.cl\/index.php\/wp-json\/wp\/v2\/pages\/30866","targetHints":{"allow":["GET"]}}],"collection":[{"href":"https:\/\/portal.sma.gob.cl\/index.php\/wp-json\/wp\/v2\/pages"}],"about":[{"href":"https:\/\/portal.sma.gob.cl\/index.php\/wp-json\/wp\/v2\/types\/page"}],"author":[{"embeddable":true,"href":"https:\/\/portal.sma.gob.cl\/index.php\/wp-json\/wp\/v2\/users\/3"}],"replies":[{"embeddable":true,"href":"https:\/\/portal.sma.gob.cl\/index.php\/wp-json\/wp\/v2\/comments?post=30866"}],"version-history":[{"count":28,"href":"https:\/\/portal.sma.gob.cl\/index.php\/wp-json\/wp\/v2\/pages\/30866\/revisions"}],"predecessor-version":[{"id":30895,"href":"https:\/\/portal.sma.gob.cl\/index.php\/wp-json\/wp\/v2\/pages\/30866\/revisions\/30895"}],"wp:attachment":[{"href":"https:\/\/portal.sma.gob.cl\/index.php\/wp-json\/wp\/v2\/media?parent=30866"}],"curies":[{"name":"wp","href":"https:\/\/api.w.org\/{rel}","templated":true}]}}