{"id":31440,"date":"2024-05-28T17:38:02","date_gmt":"2024-05-28T21:38:02","guid":{"rendered":"https:\/\/portal.sma.gob.cl\/?page_id=31440"},"modified":"2024-06-05T16:10:19","modified_gmt":"2024-06-05T20:10:19","slug":"hoja-de-ruta-implementacion","status":"publish","type":"page","link":"https:\/\/portal.sma.gob.cl\/index.php\/ley-rep\/hoja-de-ruta-implementacion\/","title":{"rendered":"Hoja de ruta implementaci\u00f3n"},"content":{"rendered":"<p><div class=\"fusion-bg-parallax\" data-bg-align=\"left top\" data-direction=\"up\" data-mute=\"false\" data-opacity=\"100\" data-velocity=\"-0.3\" data-mobile-enabled=\"false\" data-break_parents=\"0\" data-bg-image=\"https:\/\/portal.sma.gob.cl\/wp-content\/uploads\/2024\/06\/icono-abstracto-que-representa-llamado-ecologico-al-reciclaje-reutilizacion-forma-estanque-simbolo-reciclaje-medio-hermosa-jungla-virgen-representacion-3d.jpg\" data-bg-repeat=\"false\" ><\/div><div class=\"fusion-fullwidth fullwidth-box fusion-builder-row-1 fusion-flex-container has-pattern-background has-mask-background fusion-parallax-up nonhundred-percent-fullwidth non-hundred-percent-height-scrolling\" style=\"--awb-background-position:left top;--awb-border-radius-top-left:0px;--awb-border-radius-top-right:0px;--awb-border-radius-bottom-right:0px;--awb-border-radius-bottom-left:0px;--awb-padding-right-small:7vh;--awb-padding-left-small:7vh;--awb-background-image:url(&quot;https:\/\/portal.sma.gob.cl\/wp-content\/uploads\/2024\/06\/icono-abstracto-que-representa-llamado-ecologico-al-reciclaje-reutilizacion-forma-estanque-simbolo-reciclaje-medio-hermosa-jungla-virgen-representacion-3d.jpg&quot;);--awb-background-size:cover;--awb-flex-wrap:wrap;\" ><div class=\"fusion-builder-row fusion-row fusion-flex-align-items-flex-start fusion-flex-content-wrap\" style=\"max-width:1144px;margin-left: calc(-4% \/ 2 );margin-right: calc(-4% \/ 2 );\"><div class=\"fusion-layout-column fusion_builder_column fusion-builder-column-0 fusion_builder_column_2_3 2_3 fusion-flex-column fusion-animated\" style=\"--awb-padding-top:7vh;--awb-padding-bottom:7vh;--awb-padding-top-medium:10vh;--awb-padding-bottom-medium:10vh;--awb-padding-top-small:8vh;--awb-padding-right-small:2vh;--awb-padding-bottom-small:0px;--awb-padding-left-small:2vh;--awb-bg-size:cover;--awb-width-large:66.666666666667%;--awb-margin-top-large:0px;--awb-spacing-right-large:2.88%;--awb-margin-bottom-large:0px;--awb-spacing-left-large:2.88%;--awb-width-medium:50%;--awb-order-medium:0;--awb-spacing-right-medium:3.84%;--awb-spacing-left-medium:3.84%;--awb-width-small:100%;--awb-order-small:0;--awb-spacing-right-small:1.92%;--awb-spacing-left-small:1.92%;\" data-animationType=\"fadeInLeft\" data-animationDuration=\"1.0\" data-animationOffset=\"top-into-view\" data-scroll-devices=\"small-visibility,medium-visibility,large-visibility\"><div class=\"fusion-column-wrapper fusion-column-has-shadow fusion-flex-justify-content-flex-start fusion-content-layout-row\"><div class=\"fusion-text fusion-text-1\" style=\"--awb-font-size:26px;--awb-line-height:1.5em;--awb-text-color:var(--awb-color1);--awb-text-font-family:&quot;museo-sans-rounded&quot;;--awb-text-font-style:normal;--awb-text-font-weight:700;\"><p><strong>#LeyREPSMA \/ Hoja de ruta<\/strong><\/p>\n<\/div><\/div><\/div><\/div><\/div><div class=\"fusion-fullwidth fullwidth-box fusion-builder-row-2 fusion-flex-container has-pattern-background has-mask-background nonhundred-percent-fullwidth non-hundred-percent-height-scrolling\" style=\"--awb-border-radius-top-left:0px;--awb-border-radius-top-right:0px;--awb-border-radius-bottom-right:0px;--awb-border-radius-bottom-left:0px;--awb-margin-top:0px;--awb-margin-bottom:0px;--awb-margin-bottom-small:0px;--awb-flex-wrap:wrap;\" ><div class=\"fusion-builder-row fusion-row fusion-flex-align-items-stretch fusion-flex-content-wrap\" style=\"max-width:1144px;margin-left: calc(-4% \/ 2 );margin-right: calc(-4% \/ 2 );\"><div class=\"fusion-layout-column fusion_builder_column fusion-builder-column-1 fusion_builder_column_1_1 1_1 fusion-flex-column fusion-flex-align-self-center\" style=\"--awb-padding-top:40px;--awb-padding-bottom:60px;--awb-padding-top-medium:60px;--awb-padding-bottom-medium:60px;--awb-padding-top-small:20px;--awb-bg-size:cover;--awb-width-large:100%;--awb-margin-top-large:0px;--awb-spacing-right-large:30px;--awb-margin-bottom-large:20px;--awb-spacing-left-large:1.92%;--awb-width-medium:40%;--awb-order-medium:0;--awb-spacing-right-medium:30px;--awb-spacing-left-medium:4.8%;--awb-width-small:100%;--awb-order-small:1;--awb-spacing-right-small:1.92%;--awb-margin-bottom-small:0px;--awb-spacing-left-small:1.92%;\" data-scroll-devices=\"small-visibility,medium-visibility,large-visibility\"><div class=\"fusion-column-wrapper fusion-column-has-shadow fusion-flex-justify-content-flex-start fusion-content-layout-row\"><div class=\"fusion-title title fusion-title-1 fusion-title-text fusion-title-size-two\" style=\"--awb-text-color:#512f40;--awb-margin-bottom:25px;--awb-margin-top-small:0px;--awb-margin-right-small:0px;--awb-margin-bottom-small:20px;--awb-margin-left-small:0px;--awb-font-size:43px;\"><div class=\"title-sep-container title-sep-container-left fusion-no-large-visibility fusion-no-medium-visibility fusion-no-small-visibility\"><div class=\"title-sep sep-double sep-solid\" style=\"border-color:#e0dede;\"><\/div><\/div><span class=\"awb-title-spacer fusion-no-large-visibility fusion-no-medium-visibility fusion-no-small-visibility\"><\/span><h2 class=\"fusion-title-heading title-heading-left fusion-responsive-typography-calculated\" style=\"font-family:&quot;museo-sans-rounded&quot;;font-style:normal;font-weight:700;margin:0;font-size:1em;--fontSize:43;line-height:1.35;\"><strong>Hoja de Ruta implementaci\u00f3n paulatina de REP<\/strong><\/h2><span class=\"awb-title-spacer\"><\/span><div class=\"title-sep-container title-sep-container-right\"><div class=\"title-sep sep-double sep-solid\" style=\"border-color:#e0dede;\"><\/div><\/div><\/div><div class=\"fusion-separator\" style=\"align-self: flex-start;margin-right:auto;width:100%;max-width:40%;\"><div class=\"fusion-separator-border sep-single sep-solid\" style=\"--awb-height:20px;--awb-amount:20px;--awb-sep-color:#dfd786;border-color:#dfd786;border-top-width:3px;\"><\/div><\/div><\/div><\/div><\/div><\/div><div class=\"fusion-fullwidth fullwidth-box fusion-builder-row-3 fusion-flex-container has-pattern-background has-mask-background nonhundred-percent-fullwidth non-hundred-percent-height-scrolling\" style=\"--awb-border-radius-top-left:0px;--awb-border-radius-top-right:0px;--awb-border-radius-bottom-right:0px;--awb-border-radius-bottom-left:0px;--awb-flex-wrap:wrap;\" ><div class=\"fusion-builder-row fusion-row fusion-flex-align-items-flex-start fusion-flex-content-wrap\" style=\"max-width:1144px;margin-left: calc(-4% \/ 2 );margin-right: calc(-4% \/ 2 );\"><div class=\"fusion-layout-column fusion_builder_column fusion-builder-column-2 fusion_builder_column_1_1 1_1 fusion-flex-column\" style=\"--awb-bg-size:cover;--awb-width-large:100%;--awb-margin-top-large:0px;--awb-spacing-right-large:1.92%;--awb-margin-bottom-large:20px;--awb-spacing-left-large:1.92%;--awb-width-medium:100%;--awb-order-medium:0;--awb-spacing-right-medium:1.92%;--awb-spacing-left-medium:1.92%;--awb-width-small:100%;--awb-order-small:0;--awb-spacing-right-small:1.92%;--awb-spacing-left-small:1.92%;\"><div class=\"fusion-column-wrapper fusion-column-has-shadow fusion-flex-justify-content-flex-start fusion-content-layout-column\"><div class=\"fusion-content-boxes content-boxes columns row fusion-columns-1 fusion-columns-total-3 fusion-content-boxes-1 content-boxes-timeline-vertical content-left content-boxes-timeline-layout content-boxes-icon-with-title fusion-delayed-animation\" style=\"--awb-backgroundcolor:#f3f1e9;--awb-body-color:var(--awb-color8);--awb-title-color:#512f40;--awb-iconcolor:#ffffff;--awb-hover-accent-color:#1d1d1f;--awb-circle-hover-accent-color:#1d1d1f;--awb-item-margin-bottom:40px;\" data-animation-delay=\"350\" data-animationOffset=\"top-into-view\"><div style=\"--awb-backgroundcolor:#f3f1e9;--awb-iconcolor:#ffffff;--awb-content-padding-left:68px;\" class=\"fusion-column content-box-column content-box-column content-box-column-1 col-lg-12 col-md-12 col-sm-12 fusion-content-box-hover content-box-column-last-in-row\"><div class=\"col content-box-wrapper content-wrapper-background link-area-link-icon icon-hover-animation-fade fusion-animated\" data-animationType=\"fadeIn\" data-animationDuration=\"0.25\" data-animationOffset=\"top-into-view\"><div class=\"heading heading-with-icon icon-left\" style=\"margin-top:10px;\"><div class=\"icon\" style=\"margin-top:-10px;margin-bottom:-10px;-webkit-animation-duration: 350ms;animation-duration: 350ms;\"><i style=\"border-color:#282828;border-width:0px;background-color:#4b993a;box-sizing:content-box;height:48px;width:48px;line-height:48px;border-radius:100%;font-size:24px;\" aria-hidden=\"true\" class=\"fontawesome-icon fa-calendar-alt fas circle-yes\"><\/i><\/div><h3 class=\"content-box-heading fusion-responsive-typography-calculated\" style=\"--h3_typography-font-size:28px;--fontSize:28;line-height:1.41;\">31 de mayo de 2024<\/h3><\/div><div class=\"fusion-clearfix\"><\/div><div class=\"content-container\">\n<ul>\n<li><strong>Informe Final Cumplimiento Metas de Recolecci\u00f3n y Valorizaci\u00f3n<\/strong><\/li>\n<li><strong>Obligaciones asociadas correspondientes al a\u00f1o 2023<\/strong><\/li>\n<\/ul>\n<p>Los Sistemas de Gesti\u00f3n, ya sean individuales o colectivos y actuando en representaci\u00f3n del (de los) productor(es) de productos prioritarios neum\u00e1ticos o envases y embalajes, deber\u00e1n presentar a la SMA, a trav\u00e9s de la plataforma del RETC del Ministerio del medio Ambiente, el Informe Final que da cuenta del cumplimiento de las metas de recolecci\u00f3n y valorizaci\u00f3n, as\u00ed como de obligaciones asociadas, seg\u00fan corresponda, correspondientes al a\u00f1o 2023. Para la certificaci\u00f3n de los informes, en ausencia de entidades t\u00e9cnicas autorizadas por la SMA, basta con contratar los servicios de cualquier empresa auditora.<\/p>\n<p>Respecto al anexo con datos consolidados, que se debe adjuntar al informe de cumplimiento de meta, la Superintendencia ha dispuesto una planilla en formato Excel, que puede ser descargada del portal de la SMA.<\/p>\n<p>Adicionalmente, los SG de tipo colectivos deber\u00e1 acompa\u00f1ar la garant\u00eda para caucionar las metas y obligaciones del a\u00f1o en curso.<br \/>\nPor otra parte, para que los consumidores industriales puedan cumplir con la obligaci\u00f3n de informar, respecto a la valorizaci\u00f3n de residuos de productos prioritarios efectuada, ya sea por s\u00ed mismos o a trav\u00e9s de gestores autorizados y registrados, la Superintendencia ha dispuesto una planilla en formato Excel, que puede ser descargada del portal de la SMA.<\/p>\n<\/div><div class=\"content-box-shortcode-timeline-vertical\" style=\"border-color:#282828;left:74px;top:59px;-webkit-transition-duration: 350ms;animation-duration: 350ms;\"><\/div><\/div><\/div><div style=\"--awb-backgroundcolor:#f3f1e9;--awb-iconcolor:var(--awb-color1);--awb-content-padding-left:68px;\" class=\"fusion-column content-box-column content-box-column content-box-column-2 col-lg-12 col-md-12 col-sm-12 fusion-content-box-hover content-box-column-last-in-row\"><div class=\"col content-box-wrapper content-wrapper-background link-area-link-icon icon-hover-animation-fade fusion-animated\" data-animationType=\"fadeIn\" data-animationDuration=\"0.25\" data-animationOffset=\"top-into-view\"><div class=\"heading heading-with-icon icon-left\" style=\"margin-top:10px;\"><div class=\"icon\" style=\"margin-top:-10px;margin-bottom:-10px;-webkit-animation-duration: 350ms;animation-duration: 350ms;\"><i style=\"border-color:#282828;border-width:0px;background-color:#4b993a;box-sizing:content-box;height:48px;width:48px;line-height:48px;border-radius:100%;font-size:24px;\" aria-hidden=\"true\" class=\"fontawesome-icon fa-calendar-alt fas circle-yes\"><\/i><\/div><h3 class=\"content-box-heading fusion-responsive-typography-calculated\" style=\"--h3_typography-font-size:28px;--fontSize:28;line-height:1.41;\">30 de septiembre de 2024<\/h3><\/div><div class=\"fusion-clearfix\"><\/div><div class=\"content-container\">\n<p>Los Sistemas de Gesti\u00f3n, ya sea individuales o colectivos y actuando en representaci\u00f3n del (de los) productor(es) de productos prioritarios neum\u00e1ticos o envases y embalajes, a trav\u00e9s de la plataforma del RETC del Ministerio del medio Ambiente, el Informe que da cuenta del estado de avance de las metas de recolecci\u00f3n y valorizaci\u00f3n, as\u00ed como de obligaciones asociadas, seg\u00fan corresponda, correspondientes al periodo 01 de enero a 31 de junio de 2024.<\/p>\n<\/div><div class=\"content-box-shortcode-timeline-vertical\" style=\"border-color:#282828;left:74px;top:59px;-webkit-transition-duration: 350ms;animation-duration: 350ms;\"><\/div><\/div><\/div><div style=\"--awb-backgroundcolor:#f3f1e9;--awb-iconcolor:#ffffff;--awb-content-padding-left:68px;\" class=\"fusion-column content-box-column content-box-column content-box-column-3 col-lg-12 col-md-12 col-sm-12 fusion-content-box-hover content-box-column-last content-box-column-last-in-row\"><div class=\"col content-box-wrapper content-wrapper-background link-area-link-icon icon-hover-animation-fade fusion-animated\" data-animationType=\"fadeIn\" data-animationDuration=\"0.25\" data-animationOffset=\"top-into-view\"><div class=\"heading heading-with-icon icon-left\" style=\"margin-top:10px;\"><div class=\"icon\" style=\"margin-top:-10px;margin-bottom:-10px;-webkit-animation-duration: 350ms;animation-duration: 350ms;\"><i style=\"border-color:#282828;border-width:0px;background-color:#4b993a;box-sizing:content-box;height:48px;width:48px;line-height:48px;border-radius:100%;font-size:24px;\" aria-hidden=\"true\" class=\"fontawesome-icon fa-calendar-alt fas circle-yes\"><\/i><\/div><h3 class=\"content-box-heading fusion-responsive-typography-calculated\" style=\"--h3_typography-font-size:28px;--fontSize:28;line-height:1.41;\">01 de enero de 2025<\/h3><\/div><div class=\"fusion-clearfix\"><\/div><div class=\"content-container\">\n<p>Entrada en vigencia de la instrucci\u00f3n general, quedando inmediatamente derogadas las resoluciones exentas N\u00b0805 y N\u00b01.090, ambas de 2021, de la SMA, que establec\u00edan los contenidos que deb\u00edan tener los informes de cumplimiento de meta de los sistemas de gesti\u00f3n (SG) de neum\u00e1ticos y envases y embalajes, respectivamente.<\/p>\n<\/div><div class=\"content-box-shortcode-timeline-vertical\" style=\"border-color:#282828;left:74px;top:59px;-webkit-transition-duration: 350ms;animation-duration: 350ms;\"><\/div><\/div><\/div><div class=\"fusion-clearfix\"><\/div><\/div><\/div><\/div><\/div><\/div><\/p>\n","protected":false},"excerpt":{"rendered":"","protected":false},"author":3,"featured_media":0,"parent":31230,"menu_order":0,"comment_status":"closed","ping_status":"closed","template":"100-width.php","meta":{"footnotes":""},"class_list":["post-31440","page","type-page","status-publish","hentry"],"_links":{"self":[{"href":"https:\/\/portal.sma.gob.cl\/index.php\/wp-json\/wp\/v2\/pages\/31440","targetHints":{"allow":["GET"]}}],"collection":[{"href":"https:\/\/portal.sma.gob.cl\/index.php\/wp-json\/wp\/v2\/pages"}],"about":[{"href":"https:\/\/portal.sma.gob.cl\/index.php\/wp-json\/wp\/v2\/types\/page"}],"author":[{"embeddable":true,"href":"https:\/\/portal.sma.gob.cl\/index.php\/wp-json\/wp\/v2\/users\/3"}],"replies":[{"embeddable":true,"href":"https:\/\/portal.sma.gob.cl\/index.php\/wp-json\/wp\/v2\/comments?post=31440"}],"version-history":[{"count":25,"href":"https:\/\/portal.sma.gob.cl\/index.php\/wp-json\/wp\/v2\/pages\/31440\/revisions"}],"predecessor-version":[{"id":31838,"href":"https:\/\/portal.sma.gob.cl\/index.php\/wp-json\/wp\/v2\/pages\/31440\/revisions\/31838"}],"up":[{"embeddable":true,"href":"https:\/\/portal.sma.gob.cl\/index.php\/wp-json\/wp\/v2\/pages\/31230"}],"wp:attachment":[{"href":"https:\/\/portal.sma.gob.cl\/index.php\/wp-json\/wp\/v2\/media?parent=31440"}],"curies":[{"name":"wp","href":"https:\/\/api.w.org\/{rel}","templated":true}]}}