{"id":33626,"date":"2024-11-11T09:22:08","date_gmt":"2024-11-11T12:22:08","guid":{"rendered":"https:\/\/portal.sma.gob.cl\/?page_id=33626"},"modified":"2025-11-20T15:37:37","modified_gmt":"2025-11-20T18:37:37","slug":"asistencia-al-cumplimiento","status":"publish","type":"page","link":"https:\/\/portal.sma.gob.cl\/index.php\/asistencia-al-cumplimiento\/","title":{"rendered":"Asistencia al Cumplimiento"},"content":{"rendered":"<p><div class=\"fusion-fullwidth fullwidth-box fusion-builder-row-1 fusion-flex-container has-pattern-background has-mask-background nonhundred-percent-fullwidth non-hundred-percent-height-scrolling\" style=\"--awb-border-radius-top-left:0px;--awb-border-radius-top-right:0px;--awb-border-radius-bottom-right:0px;--awb-border-radius-bottom-left:0px;--awb-flex-wrap:wrap;\" ><div class=\"fusion-builder-row fusion-row fusion-flex-align-items-flex-start fusion-flex-content-wrap\" style=\"max-width:1144px;margin-left: calc(-4% \/ 2 );margin-right: calc(-4% \/ 2 );\"><div class=\"fusion-layout-column fusion_builder_column fusion-builder-column-0 fusion_builder_column_1_1 1_1 fusion-flex-column\" style=\"--awb-bg-size:cover;--awb-width-large:100%;--awb-margin-top-large:0px;--awb-spacing-right-large:1.92%;--awb-margin-bottom-large:20px;--awb-spacing-left-large:1.92%;--awb-width-medium:100%;--awb-order-medium:0;--awb-spacing-right-medium:1.92%;--awb-spacing-left-medium:1.92%;--awb-width-small:100%;--awb-order-small:0;--awb-spacing-right-small:1.92%;--awb-spacing-left-small:1.92%;\"><div class=\"fusion-column-wrapper fusion-column-has-shadow fusion-flex-justify-content-flex-start fusion-content-layout-column\"><div class=\"fusion-image-element \" style=\"--awb-caption-title-font-family:var(--h2_typography-font-family);--awb-caption-title-font-weight:var(--h2_typography-font-weight);--awb-caption-title-font-style:var(--h2_typography-font-style);--awb-caption-title-size:var(--h2_typography-font-size);--awb-caption-title-transform:var(--h2_typography-text-transform);--awb-caption-title-line-height:var(--h2_typography-line-height);--awb-caption-title-letter-spacing:var(--h2_typography-letter-spacing);\"><span class=\" fusion-imageframe imageframe-none imageframe-1 hover-type-none\" style=\"border-radius:20px;\"><img decoding=\"async\" width=\"1400\" height=\"728\" title=\"Asistencia al cumplimiento\" src=\"https:\/\/portal.sma.gob.cl\/wp-content\/uploads\/2024\/11\/asistencia24.jpg\" alt class=\"img-responsive wp-image-33666\" srcset=\"https:\/\/portal.sma.gob.cl\/wp-content\/uploads\/2024\/11\/asistencia24-200x104.jpg 200w, https:\/\/portal.sma.gob.cl\/wp-content\/uploads\/2024\/11\/asistencia24-400x208.jpg 400w, https:\/\/portal.sma.gob.cl\/wp-content\/uploads\/2024\/11\/asistencia24-600x312.jpg 600w, https:\/\/portal.sma.gob.cl\/wp-content\/uploads\/2024\/11\/asistencia24-800x416.jpg 800w, https:\/\/portal.sma.gob.cl\/wp-content\/uploads\/2024\/11\/asistencia24-1200x624.jpg 1200w, https:\/\/portal.sma.gob.cl\/wp-content\/uploads\/2024\/11\/asistencia24.jpg 1400w\" sizes=\"(max-width: 1024px) 100vw, (max-width: 640px) 100vw, 1200px\" \/><\/span><\/div><div class=\"fusion-text fusion-text-1\" style=\"--awb-content-alignment:justify;--awb-font-size:18px;--awb-line-height:1.72em;--awb-letter-spacing:var(--awb-typography4-letter-spacing);--awb-text-transform:var(--awb-typography4-text-transform);--awb-text-color:#19052e;--awb-margin-top:40px;--awb-text-font-family:&quot;Open Sans&quot;;--awb-text-font-style:normal;--awb-text-font-weight:400;\"><p><strong><span lang=\"es\">\u00bfQu\u00e9 es la asistencia al cumplimiento?<\/span><\/strong><\/p>\n<p><span data-olk-copy-source=\"MessageBody\">La asistencia al cumplimiento es una funci\u00f3n contemplada en el literal u) del art\u00edculo 3\u00b0 de la LOSMA, consistente en la atenci\u00f3n, orientaci\u00f3n, explicaci\u00f3n o aclaraci\u00f3n que la Superintendencia puede proporcionar a los <strong>regulados,<\/strong> respecto de las obligaciones contenidas en los instrumentos de car\u00e1cter ambiental de competencia del servicio, como de los procesos, procedimientos administrativos o sistemas digitales a cargo de la Superintendencia, que incidan en los regulados, adem\u00e1s de los requisitos y criterios para la presentaci\u00f3n de programas de cumplimiento, autodenuncias o planes de reparaci\u00f3n.<\/span><\/p>\n<p><span data-olk-copy-source=\"MessageBody\">Los mecanismos de asistencia al cumplimiento son las v\u00edas institucionales, mediante los cuales la Superintendencia lleva a cabo la funci\u00f3n contemplada en el literal u) del art\u00edculo 3 de la LOSMA. Constituyen mecanismos o v\u00edas de asistencia al cumplimiento los siguientes:\u00a0i) Atenci\u00f3n y orientaci\u00f3n al regulado; ii) Documentos de incentivo al cumplimiento; iii) Reuni\u00f3n de asistencia al cumplimiento; y, iv) Talleres.<\/span><\/p>\n<\/div><\/div><\/div><div class=\"fusion-layout-column fusion_builder_column fusion-builder-column-1 fusion_builder_column_1_1 1_1 fusion-flex-column\" style=\"--awb-padding-top:20px;--awb-padding-right:20px;--awb-padding-bottom:5px;--awb-padding-left:20px;--awb-overflow:hidden;--awb-bg-size:cover;--awb-box-shadow:1px 1px 16px 1px #dddddd;;--awb-border-radius:10px 10px 10px 10px;--awb-width-large:100%;--awb-margin-top-large:0px;--awb-spacing-right-large:1.92%;--awb-margin-bottom-large:30px;--awb-spacing-left-large:1.92%;--awb-width-medium:100%;--awb-order-medium:0;--awb-spacing-right-medium:1.92%;--awb-spacing-left-medium:1.92%;--awb-width-small:100%;--awb-order-small:0;--awb-spacing-right-small:1.92%;--awb-spacing-left-small:1.92%;\" data-scroll-devices=\"small-visibility,medium-visibility,large-visibility\"><div class=\"fusion-column-wrapper fusion-column-has-shadow fusion-flex-justify-content-flex-start fusion-content-layout-column\"><div class=\"fusion-text fusion-text-2\" style=\"--awb-content-alignment:left;--awb-font-size:18px;--awb-line-height:28px;\"><p><span style=\"color: #0f69b4;\"><strong>Atenci\u00f3n y Orientaci\u00f3n al Regulado<\/strong><\/span><\/p>\n<ul>\n<li class=\"x_elementToProof\">Atenci\u00f3n presencial regiones: <span style=\"text-decoration: underline;\"><a href=\"https:\/\/portal.sma.gob.cl\/index.php\/oficinas-regionales\/\" target=\"_blank\" rel=\"noopener\">Ver oficinas regionales<\/a><\/span><\/li>\n<li><span data-olk-copy-source=\"MessageBody\">Atenci\u00f3n presencial RM: Teatinos 280, piso 8. Horario de atenci\u00f3n: Lunes a viernes de 9:00 a 13:00 horas.<\/span><\/li>\n<li>Atenci\u00f3n telef\u00f3nica: 226171861, entre 09:00 a 13:00 hrs.<\/li>\n<li>Consulta regulados: <span style=\"text-decoration: underline;\"><a href=\"https:\/\/smagob.atlassian.net\/servicedesk\/customer\/portal\/2\/group\/4\" target=\"_blank\" rel=\"noopener\">OIRS regulados<\/a><\/span><\/li>\n<\/ul>\n<\/div><\/div><\/div><div class=\"fusion-layout-column fusion_builder_column fusion-builder-column-2 fusion_builder_column_1_1 1_1 fusion-flex-column\" style=\"--awb-padding-top:20px;--awb-padding-right:20px;--awb-padding-bottom:20px;--awb-padding-left:20px;--awb-overflow:hidden;--awb-bg-size:cover;--awb-box-shadow:1px 1px 16px 1px #dddddd;;--awb-border-radius:10px 10px 10px 10px;--awb-width-large:100%;--awb-margin-top-large:0px;--awb-spacing-right-large:1.92%;--awb-margin-bottom-large:30px;--awb-spacing-left-large:1.92%;--awb-width-medium:100%;--awb-order-medium:0;--awb-spacing-right-medium:1.92%;--awb-spacing-left-medium:1.92%;--awb-width-small:100%;--awb-order-small:0;--awb-spacing-right-small:1.92%;--awb-spacing-left-small:1.92%;\" data-scroll-devices=\"small-visibility,medium-visibility,large-visibility\"><div class=\"fusion-column-wrapper fusion-column-has-shadow fusion-flex-justify-content-flex-start fusion-content-layout-column\"><div class=\"fusion-text fusion-text-3\" style=\"--awb-font-size:18px;--awb-line-height:25px;\"><p style=\"text-align: left;\"><span style=\"color: #0f69b4;\"><strong>Documentos de Asistencia al Cumplimiento<\/strong><\/span><\/p>\n<ul>\n<li><span style=\"text-decoration: underline;\"><a href=\"https:\/\/portal.sma.gob.cl\/index.php\/portal-regulados\/instructivos-y-guias\/\">Ir a los instructivos y gu\u00edas<\/a><\/span><\/li>\n<\/ul>\n<\/div><\/div><\/div><div class=\"fusion-layout-column fusion_builder_column fusion-builder-column-3 fusion_builder_column_1_1 1_1 fusion-flex-column\" style=\"--awb-padding-top:20px;--awb-padding-right:20px;--awb-padding-bottom:20px;--awb-padding-left:20px;--awb-overflow:hidden;--awb-bg-size:cover;--awb-box-shadow:1px 1px 16px 1px #dddddd;;--awb-border-radius:10px 10px 10px 10px;--awb-width-large:100%;--awb-margin-top-large:0px;--awb-spacing-right-large:1.92%;--awb-margin-bottom-large:30px;--awb-spacing-left-large:1.92%;--awb-width-medium:100%;--awb-order-medium:0;--awb-spacing-right-medium:1.92%;--awb-spacing-left-medium:1.92%;--awb-width-small:100%;--awb-order-small:0;--awb-spacing-right-small:1.92%;--awb-spacing-left-small:1.92%;\" data-scroll-devices=\"small-visibility,medium-visibility,large-visibility\"><div class=\"fusion-column-wrapper fusion-column-has-shadow fusion-flex-justify-content-flex-start fusion-content-layout-column\"><div class=\"fusion-text fusion-text-4\" style=\"--awb-font-size:18px;--awb-line-height:25px;\"><p><strong><span style=\"color: #0f69b4;\">Reuni\u00f3n de Asistencia al Cumplimiento de Regulados<\/span><\/strong><\/p>\n<ul>\n<li style=\"text-align: left;\"><a href=\"https:\/\/sma.cerofilas.gob.cl\/tramites\/informativo\/2944\" target=\"_blank\" rel=\"noopener\"><span style=\"text-decoration: underline;\">Solicita aqu\u00ed reuni\u00f3n de Asistencia al Cumplimiento<\/span><\/a><\/li>\n<\/ul>\n<\/div><\/div><\/div><\/div><\/div><div class=\"fusion-fullwidth fullwidth-box fusion-builder-row-2 fusion-flex-container has-pattern-background has-mask-background nonhundred-percent-fullwidth non-hundred-percent-height-scrolling\" style=\"--awb-border-radius-top-left:0px;--awb-border-radius-top-right:0px;--awb-border-radius-bottom-right:0px;--awb-border-radius-bottom-left:0px;--awb-flex-wrap:wrap;\" ><div class=\"fusion-builder-row fusion-row fusion-flex-align-items-flex-start fusion-flex-content-wrap\" style=\"max-width:1144px;margin-left: calc(-4% \/ 2 );margin-right: calc(-4% \/ 2 );\"><div class=\"fusion-layout-column fusion_builder_column fusion-builder-column-4 fusion_builder_column_1_1 1_1 fusion-flex-column fusion-column-inner-bg-wrapper\" style=\"--awb-padding-bottom:0px;--awb-inner-bg-size:cover;--awb-width-large:100%;--awb-margin-top-large:0px;--awb-spacing-right-large:1.92%;--awb-margin-bottom-large:20px;--awb-spacing-left-large:1.92%;--awb-width-medium:100%;--awb-order-medium:0;--awb-spacing-right-medium:1.92%;--awb-spacing-left-medium:1.92%;--awb-width-small:100%;--awb-order-small:0;--awb-spacing-right-small:1.92%;--awb-spacing-left-small:1.92%;\" data-scroll-devices=\"small-visibility,medium-visibility,large-visibility\"><span class=\"fusion-column-inner-bg hover-type-none\"><a class=\"fusion-column-anchor\" href=\"https:\/\/portal.sma.gob.cl\/index.php\/download\/resolucion-exenta-258-sma\/?wpdmdl=33661&#038;masterkey=jBhCxN0pQNf4d7e1ciFPiedbO3iVsFDyY0h5MZURkLz0aU1M628rfL5gVZbR2bUELYmr9gIz89nuxrujSAh7mbChhqwLStIgfCO0vh9M4F4\"><span class=\"fusion-column-inner-bg-image\"><\/span><\/a><\/span><div class=\"fusion-column-wrapper fusion-column-has-shadow fusion-flex-justify-content-flex-start fusion-content-layout-column\"><div class=\"fusion-alert alert custom alert-custom fusion-alert-left awb-alert-native-link-color\" style=\"--awb-background-color:#ffffff;--awb-accent-color:#0f69b4;--awb-border-size:2px;--awb-border-top-left-radius:5px;--awb-border-top-right-radius:5px;--awb-border-bottom-left-radius:5px;--awb-border-bottom-right-radius:5px;--awb-padding-top:20px;--awb-padding-right:10px;--awb-padding-bottom:20px;--awb-padding-left:20px;\" role=\"alert\"><div class=\"fusion-alert-content-wrapper\"><span class=\"alert-icon\"><i class=\"fa-file-alt fas\" aria-hidden=\"true\"><\/i><\/span><span class=\"fusion-alert-content\"><span style=\"font-size: 18px;\">Instrucciones generales para la Asistencia al Cumplimiento<\/span><\/span><\/div><\/div><\/div><\/div><div class=\"fusion-layout-column fusion_builder_column fusion-builder-column-5 fusion_builder_column_1_1 1_1 fusion-flex-column fusion-column-inner-bg-wrapper\" style=\"--awb-inner-bg-size:cover;--awb-width-large:100%;--awb-margin-top-large:0px;--awb-spacing-right-large:1.92%;--awb-margin-bottom-large:20px;--awb-spacing-left-large:1.92%;--awb-width-medium:100%;--awb-order-medium:0;--awb-spacing-right-medium:1.92%;--awb-spacing-left-medium:1.92%;--awb-width-small:100%;--awb-order-small:0;--awb-spacing-right-small:1.92%;--awb-spacing-left-small:1.92%;\" data-scroll-devices=\"small-visibility,medium-visibility,large-visibility\"><span class=\"fusion-column-inner-bg hover-type-none\"><a class=\"fusion-column-anchor\" href=\"https:\/\/portal.sma.gob.cl\/index.php\/download\/registro-publico-ac\/?wpdmdl=37041&#038;masterkey=6dZ-XN5SX7Y_X1voC15gYIGJt92tspmnxuDetarygORzI8L8G3PQBzLpPuyoLZQKQbyx1hrbkjy-YtfUgmAC0frl8nID5rJu3UDQEAnz18Q\" rel=\"noopener noreferrer\" target=\"_blank\"><span class=\"fusion-column-inner-bg-image\"><\/span><\/a><\/span><div class=\"fusion-column-wrapper fusion-column-has-shadow fusion-flex-justify-content-flex-start fusion-content-layout-column\"><div class=\"fusion-alert alert custom alert-custom fusion-alert-left awb-alert-native-link-color\" style=\"--awb-background-color:#ffffff;--awb-accent-color:#0f69b4;--awb-border-size:2px;--awb-border-top-left-radius:5px;--awb-border-top-right-radius:5px;--awb-border-bottom-left-radius:5px;--awb-border-bottom-right-radius:5px;--awb-padding-top:20px;--awb-padding-right:10px;--awb-padding-bottom:20px;--awb-padding-left:20px;\" role=\"alert\"><div class=\"fusion-alert-content-wrapper\"><span class=\"alert-icon\"><i class=\"fa-file-alt fas\" aria-hidden=\"true\"><\/i><\/span><span class=\"fusion-alert-content\"><span style=\"font-size: 18px;\">Registro p\u00fablico de Asistencia al Cumplimiento, desde noviembre de 2024<\/span><\/span><\/div><\/div><\/div><\/div><\/div><\/div><div class=\"fusion-fullwidth fullwidth-box fusion-builder-row-3 fusion-flex-container has-pattern-background has-mask-background nonhundred-percent-fullwidth non-hundred-percent-height-scrolling\" style=\"--awb-border-radius-top-left:0px;--awb-border-radius-top-right:0px;--awb-border-radius-bottom-right:0px;--awb-border-radius-bottom-left:0px;--awb-margin-top:0px;--awb-margin-bottom:0px;--awb-flex-wrap:wrap;\" ><div class=\"fusion-builder-row fusion-row fusion-flex-align-items-flex-start fusion-flex-content-wrap\" style=\"max-width:1144px;margin-left: calc(-4% \/ 2 );margin-right: calc(-4% \/ 2 );\"><div class=\"fusion-layout-column fusion_builder_column fusion-builder-column-6 fusion_builder_column_1_1 1_1 fusion-flex-column\" style=\"--awb-padding-top:20px;--awb-padding-right:20px;--awb-padding-bottom:20px;--awb-padding-left:20px;--awb-bg-size:cover;--awb-width-large:100%;--awb-margin-top-large:0px;--awb-spacing-right-large:1.92%;--awb-margin-bottom-large:20px;--awb-spacing-left-large:1.92%;--awb-width-medium:100%;--awb-order-medium:0;--awb-spacing-right-medium:1.92%;--awb-spacing-left-medium:1.92%;--awb-width-small:100%;--awb-order-small:0;--awb-spacing-right-small:1.92%;--awb-spacing-left-small:1.92%;\" data-scroll-devices=\"small-visibility,medium-visibility,large-visibility\"><div class=\"fusion-column-wrapper fusion-column-has-shadow fusion-flex-justify-content-flex-start fusion-content-layout-column\"><div class=\"fusion-modal modal fade modal-1 asistencia\" tabindex=\"-1\" role=\"dialog\" aria-labelledby=\"modal-heading-1\" aria-hidden=\"true\" style=\"--awb-border-color:var(--awb-color1);--awb-background:var(--awb-color2);\"><div class=\"modal-dialog modal-lg\" role=\"document\"><div class=\"modal-content fusion-modal-content\"><div class=\"modal-header\"><button class=\"close\" type=\"button\" data-dismiss=\"modal\" aria-hidden=\"true\" aria-label=\"Close\">&times;<\/button><h3 class=\"modal-title\" id=\"modal-heading-1\" data-dismiss=\"modal\" aria-hidden=\"true\"><\/h3><\/div><div class=\"modal-body fusion-clearfix\">\n<h2><span style=\"color: #0f69b4;\"><strong>Solicita aqu\u00ed reuni\u00f3n de Asistencia al Cumplimiento, seg\u00fan \u00e1rea:<\/strong><\/span><\/h2>\n<ul>\n<li><strong>Divisi\u00f3n de Sanci\u00f3n y Cumplimiento<\/strong><br \/>\nRuidos: <span style=\"text-decoration: underline;\"><a href=\"mailto:asistenciaruido@sma.gob.cl\">asistenciaruido@sma.gob.cl<\/a><\/span><br \/>\nRILes: <span style=\"text-decoration: underline;\"><a href=\"mailto:requerimientosriles@sma.gob.cl\">requerimientosriles@sma.gob.cl<\/a><\/span><br \/>\n<span style=\"text-decoration: underline;\"><a href=\"mailto:oficinadepartes@sma.gob.cl\">oficinadepartes@sma.gob.cl<\/a><\/span><\/li>\n<\/ul>\n<hr \/>\n<ul>\n<li><strong>Divisi\u00f3n de Fiscalizaci\u00f3n<\/strong><br \/>\n<span style=\"text-decoration: underline;\"><a href=\"mailto:oficinadepartes@sma.gob.cl\">oficinadepartes@sma.gob.cl<\/a><\/span><\/li>\n<\/ul>\n<p>Un titular podr\u00eda requerir una reuni\u00f3n de asistencia con DFZ, para recibir asistencia y orientaci\u00f3n para el cumplimiento de sus obligaciones.<\/p>\n<hr \/>\n<ul>\n<li><strong>Departamento de Entidades T\u00e9cnicas y Laboratorio<\/strong><br \/>\n<span style=\"text-decoration: underline;\"><a href=\"mailto:registroentidades@sma.gob.cl\">registroentidades@sma.gob.cl<\/a><\/span><\/li>\n<\/ul>\n<hr \/>\n<ul>\n<li><strong>Fiscal\u00eda<\/strong><br \/>\n<span style=\"text-decoration: underline;\"><a href=\"mailto:oficinadepartes@sma.gob.cl\">oficinadepartes@sma.gob.cl<\/a><\/span><\/li>\n<\/ul>\n<hr \/>\n<p><span style=\"text-decoration: underline;\"><strong>SEG\u00daN OFICINAS REGIONALES:<\/strong><\/span><\/p>\n<ul>\n<li>Arica y Parinacota: <span style=\"text-decoration: underline;\"><a href=\"mailto:oficina.arica@sma.gob.cl\">oficina.arica@sma.gob.cl<\/a><\/span><\/li>\n<li>Tarapac\u00e1: <span style=\"text-decoration: underline;\"><a href=\"mailto:oficina.tarapaca@sma.gob.cl\">oficina.tarapaca@sma.gob.cl<\/a><\/span><\/li>\n<li>Antofagasta: <span style=\"text-decoration: underline;\"><a href=\"mailto:oficina.antofagasta@sma.gob.cl\">oficina.antofagasta@sma.gob.cl<\/a><\/span><\/li>\n<li>Atacama: <span style=\"text-decoration: underline;\"><a href=\"mailto:oficina.atacama@sma.gob.cl\">oficina.atacama@sma.gob.cl<\/a><\/span><\/li>\n<li>Coquimbo: <span style=\"text-decoration: underline;\"><a href=\"mailto:oficina.coquimbo@sma.gob.cl\">oficina.coquimbo@sma.gob.cl<\/a><\/span><\/li>\n<li>Valpara\u00edso: <span style=\"text-decoration: underline;\"><a href=\"mailto:oficina.valparaiso@sma.gob.cl\">oficina.valparaiso@sma.gob.cl<\/a><\/span><\/li>\n<li>Metropolitana: <span style=\"text-decoration: underline;\"><a href=\"mailto:oficina.rm@sma.gob.cl\">oficina.rm@sma.gob.cl<\/a><\/span><\/li>\n<li>O&#8217;Higgins: <a href=\"mailto:oficina.ohiggins@sma.gob.cl\"><span style=\"text-decoration: underline;\">oficina.ohiggins@sma.gob.cl<\/span><\/a><\/li>\n<li>Maule: <span style=\"text-decoration: underline;\"><a href=\"mailto:oficina.maule@sma.gob.cl\">oficina.maule@sma.gob.cl<\/a><\/span><\/li>\n<li>\u00d1uble: <span style=\"text-decoration: underline;\"><a href=\"mailto:oficina.nuble@sma.gob.cl\">oficina.nuble@sma.gob.cl<\/a><\/span><\/li>\n<li>Biob\u00edo: <span style=\"text-decoration: underline;\"><a href=\"mailto:oficina.biobio@sma.gob.cl\">oficina.biobio@sma.gob.cl<\/a><\/span><\/li>\n<li>Araucan\u00eda: <span style=\"text-decoration: underline;\"><a href=\"mailto:oficina.araucania@sma.gob.cl\">oficina.araucania@sma.gob.cl<\/a><\/span><\/li>\n<li>Los R\u00edos: <span style=\"text-decoration: underline;\"><a href=\"mailto:oficina.losrios@sma.gob.cl\">oficina.losrios@sma.gob.cl<\/a><\/span><\/li>\n<li>Los Lagos: <span style=\"text-decoration: underline;\"><a href=\"mailto:oficina.loslagos@sma.gob.cl\">oficina.loslagos@sma.gob.cl<\/a><\/span><\/li>\n<li>Ays\u00e9n: <span style=\"text-decoration: underline;\"><a href=\"mailto:oficina.aysen@sma.gob.cl\">oficina.aysen@sma.gob.cl<\/a><\/span><\/li>\n<li>Magallanes: <span style=\"text-decoration: underline;\"><a href=\"mailto:oficina.magallanes@sma.gob.cl\">oficina.magallanes@sma.gob.cl<\/a><\/span><\/li>\n<\/ul>\n<\/div><\/div><\/div><\/div><\/div><\/div><\/div><\/div><\/p>\n","protected":false},"excerpt":{"rendered":"","protected":false},"author":3,"featured_media":0,"parent":0,"menu_order":0,"comment_status":"closed","ping_status":"closed","template":"","meta":{"footnotes":""},"class_list":["post-33626","page","type-page","status-publish","hentry"],"_links":{"self":[{"href":"https:\/\/portal.sma.gob.cl\/index.php\/wp-json\/wp\/v2\/pages\/33626","targetHints":{"allow":["GET"]}}],"collection":[{"href":"https:\/\/portal.sma.gob.cl\/index.php\/wp-json\/wp\/v2\/pages"}],"about":[{"href":"https:\/\/portal.sma.gob.cl\/index.php\/wp-json\/wp\/v2\/types\/page"}],"author":[{"embeddable":true,"href":"https:\/\/portal.sma.gob.cl\/index.php\/wp-json\/wp\/v2\/users\/3"}],"replies":[{"embeddable":true,"href":"https:\/\/portal.sma.gob.cl\/index.php\/wp-json\/wp\/v2\/comments?post=33626"}],"version-history":[{"count":59,"href":"https:\/\/portal.sma.gob.cl\/index.php\/wp-json\/wp\/v2\/pages\/33626\/revisions"}],"predecessor-version":[{"id":37043,"href":"https:\/\/portal.sma.gob.cl\/index.php\/wp-json\/wp\/v2\/pages\/33626\/revisions\/37043"}],"wp:attachment":[{"href":"https:\/\/portal.sma.gob.cl\/index.php\/wp-json\/wp\/v2\/media?parent=33626"}],"curies":[{"name":"wp","href":"https:\/\/api.w.org\/{rel}","templated":true}]}}