{"id":34506,"date":"2025-02-26T10:30:26","date_gmt":"2025-02-26T13:30:26","guid":{"rendered":"https:\/\/portal.sma.gob.cl\/?page_id=34506"},"modified":"2025-03-14T09:46:55","modified_gmt":"2025-03-14T12:46:55","slug":"gobernanza-en-chile","status":"publish","type":"page","link":"https:\/\/portal.sma.gob.cl\/index.php\/escazu-2025\/gobernanza-en-chile\/","title":{"rendered":"Gobernanza en Chile"},"content":{"rendered":"<p><div class=\"fusion-bg-parallax\" data-bg-align=\"left top\" data-direction=\"up\" data-mute=\"false\" data-opacity=\"100\" data-velocity=\"-0.3\" data-mobile-enabled=\"false\" data-break_parents=\"0\" data-bg-image=\"https:\/\/portal.sma.gob.cl\/wp-content\/uploads\/2025\/02\/arbol.jpg\" data-bg-repeat=\"false\" data-bg-gradient-type=\"linear\" data-bg-gradient-angle=\"58\" data-bg-gradient-start-color=\"#6f920f\" data-bg-gradient-start-position=\"13\" data-bg-gradient-end-color=\"rgba(22,50,119,0)\" data-bg-gradient-end-position=\"57\" data-bg-radial-direction=\"center center\" ><\/div><div class=\"fusion-fullwidth fullwidth-box fusion-builder-row-1 fusion-flex-container has-pattern-background has-mask-background fusion-parallax-up nonhundred-percent-fullwidth non-hundred-percent-height-scrolling\" style=\"--awb-background-position:left top;--awb-border-sizes-top:0;--awb-border-sizes-bottom:10px;--awb-border-sizes-left:0;--awb-border-sizes-right:0;--awb-border-color:#05a191;--awb-border-radius-top-left:0px;--awb-border-radius-top-right:0px;--awb-border-radius-bottom-right:0px;--awb-border-radius-bottom-left:0px;--awb-padding-right-small:7vh;--awb-padding-left-small:7vh;--awb-background-image:linear-gradient(58deg, #6f920f 13%,rgba(22,50,119,0) 57%),url(https:\/\/portal.sma.gob.cl\/wp-content\/uploads\/2025\/02\/arbol.jpg);;--awb-background-size:contain;--awb-flex-wrap:wrap;\" ><div class=\"fusion-builder-row fusion-row fusion-flex-align-items-flex-start fusion-flex-content-wrap\" style=\"max-width:1144px;margin-left: calc(-4% \/ 2 );margin-right: calc(-4% \/ 2 );\"><div class=\"fusion-layout-column fusion_builder_column fusion-builder-column-0 fusion_builder_column_2_3 2_3 fusion-flex-column fusion-animated\" style=\"--awb-padding-top:8vh;--awb-padding-bottom:8vh;--awb-padding-top-medium:10vh;--awb-padding-bottom-medium:10vh;--awb-padding-top-small:8vh;--awb-padding-right-small:2vh;--awb-padding-bottom-small:0px;--awb-padding-left-small:2vh;--awb-bg-size:cover;--awb-width-large:66.666666666667%;--awb-margin-top-large:0px;--awb-spacing-right-large:2.88%;--awb-margin-bottom-large:0px;--awb-spacing-left-large:2.88%;--awb-width-medium:50%;--awb-order-medium:0;--awb-spacing-right-medium:3.84%;--awb-spacing-left-medium:3.84%;--awb-width-small:100%;--awb-order-small:0;--awb-spacing-right-small:1.92%;--awb-spacing-left-small:1.92%;\" data-animationType=\"fadeInLeft\" data-animationDuration=\"1.0\" data-animationOffset=\"top-into-view\" data-scroll-devices=\"small-visibility,medium-visibility,large-visibility\"><div class=\"fusion-column-wrapper fusion-column-has-shadow fusion-flex-justify-content-flex-start fusion-content-layout-row\"><div class=\"fusion-text fusion-text-1\" style=\"--awb-font-size:26px;--awb-line-height:1.5em;--awb-text-color:var(--awb-color1);--awb-text-font-family:&quot;museo-sans-rounded&quot;;--awb-text-font-style:normal;--awb-text-font-weight:700;\"><p>Acuerdo de Escaz\u00fa &gt; <strong>Gobernanza en Chile<\/strong><\/p>\n<\/div><\/div><\/div><\/div><\/div><div class=\"fusion-fullwidth fullwidth-box fusion-builder-row-2 has-pattern-background has-mask-background nonhundred-percent-fullwidth non-hundred-percent-height-scrolling\" style=\"--awb-border-radius-top-left:0px;--awb-border-radius-top-right:0px;--awb-border-radius-bottom-right:0px;--awb-border-radius-bottom-left:0px;--awb-margin-top:40px;--awb-margin-bottom:20px;--awb-flex-wrap:wrap;\" ><div class=\"fusion-builder-row fusion-row\"><div class=\"fusion-layout-column fusion_builder_column fusion-builder-column-1 fusion_builder_column_1_2 1_2 fusion-one-half fusion-column-first\" style=\"--awb-padding-top:40px;--awb-padding-bottom:40px;--awb-padding-top-medium:60px;--awb-padding-bottom-medium:60px;--awb-padding-top-small:20px;--awb-bg-size:cover;--awb-margin-bottom:0px;width:50%;width:calc(50% - ( ( 4% ) * 0.5 ) );margin-right: 4%;\" data-scroll-devices=\"small-visibility,medium-visibility,large-visibility\"><div class=\"fusion-column-wrapper fusion-column-has-shadow fusion-flex-column-wrapper-legacy\"><div class=\"fusion-title title fusion-title-1 fusion-sep-none fusion-title-text fusion-title-size-two\" style=\"--awb-text-color:#6f920f;--awb-margin-bottom:25px;--awb-margin-top-small:0px;--awb-margin-right-small:0px;--awb-margin-bottom-small:20px;--awb-margin-left-small:0px;--awb-font-size:43px;\"><h2 class=\"fusion-title-heading title-heading-left fusion-responsive-typography-calculated\" style=\"font-family:&quot;Roboto&quot;;font-style:normal;font-weight:800;margin:0;font-size:1em;--fontSize:43;line-height:1.35;\">Gobernanza en Chile<\/h2><\/div><div class=\"fusion-text fusion-text-2\" style=\"--awb-font-size:17px;\"><p>El Acuerdo de Escaz\u00fa destaca la necesidad de una participaci\u00f3n activa y significativa del p\u00fablico en las decisiones ambientales, un derecho que se relaciona con el principio de gobernanza, que promueve la inclusi\u00f3n de diversos actores en la creaci\u00f3n de pol\u00edticas ambientales.<\/p>\n<p>En el Plan Nacional de Implementaci\u00f3n del Acuerdo de Escaz\u00fa, considero la creaci\u00f3n de un sistema de gobernanza que incluye una instancia nacional de participaci\u00f3n formal y otras instancias regionales. Entre ellos, se encuentra el Consejo Nacional Estrat\u00e9gico P\u00fablico-Privado, que contar\u00e1 con un grupo ampliado para incorporar a distintos sectores de la sociedad civil. A nivel regional, podr\u00e1n crearse Comit\u00e9s Estrat\u00e9gicos Regionales o llevarse a cabo actividades de seguimiento a trav\u00e9s de los Consejos Consultivos Regionales del Medio Ambiente.<\/p>\n<\/div><div class=\"fusion-clearfix\"><\/div><\/div><\/div><div class=\"fusion-layout-column fusion_builder_column fusion-builder-column-2 fusion_builder_column_1_2 1_2 fusion-one-half fusion-column-last fusion-animated\" style=\"--awb-padding-top:40px;--awb-padding-bottom:40px;--awb-padding-top-medium:10vh;--awb-padding-bottom-medium:10vh;--awb-padding-top-small:8vh;--awb-padding-right-small:2vh;--awb-padding-bottom-small:0px;--awb-padding-left-small:2vh;--awb-bg-size:cover;--awb-margin-bottom:0px;width:50%;width:calc(50% - ( ( 4% ) * 0.5 ) );\" data-animationType=\"fadeInLeft\" data-animationDuration=\"1.0\" data-animationOffset=\"top-into-view\" data-scroll-devices=\"small-visibility,medium-visibility,large-visibility\"><div class=\"fusion-column-wrapper fusion-column-has-shadow fusion-flex-column-wrapper-legacy\"><div class=\"fusion-image-element fusion-no-small-visibility in-legacy-container\" style=\"--awb-caption-title-font-family:var(--h2_typography-font-family);--awb-caption-title-font-weight:var(--h2_typography-font-weight);--awb-caption-title-font-style:var(--h2_typography-font-style);--awb-caption-title-size:var(--h2_typography-font-size);--awb-caption-title-transform:var(--h2_typography-text-transform);--awb-caption-title-line-height:var(--h2_typography-line-height);--awb-caption-title-letter-spacing:var(--h2_typography-letter-spacing);\"><span class=\" fusion-imageframe imageframe-none imageframe-1 hover-type-none\" style=\"border-radius:20px;\"><img decoding=\"async\" width=\"1100\" height=\"762\" title=\"group-people\" src=\"https:\/\/portal.sma.gob.cl\/wp-content\/uploads\/2025\/03\/group-people.jpg\" alt class=\"img-responsive wp-image-35127\" srcset=\"https:\/\/portal.sma.gob.cl\/wp-content\/uploads\/2025\/03\/group-people-200x139.jpg 200w, https:\/\/portal.sma.gob.cl\/wp-content\/uploads\/2025\/03\/group-people-400x277.jpg 400w, https:\/\/portal.sma.gob.cl\/wp-content\/uploads\/2025\/03\/group-people-600x416.jpg 600w, https:\/\/portal.sma.gob.cl\/wp-content\/uploads\/2025\/03\/group-people-800x554.jpg 800w, https:\/\/portal.sma.gob.cl\/wp-content\/uploads\/2025\/03\/group-people.jpg 1100w\" sizes=\"(max-width: 800px) 100vw, 600px\" \/><\/span><\/div><div class=\"fusion-clearfix\"><\/div><\/div><\/div><\/div><\/div><div class=\"fusion-fullwidth fullwidth-box fusion-builder-row-3 has-pattern-background has-mask-background nonhundred-percent-fullwidth non-hundred-percent-height-scrolling\" style=\"--awb-border-radius-top-left:0px;--awb-border-radius-top-right:0px;--awb-border-radius-bottom-right:0px;--awb-border-radius-bottom-left:0px;--awb-padding-top:20px;--awb-padding-bottom:40px;--awb-background-color:#e5ebe5;--awb-flex-wrap:wrap;\" ><div class=\"fusion-builder-row fusion-row\"><div class=\"fusion-layout-column fusion_builder_column fusion-builder-column-3 fusion_builder_column_1_1 1_1 fusion-one-full fusion-column-first fusion-column-last\" style=\"--awb-padding-top:20px;--awb-padding-bottom:40px;--awb-padding-top-medium:60px;--awb-padding-bottom-medium:60px;--awb-padding-top-small:20px;--awb-bg-size:cover;--awb-margin-bottom:0px;\" data-scroll-devices=\"small-visibility,medium-visibility,large-visibility\"><div class=\"fusion-column-wrapper fusion-column-has-shadow fusion-flex-column-wrapper-legacy\"><div class=\"fusion-text fusion-text-3\" style=\"--awb-content-alignment:center;--awb-font-size:17px;\"><p><strong>En la siguientes figuras, se puede observar la conformaci\u00f3n y funciones generales de estos espacios de participaci\u00f3n<\/strong><\/p>\n<\/div><div class=\"fusion-clearfix\"><\/div><\/div><\/div><div class=\"fusion-layout-column fusion_builder_column fusion-builder-column-4 fusion_builder_column_1_4 1_4 fusion-one-fourth fusion-column-first\" style=\"--awb-padding-top:20px;--awb-padding-bottom:40px;--awb-padding-top-medium:60px;--awb-padding-bottom-medium:60px;--awb-padding-top-small:20px;--awb-bg-size:cover;--awb-margin-bottom:0px;width:25%;width:calc(25% - ( ( 4% + 4% ) * 0.25 ) );margin-right: 4%;\" data-scroll-devices=\"small-visibility,medium-visibility,large-visibility\"><div class=\"fusion-column-wrapper fusion-column-has-shadow fusion-flex-column-wrapper-legacy\"><div class=\"fusion-image-element in-legacy-container\" style=\"--awb-aspect-ratio:1 \/ 1;--awb-caption-title-font-family:var(--h2_typography-font-family);--awb-caption-title-font-weight:var(--h2_typography-font-weight);--awb-caption-title-font-style:var(--h2_typography-font-style);--awb-caption-title-size:var(--h2_typography-font-size);--awb-caption-title-transform:var(--h2_typography-text-transform);--awb-caption-title-line-height:var(--h2_typography-line-height);--awb-caption-title-letter-spacing:var(--h2_typography-letter-spacing);\"><span class=\" fusion-imageframe imageframe-none imageframe-2 hover-type-none has-aspect-ratio\"><a href=\"https:\/\/portal.sma.gob.cl\/wp-content\/uploads\/2025\/03\/sistema-goberanza-escazu.jpg\" class=\"fusion-lightbox\" data-rel=\"iLightbox[aacc8015b962c8bf88b]\" data-title=\"sistema-goberanza-escazu\" title=\"sistema-goberanza-escazu\"><img decoding=\"async\" width=\"1500\" height=\"1552\" src=\"https:\/\/portal.sma.gob.cl\/wp-content\/uploads\/2025\/03\/sistema-goberanza-escazu.jpg\" class=\"img-responsive wp-image-35135 img-with-aspect-ratio\" data-parent-fit=\"cover\" data-parent-container=\".fusion-image-element\" alt srcset=\"https:\/\/portal.sma.gob.cl\/wp-content\/uploads\/2025\/03\/sistema-goberanza-escazu-200x207.jpg 200w, https:\/\/portal.sma.gob.cl\/wp-content\/uploads\/2025\/03\/sistema-goberanza-escazu-400x414.jpg 400w, https:\/\/portal.sma.gob.cl\/wp-content\/uploads\/2025\/03\/sistema-goberanza-escazu-600x621.jpg 600w, https:\/\/portal.sma.gob.cl\/wp-content\/uploads\/2025\/03\/sistema-goberanza-escazu-800x828.jpg 800w, https:\/\/portal.sma.gob.cl\/wp-content\/uploads\/2025\/03\/sistema-goberanza-escazu-1200x1242.jpg 1200w, https:\/\/portal.sma.gob.cl\/wp-content\/uploads\/2025\/03\/sistema-goberanza-escazu.jpg 1500w\" sizes=\"(max-width: 800px) 100vw, 400px\" \/><\/a><\/span><\/div><div class=\"fusion-clearfix\"><\/div><\/div><\/div><div class=\"fusion-layout-column fusion_builder_column fusion-builder-column-5 fusion_builder_column_1_2 1_2 fusion-one-half\" style=\"--awb-padding-top:20px;--awb-padding-bottom:40px;--awb-padding-top-medium:60px;--awb-padding-bottom-medium:60px;--awb-padding-top-small:20px;--awb-bg-size:cover;--awb-margin-bottom:0px;width:50%;width:calc(50% - ( ( 4% + 4% ) * 0.5 ) );margin-right: 4%;\" data-scroll-devices=\"small-visibility,medium-visibility,large-visibility\"><div class=\"fusion-column-wrapper fusion-column-has-shadow fusion-flex-column-wrapper-legacy\"><div class=\"fusion-image-element in-legacy-container\" style=\"--awb-aspect-ratio:2 \/ 1;--awb-caption-title-font-family:var(--h2_typography-font-family);--awb-caption-title-font-weight:var(--h2_typography-font-weight);--awb-caption-title-font-style:var(--h2_typography-font-style);--awb-caption-title-size:var(--h2_typography-font-size);--awb-caption-title-transform:var(--h2_typography-text-transform);--awb-caption-title-line-height:var(--h2_typography-line-height);--awb-caption-title-letter-spacing:var(--h2_typography-letter-spacing);\"><span class=\" fusion-imageframe imageframe-none imageframe-3 hover-type-none has-aspect-ratio\"><a href=\"https:\/\/portal.sma.gob.cl\/wp-content\/uploads\/2025\/03\/conformacion-integrantes.jpg\" class=\"fusion-lightbox\" data-rel=\"iLightbox[c22f342b215b38725e0]\" data-title=\"conformacion-integrantes\" title=\"conformacion-integrantes\"><img decoding=\"async\" width=\"2348\" height=\"1552\" src=\"https:\/\/portal.sma.gob.cl\/wp-content\/uploads\/2025\/03\/conformacion-integrantes.jpg\" class=\"img-responsive wp-image-35136 img-with-aspect-ratio\" data-parent-fit=\"cover\" data-parent-container=\".fusion-image-element\" alt srcset=\"https:\/\/portal.sma.gob.cl\/wp-content\/uploads\/2025\/03\/conformacion-integrantes-200x132.jpg 200w, https:\/\/portal.sma.gob.cl\/wp-content\/uploads\/2025\/03\/conformacion-integrantes-400x264.jpg 400w, https:\/\/portal.sma.gob.cl\/wp-content\/uploads\/2025\/03\/conformacion-integrantes-600x397.jpg 600w, https:\/\/portal.sma.gob.cl\/wp-content\/uploads\/2025\/03\/conformacion-integrantes-800x529.jpg 800w, https:\/\/portal.sma.gob.cl\/wp-content\/uploads\/2025\/03\/conformacion-integrantes-1200x793.jpg 1200w, https:\/\/portal.sma.gob.cl\/wp-content\/uploads\/2025\/03\/conformacion-integrantes.jpg 2348w\" sizes=\"(max-width: 800px) 100vw, 600px\" \/><\/a><\/span><\/div><div class=\"fusion-clearfix\"><\/div><\/div><\/div><div class=\"fusion-layout-column fusion_builder_column fusion-builder-column-6 fusion_builder_column_1_4 1_4 fusion-one-fourth fusion-column-last\" style=\"--awb-padding-top:20px;--awb-padding-bottom:40px;--awb-padding-top-medium:60px;--awb-padding-bottom-medium:60px;--awb-padding-top-small:20px;--awb-bg-size:cover;--awb-margin-bottom:0px;width:25%;width:calc(25% - ( ( 4% + 4% ) * 0.25 ) );\" data-scroll-devices=\"small-visibility,medium-visibility,large-visibility\"><div class=\"fusion-column-wrapper fusion-column-has-shadow fusion-flex-column-wrapper-legacy\"><div class=\"fusion-image-element in-legacy-container\" style=\"--awb-aspect-ratio:1 \/ 1;--awb-caption-title-font-family:var(--h2_typography-font-family);--awb-caption-title-font-weight:var(--h2_typography-font-weight);--awb-caption-title-font-style:var(--h2_typography-font-style);--awb-caption-title-size:var(--h2_typography-font-size);--awb-caption-title-transform:var(--h2_typography-text-transform);--awb-caption-title-line-height:var(--h2_typography-line-height);--awb-caption-title-letter-spacing:var(--h2_typography-letter-spacing);\"><span class=\" fusion-imageframe imageframe-none imageframe-4 hover-type-none has-aspect-ratio\"><a href=\"https:\/\/portal.sma.gob.cl\/wp-content\/uploads\/2025\/03\/funciones-generales.jpg\" class=\"fusion-lightbox\" data-rel=\"iLightbox[a66ac0405501bbb832b]\" data-title=\"funciones-generales\" title=\"funciones-generales\"><img decoding=\"async\" width=\"1500\" height=\"1552\" src=\"https:\/\/portal.sma.gob.cl\/wp-content\/uploads\/2025\/03\/funciones-generales.jpg\" class=\"img-responsive wp-image-35134 img-with-aspect-ratio\" data-parent-fit=\"cover\" data-parent-container=\".fusion-image-element\" alt srcset=\"https:\/\/portal.sma.gob.cl\/wp-content\/uploads\/2025\/03\/funciones-generales-200x207.jpg 200w, https:\/\/portal.sma.gob.cl\/wp-content\/uploads\/2025\/03\/funciones-generales-400x414.jpg 400w, https:\/\/portal.sma.gob.cl\/wp-content\/uploads\/2025\/03\/funciones-generales-600x621.jpg 600w, https:\/\/portal.sma.gob.cl\/wp-content\/uploads\/2025\/03\/funciones-generales-800x828.jpg 800w, https:\/\/portal.sma.gob.cl\/wp-content\/uploads\/2025\/03\/funciones-generales-1200x1242.jpg 1200w, https:\/\/portal.sma.gob.cl\/wp-content\/uploads\/2025\/03\/funciones-generales.jpg 1500w\" sizes=\"(max-width: 800px) 100vw, 400px\" \/><\/a><\/span><\/div><div class=\"fusion-clearfix\"><\/div><\/div><\/div><\/div><\/div><\/p>\n","protected":false},"excerpt":{"rendered":"","protected":false},"author":3,"featured_media":0,"parent":34182,"menu_order":0,"comment_status":"closed","ping_status":"closed","template":"100-width.php","meta":{"footnotes":""},"class_list":["post-34506","page","type-page","status-publish","hentry"],"_links":{"self":[{"href":"https:\/\/portal.sma.gob.cl\/index.php\/wp-json\/wp\/v2\/pages\/34506","targetHints":{"allow":["GET"]}}],"collection":[{"href":"https:\/\/portal.sma.gob.cl\/index.php\/wp-json\/wp\/v2\/pages"}],"about":[{"href":"https:\/\/portal.sma.gob.cl\/index.php\/wp-json\/wp\/v2\/types\/page"}],"author":[{"embeddable":true,"href":"https:\/\/portal.sma.gob.cl\/index.php\/wp-json\/wp\/v2\/users\/3"}],"replies":[{"embeddable":true,"href":"https:\/\/portal.sma.gob.cl\/index.php\/wp-json\/wp\/v2\/comments?post=34506"}],"version-history":[{"count":28,"href":"https:\/\/portal.sma.gob.cl\/index.php\/wp-json\/wp\/v2\/pages\/34506\/revisions"}],"predecessor-version":[{"id":35150,"href":"https:\/\/portal.sma.gob.cl\/index.php\/wp-json\/wp\/v2\/pages\/34506\/revisions\/35150"}],"up":[{"embeddable":true,"href":"https:\/\/portal.sma.gob.cl\/index.php\/wp-json\/wp\/v2\/pages\/34182"}],"wp:attachment":[{"href":"https:\/\/portal.sma.gob.cl\/index.php\/wp-json\/wp\/v2\/media?parent=34506"}],"curies":[{"name":"wp","href":"https:\/\/api.w.org\/{rel}","templated":true}]}}