{"id":34667,"date":"2025-02-27T12:22:28","date_gmt":"2025-02-27T15:22:28","guid":{"rendered":"https:\/\/portal.sma.gob.cl\/?page_id=34667"},"modified":"2025-03-10T15:59:46","modified_gmt":"2025-03-10T18:59:46","slug":"datos-abiertos-sma","status":"publish","type":"page","link":"https:\/\/portal.sma.gob.cl\/index.php\/escazu-2025\/datos-abiertos-sma\/","title":{"rendered":"Datos abiertos SMA"},"content":{"rendered":"<p><div class=\"fusion-bg-parallax\" data-bg-align=\"left top\" data-direction=\"up\" data-mute=\"false\" data-opacity=\"100\" data-velocity=\"-0.3\" data-mobile-enabled=\"false\" data-break_parents=\"0\" data-bg-image=\"https:\/\/portal.sma.gob.cl\/wp-content\/uploads\/2025\/02\/arbol.jpg\" data-bg-repeat=\"false\" data-bg-gradient-type=\"linear\" data-bg-gradient-angle=\"58\" data-bg-gradient-start-color=\"#6f920f\" data-bg-gradient-start-position=\"13\" data-bg-gradient-end-color=\"rgba(22,50,119,0)\" data-bg-gradient-end-position=\"57\" data-bg-radial-direction=\"center center\" ><\/div><div class=\"fusion-fullwidth fullwidth-box fusion-builder-row-1 fusion-flex-container has-pattern-background has-mask-background fusion-parallax-up nonhundred-percent-fullwidth non-hundred-percent-height-scrolling\" style=\"--awb-background-position:left top;--awb-border-sizes-top:0;--awb-border-sizes-bottom:10px;--awb-border-sizes-left:0;--awb-border-sizes-right:0;--awb-border-color:#05a191;--awb-border-radius-top-left:0px;--awb-border-radius-top-right:0px;--awb-border-radius-bottom-right:0px;--awb-border-radius-bottom-left:0px;--awb-padding-right-small:7vh;--awb-padding-left-small:7vh;--awb-background-image:linear-gradient(58deg, #6f920f 13%,rgba(22,50,119,0) 57%),url(https:\/\/portal.sma.gob.cl\/wp-content\/uploads\/2025\/02\/arbol.jpg);;--awb-background-size:contain;--awb-flex-wrap:wrap;\" ><div class=\"fusion-builder-row fusion-row fusion-flex-align-items-flex-start fusion-flex-content-wrap\" style=\"max-width:1144px;margin-left: calc(-4% \/ 2 );margin-right: calc(-4% \/ 2 );\"><div class=\"fusion-layout-column fusion_builder_column fusion-builder-column-0 fusion_builder_column_2_3 2_3 fusion-flex-column fusion-animated\" style=\"--awb-padding-top:8vh;--awb-padding-bottom:8vh;--awb-padding-top-medium:10vh;--awb-padding-bottom-medium:10vh;--awb-padding-top-small:8vh;--awb-padding-right-small:2vh;--awb-padding-bottom-small:0px;--awb-padding-left-small:2vh;--awb-bg-size:cover;--awb-width-large:66.666666666667%;--awb-margin-top-large:0px;--awb-spacing-right-large:2.88%;--awb-margin-bottom-large:0px;--awb-spacing-left-large:2.88%;--awb-width-medium:50%;--awb-order-medium:0;--awb-spacing-right-medium:3.84%;--awb-spacing-left-medium:3.84%;--awb-width-small:100%;--awb-order-small:0;--awb-spacing-right-small:1.92%;--awb-spacing-left-small:1.92%;\" data-animationType=\"fadeInLeft\" data-animationDuration=\"1.0\" data-animationOffset=\"top-into-view\" data-scroll-devices=\"small-visibility,medium-visibility,large-visibility\"><div class=\"fusion-column-wrapper fusion-column-has-shadow fusion-flex-justify-content-flex-start fusion-content-layout-row\"><div class=\"fusion-text fusion-text-1\" style=\"--awb-font-size:26px;--awb-line-height:1.5em;--awb-text-color:var(--awb-color1);--awb-text-font-family:&quot;museo-sans-rounded&quot;;--awb-text-font-style:normal;--awb-text-font-weight:700;\"><p>Inicio<strong> &gt; Datos abiertos SMA<\/strong><\/p>\n<\/div><\/div><\/div><\/div><\/div><div class=\"fusion-fullwidth fullwidth-box fusion-builder-row-2 has-pattern-background has-mask-background nonhundred-percent-fullwidth non-hundred-percent-height-scrolling\" style=\"--awb-border-radius-top-left:0px;--awb-border-radius-top-right:0px;--awb-border-radius-bottom-right:0px;--awb-border-radius-bottom-left:0px;--awb-margin-top:40px;--awb-margin-bottom:20px;--awb-flex-wrap:wrap;\" ><div class=\"fusion-builder-row fusion-row\"><div class=\"fusion-layout-column fusion_builder_column fusion-builder-column-1 fusion_builder_column_3_5 3_5 fusion-three-fifth fusion-column-first\" style=\"--awb-padding-top:40px;--awb-padding-bottom:40px;--awb-padding-top-medium:60px;--awb-padding-bottom-medium:60px;--awb-padding-top-small:20px;--awb-bg-size:cover;--awb-margin-bottom:0px;width:60%;width:calc(60% - ( ( 4% ) * 0.6 ) );margin-right: 4%;\" data-scroll-devices=\"small-visibility,medium-visibility,large-visibility\"><div class=\"fusion-column-wrapper fusion-column-has-shadow fusion-flex-column-wrapper-legacy\"><div class=\"fusion-title title fusion-title-1 fusion-sep-none fusion-title-text fusion-title-size-two\" style=\"--awb-text-color:#6f920f;--awb-margin-bottom:25px;--awb-margin-top-small:0px;--awb-margin-right-small:0px;--awb-margin-bottom-small:20px;--awb-margin-left-small:0px;--awb-font-size:43px;\"><h2 class=\"fusion-title-heading title-heading-left fusion-responsive-typography-calculated\" style=\"font-family:&quot;Roboto&quot;;font-style:normal;font-weight:800;margin:0;font-size:1em;--fontSize:43;line-height:1.35;\">Datos abiertos SMA<\/h2><\/div><div class=\"fusion-text fusion-text-2\" style=\"--awb-font-size:17px;\"><p><span data-contrast=\"auto\">Los datos abiertos corresponden a un mecanismo mediante el que las instituciones gubernamentales comparten gratuitamente informaci\u00f3n a la ciudadan\u00eda para promover la transparencia y acceso a la informaci\u00f3n. La OCDE fomenta la pr\u00e1ctica de datos abiertos porque mejora la participaci\u00f3n ciudadana e incentiva la innovaci\u00f3n y la pol\u00edtica p\u00fablica basada en evidencia. Por lo general, a este tipo de informaci\u00f3n se accede mediante un portal web donde los datos pueden ser descargados y analizados, y, en la gran mayor\u00eda del tiempo, tienen un nulo o bajo nivel de procesamiento (dato crudo) con el objeto de que sea la ciudadan\u00eda la que use estos insumos seg\u00fan sus necesidades.\u00a0\u00a0 <\/span><span data-ccp-props=\"{\">\u00a0<\/span><\/p>\n<p><span data-contrast=\"auto\">Desde hace a\u00f1os, la SMA cuenta con un portal de datos abiertos <\/span><span data-contrast=\"auto\">sobre distintas materias que son propias del quehacer de la Instituci\u00f3n para libre descarga de la ciudadan\u00eda. Algunas de estas materias corresponden a procesos propios de la SMA, mientras que otras, corresponden datos directamente reportados por las empresas que son fiscalizadas por este Servicio.\u00a0\u00a0\u00a0<\/span><span data-ccp-props=\"{\">\u00a0<\/span><\/p>\n<\/div><div class=\"fusion-clearfix\"><\/div><\/div><\/div><div class=\"fusion-layout-column fusion_builder_column fusion-builder-column-2 fusion_builder_column_2_5 2_5 fusion-two-fifth fusion-column-last\" style=\"--awb-padding-top:40px;--awb-padding-bottom:40px;--awb-padding-top-medium:60px;--awb-padding-bottom-medium:60px;--awb-padding-top-small:20px;--awb-bg-size:cover;--awb-margin-bottom:0px;width:40%;width:calc(40% - ( ( 4% ) * 0.4 ) );\" data-scroll-devices=\"small-visibility,medium-visibility,large-visibility\"><div class=\"fusion-column-wrapper fusion-column-has-shadow fusion-flex-column-wrapper-legacy\"><div class=\"fusion-image-element in-legacy-container\" style=\"--awb-caption-title-font-family:var(--h2_typography-font-family);--awb-caption-title-font-weight:var(--h2_typography-font-weight);--awb-caption-title-font-style:var(--h2_typography-font-style);--awb-caption-title-size:var(--h2_typography-font-size);--awb-caption-title-transform:var(--h2_typography-text-transform);--awb-caption-title-line-height:var(--h2_typography-line-height);--awb-caption-title-letter-spacing:var(--h2_typography-letter-spacing);\"><span class=\" fusion-imageframe imageframe-none imageframe-1 hover-type-none\" style=\"border-radius:10px;\"><img decoding=\"async\" width=\"1245\" height=\"1121\" title=\"datos\" src=\"https:\/\/portal.sma.gob.cl\/wp-content\/uploads\/2025\/03\/datos.jpg\" alt class=\"img-responsive wp-image-34828\" srcset=\"https:\/\/portal.sma.gob.cl\/wp-content\/uploads\/2025\/03\/datos-200x180.jpg 200w, https:\/\/portal.sma.gob.cl\/wp-content\/uploads\/2025\/03\/datos-400x360.jpg 400w, https:\/\/portal.sma.gob.cl\/wp-content\/uploads\/2025\/03\/datos-600x540.jpg 600w, https:\/\/portal.sma.gob.cl\/wp-content\/uploads\/2025\/03\/datos-800x720.jpg 800w, https:\/\/portal.sma.gob.cl\/wp-content\/uploads\/2025\/03\/datos-1200x1080.jpg 1200w, https:\/\/portal.sma.gob.cl\/wp-content\/uploads\/2025\/03\/datos.jpg 1245w\" sizes=\"(max-width: 800px) 100vw, 600px\" \/><\/span><\/div><div class=\"fusion-clearfix\"><\/div><\/div><\/div><\/div><\/div><div class=\"fusion-fullwidth fullwidth-box fusion-builder-row-3 has-pattern-background has-mask-background nonhundred-percent-fullwidth non-hundred-percent-height-scrolling\" style=\"--awb-border-radius-top-left:0px;--awb-border-radius-top-right:0px;--awb-border-radius-bottom-right:0px;--awb-border-radius-bottom-left:0px;--awb-padding-bottom:40px;--awb-background-color:#e5ebe5;--awb-flex-wrap:wrap;\" ><div class=\"fusion-builder-row fusion-row\"><div class=\"fusion-layout-column fusion_builder_column fusion-builder-column-3 fusion_builder_column_1_1 1_1 fusion-one-full fusion-column-first fusion-column-last\" style=\"--awb-padding-bottom:40px;--awb-padding-top-medium:60px;--awb-padding-bottom-medium:60px;--awb-padding-top-small:20px;--awb-bg-size:cover;--awb-margin-bottom:0px;\" data-scroll-devices=\"small-visibility,medium-visibility,large-visibility\"><div class=\"fusion-column-wrapper fusion-column-has-shadow fusion-flex-column-wrapper-legacy\"><div class=\"fusion-text fusion-text-3 fusion-text-no-margin\" style=\"--awb-font-size:26px;--awb-margin-top:50px;--awb-margin-bottom:30px;--awb-text-font-family:&quot;Roboto&quot;;--awb-text-font-style:normal;--awb-text-font-weight:700;\"><p><span class=\"TextRun SCXW233352677 BCX0\" lang=\"ES-ES\" xml:lang=\"ES-ES\" data-contrast=\"auto\"><span class=\"NormalTextRun CommentStart CommentHighlightPipeRestRefresh CommentHighlightRest SCXW233352677 BCX0\">A la fecha <\/span><span class=\"NormalTextRun CommentHighlightRest SCXW233352677 BCX0\">puedes descargar los siguientes tipos de <\/span><span class=\"NormalTextRun CommentHighlightRest SCXW233352677 BCX0\">datos:<\/span><\/span><span class=\"EOP CommentHighlightPipeRestRefresh SCXW233352677 BCX0\" data-ccp-props=\"\">\u00a0<\/span><\/p>\n<\/div><div class=\"fusion-sep-clear\"><\/div><div class=\"fusion-separator fusion-full-width-sep\" style=\"margin-left: auto;margin-right: auto;width:100%;\"><div class=\"fusion-separator-border sep-single sep-solid\" style=\"--awb-height:20px;--awb-amount:20px;--awb-sep-color:var(--awb-color4);border-color:var(--awb-color4);border-top-width:1px;\"><\/div><\/div><div class=\"fusion-sep-clear\"><\/div><div class=\"fusion-clearfix\"><\/div><\/div><\/div><div class=\"fusion-layout-column fusion_builder_column fusion-builder-column-4 fusion_builder_column_1_2 1_2 fusion-one-half fusion-column-first\" style=\"--awb-padding-bottom:40px;--awb-padding-top-medium:60px;--awb-padding-bottom-medium:60px;--awb-padding-top-small:20px;--awb-bg-size:cover;--awb-margin-bottom:0px;width:50%;width:calc(50% - ( ( 4% ) * 0.5 ) );margin-right: 4%;\" data-scroll-devices=\"small-visibility,medium-visibility,large-visibility\"><div class=\"fusion-column-wrapper fusion-column-has-shadow fusion-flex-column-wrapper-legacy\"><ul style=\"--awb-size:17px;--awb-textcolor:var(--awb-color8);--awb-line-height:28.9px;--awb-icon-width:28.9px;--awb-icon-height:28.9px;--awb-icon-margin:11.9px;--awb-content-margin:40.8px;--awb-circlecolor:#6ca82d;--awb-circle-yes-font-size:14.96px;\" class=\"fusion-checklist fusion-checklist-1 fusion-checklist-default type-icons\"><li class=\"fusion-li-item\" style=\"\"><span class=\"icon-wrapper circle-yes\"><i class=\"fusion-li-icon fa-check fas\" aria-hidden=\"true\"><\/i><\/span><div class=\"fusion-li-item-content\">\n<p><strong>Termoel\u00e9ctricas:<\/strong> datos reportados a la SMA por parte de los titulares de fuentes afectas al D.S. 13\/2011, a trav\u00e9s del Sistema de Centrales Termoel\u00e9ctricas (SICTER).<\/p>\n<\/div><\/li><li class=\"fusion-li-item\" style=\"\"><span class=\"icon-wrapper circle-yes\"><i class=\"fusion-li-icon fa-check fas\" aria-hidden=\"true\"><\/i><\/span><div class=\"fusion-li-item-content\">\n<p><strong>Residuos Industriales L\u00edquidos (RILES):<\/strong> datos reportados a la SMA por parte de titulares de fuentes afectas a las normas de emisi\u00f3n de residuos l\u00edquidos D.S. N\u00b090\/2000 y D.S. N\u00b046\/2002. Detalla emisiones y las Resoluciones Programadas de Monitoreo (RPM) asociadas a las fuentes de emisi\u00f3n.<\/p>\n<\/div><\/li><li class=\"fusion-li-item\" style=\"\"><span class=\"icon-wrapper circle-yes\"><i class=\"fusion-li-icon fa-check fas\" aria-hidden=\"true\"><\/i><\/span><div class=\"fusion-li-item-content\">\n<p><strong>Unidades Fiscalizables e instrumentos:<\/strong> datos del catastro de Unidades Fiscalizables (UF) de la SMA y los Instrumentos de Car\u00e1cter Ambiental (ICA) asociados. Las UF se definen como \u201cunidad f\u00edsica en la que se desarrollan obras, acciones o procesos, relacionados entre s\u00ed y que se encuentran regulados por uno o m\u00e1s instrumentos de car\u00e1cter ambiental de competencia de la Superintendencia\u201d (Resoluci\u00f3n Exenta SMA N\u00b01184\/2015), mientras que los ICA son los instrumentos legales que vinculan la UF con un compromiso ambiental que la SMA tiene competencia de realizar seguimiento, fiscalizar y sancionar.<\/p>\n<\/div><\/li><\/ul><div class=\"fusion-button-wrapper\"><a class=\"fusion-button button-flat button-large button-custom fusion-button-default button-1 fusion-button-default-span fusion-button-default-type\" style=\"--awb-margin-top:40px;--button_accent_color:rgba(255,255,255,0.8);--button_accent_hover_color:rgba(255,255,255,0.9);--button_border_hover_color:rgba(255,255,255,0.9);--button-border-radius-top-left:5px;--button-border-radius-top-right:5px;--button-border-radius-bottom-right:5px;--button-border-radius-bottom-left:5px;--button_gradient_top_color:#8eb73d;--button_gradient_bottom_color:#8eb73d;--button_gradient_top_color_hover:#96c346;--button_gradient_bottom_color_hover:#96c346;--button_typography-font-family:&quot;Roboto&quot;;--button_typography-font-style:normal;--button_typography-font-weight:700;\" target=\"_blank\" rel=\"noopener noreferrer\" href=\"https:\/\/snifa.sma.gob.cl\/DatosAbiertos\"><i class=\"fa-leaf fas awb-button__icon awb-button__icon--default button-icon-left\" aria-hidden=\"true\"><\/i><span class=\"fusion-button-text awb-button__text awb-button__text--default\">Accede a datos y m\u00e1s informaci\u00f3n aqu\u00ed<\/span><\/a><\/div><div class=\"fusion-clearfix\"><\/div><\/div><\/div><div class=\"fusion-layout-column fusion_builder_column fusion-builder-column-5 fusion_builder_column_1_2 1_2 fusion-one-half fusion-column-last\" style=\"--awb-padding-bottom:40px;--awb-padding-top-medium:60px;--awb-padding-bottom-medium:60px;--awb-padding-top-small:20px;--awb-bg-size:cover;--awb-margin-bottom:0px;width:50%;width:calc(50% - ( ( 4% ) * 0.5 ) );\" data-scroll-devices=\"small-visibility,medium-visibility,large-visibility\"><div class=\"fusion-column-wrapper fusion-column-has-shadow fusion-flex-column-wrapper-legacy\"><ul style=\"--awb-size:17px;--awb-textcolor:var(--awb-color8);--awb-line-height:28.9px;--awb-icon-width:28.9px;--awb-icon-height:28.9px;--awb-icon-margin:11.9px;--awb-content-margin:40.8px;--awb-circlecolor:#6ca82d;--awb-circle-yes-font-size:14.96px;\" class=\"fusion-checklist fusion-checklist-2 fusion-checklist-default type-icons\"><li class=\"fusion-li-item\" style=\"\"><span class=\"icon-wrapper circle-yes\"><i class=\"fusion-li-icon fa-check fas\" aria-hidden=\"true\"><\/i><\/span><div class=\"fusion-li-item-content\">\n<p><strong>Fiscalizaciones:<\/strong> listado de fiscalizaciones ambientales publicadas en SNIFA y la Unidad Fiscalizable (UF) asociada en cada caso. Las fiscalizaciones son publicadas directamente si no se constat\u00f3 ning\u00fan incumplimiento o hallazgo en dicha fiscalizaci\u00f3n, mientras que en caso contrario son publicadas una vez que se hayan formulado cargos en un proceso sancionatorio.<\/p>\n<\/div><\/li><li class=\"fusion-li-item\" style=\"\"><span class=\"icon-wrapper circle-yes\"><i class=\"fusion-li-icon fa-check fas\" aria-hidden=\"true\"><\/i><\/span><div class=\"fusion-li-item-content\">\n<p><strong>Procesos Sancionatorios:<\/strong> listado de procedimientos sancionatorios efectuados por la SMA a titulares de unidades fiscalizables asociadas junto a datos de inicio, t\u00e9rmino, rubro, entre otros.<\/p>\n<\/div><\/li><li class=\"fusion-li-item\" style=\"\"><span class=\"icon-wrapper circle-yes\"><i class=\"fusion-li-icon fa-check fas\" aria-hidden=\"true\"><\/i><\/span><div class=\"fusion-li-item-content\">\n<p><strong>Sanciones Firmes SMA:<\/strong> sanciones impuestas a regulados ante incumplimientos en regulaciones ambientales vigentes de procesos que se encuentran terminados o firmes.<\/p>\n<\/div><\/li><li class=\"fusion-li-item\" style=\"\"><span class=\"icon-wrapper circle-yes\"><i class=\"fusion-li-icon fa-check fas\" aria-hidden=\"true\"><\/i><\/span><div class=\"fusion-li-item-content\">\n<p><strong>Responsabilidad Extendida del Productor:<\/strong> datos de las toneladas de residuos generados por producto prioritario y el tratamiento informado por sistemas de gesti\u00f3n o consumidores industriales para dar cuenta del cumplimiento de metas de la Ley de Responsabilidad Extendida del Productor.<\/p>\n<\/div><\/li><\/ul><div class=\"fusion-clearfix\"><\/div><\/div><\/div><\/div><\/div><\/p>\n","protected":false},"excerpt":{"rendered":"","protected":false},"author":3,"featured_media":0,"parent":34182,"menu_order":0,"comment_status":"closed","ping_status":"closed","template":"100-width.php","meta":{"footnotes":""},"class_list":["post-34667","page","type-page","status-publish","hentry"],"_links":{"self":[{"href":"https:\/\/portal.sma.gob.cl\/index.php\/wp-json\/wp\/v2\/pages\/34667","targetHints":{"allow":["GET"]}}],"collection":[{"href":"https:\/\/portal.sma.gob.cl\/index.php\/wp-json\/wp\/v2\/pages"}],"about":[{"href":"https:\/\/portal.sma.gob.cl\/index.php\/wp-json\/wp\/v2\/types\/page"}],"author":[{"embeddable":true,"href":"https:\/\/portal.sma.gob.cl\/index.php\/wp-json\/wp\/v2\/users\/3"}],"replies":[{"embeddable":true,"href":"https:\/\/portal.sma.gob.cl\/index.php\/wp-json\/wp\/v2\/comments?post=34667"}],"version-history":[{"count":35,"href":"https:\/\/portal.sma.gob.cl\/index.php\/wp-json\/wp\/v2\/pages\/34667\/revisions"}],"predecessor-version":[{"id":34920,"href":"https:\/\/portal.sma.gob.cl\/index.php\/wp-json\/wp\/v2\/pages\/34667\/revisions\/34920"}],"up":[{"embeddable":true,"href":"https:\/\/portal.sma.gob.cl\/index.php\/wp-json\/wp\/v2\/pages\/34182"}],"wp:attachment":[{"href":"https:\/\/portal.sma.gob.cl\/index.php\/wp-json\/wp\/v2\/media?parent=34667"}],"curies":[{"name":"wp","href":"https:\/\/api.w.org\/{rel}","templated":true}]}}