{"id":35983,"date":"2025-07-17T16:34:58","date_gmt":"2025-07-17T20:34:58","guid":{"rendered":"https:\/\/portal.sma.gob.cl\/?page_id=35983"},"modified":"2025-08-06T08:33:59","modified_gmt":"2025-08-06T12:33:59","slug":"capacitaciones","status":"publish","type":"page","link":"https:\/\/portal.sma.gob.cl\/index.php\/sistema-de-seguimiento-atmosferico-sisat\/capacitaciones\/","title":{"rendered":"Capacitaciones"},"content":{"rendered":"<p><div class=\"fusion-bg-parallax\" data-bg-align=\"center center\" data-direction=\"up\" data-mute=\"false\" data-opacity=\"100\" data-velocity=\"-0.3\" data-mobile-enabled=\"false\" data-break_parents=\"0\" data-bg-image=\"https:\/\/portal.sma.gob.cl\/wp-content\/uploads\/2025\/07\/humo-2-scaled.jpg\" data-bg-repeat=\"false\" ><\/div><div class=\"fusion-fullwidth fullwidth-box fusion-builder-row-1 fusion-flex-container has-pattern-background has-mask-background fusion-parallax-up nonhundred-percent-fullwidth non-hundred-percent-height-scrolling\" style=\"--awb-border-radius-top-left:0px;--awb-border-radius-top-right:0px;--awb-border-radius-bottom-right:0px;--awb-border-radius-bottom-left:0px;--awb-padding-top:100px;--awb-padding-bottom:100px;--awb-padding-right-small:7vh;--awb-padding-left-small:7vh;--awb-margin-top:0px;--awb-background-image:url(&quot;https:\/\/portal.sma.gob.cl\/wp-content\/uploads\/2025\/07\/humo-2-scaled.jpg&quot;);--awb-background-size:cover;--awb-flex-wrap:wrap;\" ><div class=\"fusion-builder-row fusion-row fusion-flex-align-items-flex-start fusion-flex-content-wrap\" style=\"max-width:1144px;margin-left: calc(-4% \/ 2 );margin-right: calc(-4% \/ 2 );\"><\/div><\/div><div class=\"fusion-fullwidth fullwidth-box fusion-builder-row-2 fusion-flex-container has-pattern-background has-mask-background nonhundred-percent-fullwidth non-hundred-percent-height-scrolling\" style=\"--awb-border-radius-top-left:0px;--awb-border-radius-top-right:0px;--awb-border-radius-bottom-right:0px;--awb-border-radius-bottom-left:0px;--awb-padding-top:50px;--awb-flex-wrap:wrap;\" ><div class=\"fusion-builder-row fusion-row fusion-flex-align-items-flex-start fusion-flex-content-wrap\" style=\"max-width:1144px;margin-left: calc(-4% \/ 2 );margin-right: calc(-4% \/ 2 );\"><div class=\"fusion-layout-column fusion_builder_column fusion-builder-column-0 fusion_builder_column_3_5 3_5 fusion-flex-column\" style=\"--awb-bg-size:cover;--awb-width-large:60%;--awb-margin-top-large:0px;--awb-spacing-right-large:3.2%;--awb-margin-bottom-large:20px;--awb-spacing-left-large:3.2%;--awb-width-medium:100%;--awb-order-medium:0;--awb-spacing-right-medium:1.92%;--awb-spacing-left-medium:1.92%;--awb-width-small:100%;--awb-order-small:0;--awb-spacing-right-small:1.92%;--awb-spacing-left-small:1.92%;\" data-scroll-devices=\"small-visibility,medium-visibility,large-visibility\"><div class=\"fusion-column-wrapper fusion-column-has-shadow fusion-flex-justify-content-flex-start fusion-content-layout-column\"><div class=\"fusion-title title fusion-title-1 fusion-sep-none fusion-title-text fusion-title-size-two\" style=\"--awb-text-color:#29569a;--awb-margin-bottom:25px;--awb-margin-top-small:0px;--awb-margin-right-small:0px;--awb-margin-bottom-small:20px;--awb-margin-left-small:0px;--awb-font-size:43px;\"><h2 class=\"fusion-title-heading title-heading-left fusion-responsive-typography-calculated\" style=\"font-family:&quot;museo-sans&quot;;font-style:normal;font-weight:700;margin:0;font-size:1em;--fontSize:43;line-height:1.35;\">Capacitaciones<\/h2><\/div><div class=\"fusion-separator\" style=\"align-self: flex-start;margin-right:auto;margin-top:0px;margin-bottom:30px;width:100%;max-width:70%;\"><div class=\"fusion-separator-border sep-single sep-solid\" style=\"--awb-height:20px;--awb-amount:20px;--awb-sep-color:#dfd786;border-color:#dfd786;border-top-width:3px;\"><\/div><\/div><div class=\"fusion-text fusion-text-1\" style=\"--awb-font-size:17px;--awb-text-color:var(--awb-color8);--awb-text-font-family:&quot;museo-sans&quot;;--awb-text-font-style:normal;--awb-text-font-weight:300;\"><p>En la presente secci\u00f3n se encuentra disponible informaci\u00f3n correspondiente a los talleres de asistencia al cumplimiento desarrollados por la Superintendencia del Medio Ambiente, en los cuales se abordan las distintas instrucciones espec\u00edficas y m\u00f3dulos del Sistema de Seguimiento Atmosf\u00e9rico (SISAT).<\/p>\n<\/div><\/div><\/div><div class=\"fusion-layout-column fusion_builder_column fusion-builder-column-1 fusion_builder_column_2_5 2_5 fusion-flex-column\" style=\"--awb-bg-size:cover;--awb-width-large:40%;--awb-margin-top-large:0px;--awb-spacing-right-large:4.8%;--awb-margin-bottom-large:20px;--awb-spacing-left-large:4.8%;--awb-width-medium:100%;--awb-order-medium:0;--awb-spacing-right-medium:1.92%;--awb-spacing-left-medium:1.92%;--awb-width-small:100%;--awb-order-small:0;--awb-spacing-right-small:1.92%;--awb-spacing-left-small:1.92%;\" data-scroll-devices=\"small-visibility,medium-visibility,large-visibility\"><div class=\"fusion-column-wrapper fusion-column-has-shadow fusion-flex-justify-content-flex-start fusion-content-layout-column\"><div class=\"fusion-image-element \" style=\"--awb-caption-title-font-family:var(--h2_typography-font-family);--awb-caption-title-font-weight:var(--h2_typography-font-weight);--awb-caption-title-font-style:var(--h2_typography-font-style);--awb-caption-title-size:var(--h2_typography-font-size);--awb-caption-title-transform:var(--h2_typography-text-transform);--awb-caption-title-line-height:var(--h2_typography-line-height);--awb-caption-title-letter-spacing:var(--h2_typography-letter-spacing);\"><span class=\" fusion-imageframe imageframe-none imageframe-1 hover-type-none\"><img decoding=\"async\" width=\"1400\" height=\"1128\" title=\"capacita\" src=\"https:\/\/portal.sma.gob.cl\/wp-content\/uploads\/2025\/07\/capacita.png\" alt class=\"img-responsive wp-image-36130\" srcset=\"https:\/\/portal.sma.gob.cl\/wp-content\/uploads\/2025\/07\/capacita-200x161.png 200w, https:\/\/portal.sma.gob.cl\/wp-content\/uploads\/2025\/07\/capacita-400x322.png 400w, https:\/\/portal.sma.gob.cl\/wp-content\/uploads\/2025\/07\/capacita-600x483.png 600w, https:\/\/portal.sma.gob.cl\/wp-content\/uploads\/2025\/07\/capacita-800x645.png 800w, https:\/\/portal.sma.gob.cl\/wp-content\/uploads\/2025\/07\/capacita-1200x967.png 1200w, https:\/\/portal.sma.gob.cl\/wp-content\/uploads\/2025\/07\/capacita.png 1400w\" sizes=\"(max-width: 1024px) 100vw, (max-width: 640px) 100vw, 600px\" \/><\/span><\/div><\/div><\/div><\/div><\/div><div class=\"fusion-fullwidth fullwidth-box fusion-builder-row-3 fusion-flex-container has-pattern-background has-mask-background nonhundred-percent-fullwidth non-hundred-percent-height-scrolling\" style=\"--awb-border-radius-top-left:0px;--awb-border-radius-top-right:0px;--awb-border-radius-bottom-right:0px;--awb-border-radius-bottom-left:0px;--awb-flex-wrap:wrap;\" ><div class=\"fusion-builder-row fusion-row fusion-flex-align-items-flex-start fusion-flex-content-wrap\" style=\"max-width:1144px;margin-left: calc(-4% \/ 2 );margin-right: calc(-4% \/ 2 );\"><div class=\"fusion-layout-column fusion_builder_column fusion-builder-column-2 fusion_builder_column_1_1 1_1 fusion-flex-column\" style=\"--awb-bg-size:cover;--awb-width-large:100%;--awb-margin-top-large:0px;--awb-spacing-right-large:1.92%;--awb-margin-bottom-large:20px;--awb-spacing-left-large:1.92%;--awb-width-medium:100%;--awb-order-medium:0;--awb-spacing-right-medium:1.92%;--awb-spacing-left-medium:1.92%;--awb-width-small:100%;--awb-order-small:0;--awb-spacing-right-small:1.92%;--awb-spacing-left-small:1.92%;\" data-scroll-devices=\"small-visibility,medium-visibility,large-visibility\"><div class=\"fusion-column-wrapper fusion-column-has-shadow fusion-flex-justify-content-flex-start fusion-content-layout-column\"><div class=\"fusion-content-boxes content-boxes columns row fusion-columns-1 fusion-columns-total-5 fusion-content-boxes-1 content-boxes-clean-vertical content-left content-boxes-icon-on-top has-flex-alignment\" style=\"--awb-backgroundcolor:#e6f0ff;--awb-border-radius-top-left:10px;--awb-border-radius-top-right:10px;--awb-border-radius-bottom-right:10px;--awb-border-radius-bottom-left:10px;--awb-alignment:flex-start;--awb-body-color:var(--awb-custom10);--awb-title-color:#29569a;--awb-hover-accent-color:var(--awb-color6);--awb-circle-hover-accent-color:var(--awb-color6);--awb-item-margin-bottom:40px;\" data-animationOffset=\"top-into-view\"><div style=\"--awb-backgroundcolor:#e6f0ff;border-color:rgba(255,255,255,0);\" class=\"fusion-column content-box-column content-box-column content-box-column-1 col-lg-12 col-md-12 col-sm-12 fusion-content-box-hover content-box-column-last-in-row\"><div class=\"col content-box-wrapper content-wrapper-background link-area-box link-type-text icon-hover-animation-fade fusion-animated\" data-link=\"https:\/\/www.youtube.com\/watch?v=agLRStdAxT8\" data-link-target=\"_blank\" data-animationType=\"fadeInUp\" data-animationDuration=\"0.3\" data-animationOffset=\"top-into-view\"><div class=\"heading heading-with-icon icon-left\"><a class=\"heading-link\" href=\"https:\/\/www.youtube.com\/watch?v=agLRStdAxT8\" target=\"_blank\" rel=\"noopener noreferrer\"><div class=\"icon\"><i style=\"border-color:#333333;border-width:0px;background-color:#53a9ea;box-sizing:content-box;height:42px;width:42px;line-height:42px;border-radius:50%;font-size:21px;\" aria-hidden=\"true\" class=\"fontawesome-icon fa-file-alt fas circle-yes\"><\/i><\/div><h2 class=\"content-box-heading fusion-responsive-typography-calculated\" style=\"--h2_typography-font-size:18px;--fontSize:18;line-height:1.5;\">SMA presenta funcionalidad clave del SISAT para reforzar el cumplimiento ambiental en la RM<\/h2><\/a><\/div><div class=\"fusion-clearfix\"><\/div><div class=\"content-container\">\n<p>Fecha: 30 de julio de 2025<\/p>\n<\/div><\/div><\/div><div style=\"--awb-backgroundcolor:#e6f0ff;border-color:rgba(255,255,255,0);\" class=\"fusion-column content-box-column content-box-column content-box-column-2 col-lg-12 col-md-12 col-sm-12 fusion-content-box-hover content-box-column-last-in-row\"><div class=\"col content-box-wrapper content-wrapper-background link-area-box link-type-text icon-hover-animation-fade fusion-animated\" data-link=\"https:\/\/portal.sma.gob.cl\/index.php\/portal-regulados\/instructivos-y-guias\/planes-de-prevencion-y-descontaminacion-ambiental\/\" data-link-target=\"_self\" data-animationType=\"fadeInUp\" data-animationDuration=\"0.3\" data-animationOffset=\"top-into-view\"><div class=\"heading heading-with-icon icon-left\"><a class=\"heading-link\" href=\"https:\/\/portal.sma.gob.cl\/index.php\/portal-regulados\/instructivos-y-guias\/planes-de-prevencion-y-descontaminacion-ambiental\/\" target=\"_self\"><div class=\"icon\"><i style=\"border-color:#333333;border-width:0px;background-color:#53a9ea;box-sizing:content-box;height:42px;width:42px;line-height:42px;border-radius:50%;font-size:21px;\" aria-hidden=\"true\" class=\"fontawesome-icon fa-file-alt fas circle-yes\"><\/i><\/div><h2 class=\"content-box-heading fusion-responsive-typography-calculated\" style=\"--h2_typography-font-size:18px;--fontSize:18;line-height:1.5;\">Taller asistencia al cumplimiento para titulares de fuentes estacionarias afectas a los PDA de la regi\u00f3n del Maule<\/h2><\/a><\/div><div class=\"fusion-clearfix\"><\/div><div class=\"content-container\">\n<p>Fecha: 25 de junio de 2025<\/p>\n<\/div><\/div><\/div><div style=\"--awb-backgroundcolor:#e6f0ff;border-color:rgba(255,255,255,0);\" class=\"fusion-column content-box-column content-box-column content-box-column-3 col-lg-12 col-md-12 col-sm-12 fusion-content-box-hover content-box-column-last-in-row\"><div class=\"col content-box-wrapper content-wrapper-background link-area-box link-type-text icon-hover-animation-fade fusion-animated\" data-link=\"https:\/\/portal.sma.gob.cl\/index.php\/portal-regulados\/instructivos-y-guias\/conexion-y-reporte-de-variables-operacionales-de-fuentes-estacionarias\/\" data-link-target=\"_self\" data-animationType=\"fadeInUp\" data-animationDuration=\"0.3\" data-animationOffset=\"top-into-view\"><div class=\"heading heading-with-icon icon-left\"><a class=\"heading-link\" href=\"https:\/\/portal.sma.gob.cl\/index.php\/portal-regulados\/instructivos-y-guias\/conexion-y-reporte-de-variables-operacionales-de-fuentes-estacionarias\/\" target=\"_self\"><div class=\"icon\"><i style=\"border-color:#333333;border-width:0px;background-color:#53a9ea;box-sizing:content-box;height:42px;width:42px;line-height:42px;border-radius:50%;font-size:21px;\" aria-hidden=\"true\" class=\"fontawesome-icon fa-file-alt fas circle-yes\"><\/i><\/div><h2 class=\"content-box-heading fusion-responsive-typography-calculated\" style=\"--h2_typography-font-size:18px;--fontSize:18;line-height:1.5;\">Instrucci\u00f3n 2547 SMA 2021: Instructivo sobre deberes de remisi\u00f3n de informaci\u00f3n en Sistema de Seguimiento Atmosf\u00e9rico (SISAT)<\/h2><\/a><\/div><div class=\"fusion-clearfix\"><\/div><div class=\"content-container\">\n<p>Fecha: 21 de diciembre de 2024<\/p>\n<\/div><\/div><\/div><div style=\"--awb-backgroundcolor:#e6f0ff;border-color:rgba(255,255,255,0);\" class=\"fusion-column content-box-column content-box-column content-box-column-4 col-lg-12 col-md-12 col-sm-12 fusion-content-box-hover content-box-column-last-in-row\"><div class=\"col content-box-wrapper content-wrapper-background link-area-box link-type-text icon-hover-animation-fade fusion-animated\" data-link=\"https:\/\/portal.sma.gob.cl\/index.php\/portal-regulados\/instructivos-y-guias\/planes-de-prevencion-y-descontaminacion-ambiental\/\" data-link-target=\"_self\" data-animationType=\"fadeInUp\" data-animationDuration=\"0.3\" data-animationOffset=\"top-into-view\"><div class=\"heading heading-with-icon icon-left\"><a class=\"heading-link\" href=\"https:\/\/portal.sma.gob.cl\/index.php\/portal-regulados\/instructivos-y-guias\/planes-de-prevencion-y-descontaminacion-ambiental\/\" target=\"_self\"><div class=\"icon\"><i style=\"border-color:#333333;border-width:0px;background-color:#53a9ea;box-sizing:content-box;height:42px;width:42px;line-height:42px;border-radius:50%;font-size:21px;\" aria-hidden=\"true\" class=\"fontawesome-icon fa-file-alt fas circle-yes\"><\/i><\/div><h2 class=\"content-box-heading fusion-responsive-typography-calculated\" style=\"--h2_typography-font-size:18px;--fontSize:18;line-height:1.5;\">Taller asistencia al cumplimiento para titulares de fuentes estacionarias afectas a los PPDA de la regi\u00f3n del Biob\u00edo<\/h2><\/a><\/div><div class=\"fusion-clearfix\"><\/div><div class=\"content-container\">\n<p>Fecha: 03 de julio de 2024<\/p>\n<\/div><\/div><\/div><div style=\"--awb-backgroundcolor:#e6f0ff;border-color:rgba(255,255,255,0);\" class=\"fusion-column content-box-column content-box-column content-box-column-5 col-lg-12 col-md-12 col-sm-12 fusion-content-box-hover content-box-column-last content-box-column-last-in-row\"><div class=\"col content-box-wrapper content-wrapper-background link-area-box link-type-text icon-hover-animation-fade fusion-animated\" data-link=\"https:\/\/portal.sma.gob.cl\/index.php\/portal-regulados\/instructivos-y-guias\/impuestos-verdes\/\" data-link-target=\"_self\" data-animationType=\"fadeInUp\" data-animationDuration=\"0.3\" data-animationOffset=\"top-into-view\"><div class=\"heading heading-with-icon icon-left\"><a class=\"heading-link\" href=\"https:\/\/portal.sma.gob.cl\/index.php\/portal-regulados\/instructivos-y-guias\/impuestos-verdes\/\" target=\"_self\"><div class=\"icon\"><i style=\"border-color:#333333;border-width:0px;background-color:#53a9ea;box-sizing:content-box;height:42px;width:42px;line-height:42px;border-radius:50%;font-size:21px;\" aria-hidden=\"true\" class=\"fontawesome-icon fa-file-alt fas circle-yes\"><\/i><\/div><h2 class=\"content-box-heading fusion-responsive-typography-calculated\" style=\"--h2_typography-font-size:18px;--fontSize:18;line-height:1.5;\">Monitoreo, Reporte y Verificaci\u00f3n Impuesto Verde<\/h2><\/a><\/div><div class=\"fusion-clearfix\"><\/div><div class=\"content-container\">\n<p>Fecha: 05 de junio de 2024<\/p>\n<\/div><\/div><\/div><div class=\"fusion-clearfix\"><\/div><\/div><\/div><\/div><\/div><\/div><\/p>\n","protected":false},"excerpt":{"rendered":"","protected":false},"author":3,"featured_media":0,"parent":35873,"menu_order":0,"comment_status":"closed","ping_status":"closed","template":"100-width.php","meta":{"footnotes":""},"class_list":["post-35983","page","type-page","status-publish","hentry"],"_links":{"self":[{"href":"https:\/\/portal.sma.gob.cl\/index.php\/wp-json\/wp\/v2\/pages\/35983","targetHints":{"allow":["GET"]}}],"collection":[{"href":"https:\/\/portal.sma.gob.cl\/index.php\/wp-json\/wp\/v2\/pages"}],"about":[{"href":"https:\/\/portal.sma.gob.cl\/index.php\/wp-json\/wp\/v2\/types\/page"}],"author":[{"embeddable":true,"href":"https:\/\/portal.sma.gob.cl\/index.php\/wp-json\/wp\/v2\/users\/3"}],"replies":[{"embeddable":true,"href":"https:\/\/portal.sma.gob.cl\/index.php\/wp-json\/wp\/v2\/comments?post=35983"}],"version-history":[{"count":43,"href":"https:\/\/portal.sma.gob.cl\/index.php\/wp-json\/wp\/v2\/pages\/35983\/revisions"}],"predecessor-version":[{"id":36530,"href":"https:\/\/portal.sma.gob.cl\/index.php\/wp-json\/wp\/v2\/pages\/35983\/revisions\/36530"}],"up":[{"embeddable":true,"href":"https:\/\/portal.sma.gob.cl\/index.php\/wp-json\/wp\/v2\/pages\/35873"}],"wp:attachment":[{"href":"https:\/\/portal.sma.gob.cl\/index.php\/wp-json\/wp\/v2\/media?parent=35983"}],"curies":[{"name":"wp","href":"https:\/\/api.w.org\/{rel}","templated":true}]}}