{"id":37552,"date":"2026-02-23T11:57:32","date_gmt":"2026-02-23T14:57:32","guid":{"rendered":"https:\/\/portal.sma.gob.cl\/?page_id=37552"},"modified":"2026-02-26T12:54:28","modified_gmt":"2026-02-26T15:54:28","slug":"quienes-somos","status":"publish","type":"page","link":"https:\/\/portal.sma.gob.cl\/index.php\/gestion-concon-quintero-y-puchuncavi\/quienes-somos\/","title":{"rendered":"Qui\u00e9nes somos"},"content":{"rendered":"<p><div class=\"fusion-bg-parallax\" data-bg-align=\"left top\" data-direction=\"down\" data-mute=\"false\" data-opacity=\"100\" data-velocity=\"-0.3\" data-mobile-enabled=\"false\" data-break_parents=\"0\" data-bg-image=\"https:\/\/portal.sma.gob.cl\/wp-content\/uploads\/2024\/08\/234.jpg\" data-bg-repeat=\"false\" data-bg-gradient-type=\"linear\" data-bg-gradient-angle=\"58\" data-bg-gradient-start-color=\"#163277\" data-bg-gradient-start-position=\"13\" data-bg-gradient-end-color=\"rgba(22,50,119,0)\" data-bg-gradient-end-position=\"57\" data-bg-radial-direction=\"center center\" ><\/div><div class=\"fusion-fullwidth fullwidth-box fusion-builder-row-1 fusion-flex-container has-pattern-background has-mask-background fusion-parallax-down nonhundred-percent-fullwidth non-hundred-percent-height-scrolling\" style=\"--awb-background-position:left top;--awb-border-radius-top-left:0px;--awb-border-radius-top-right:0px;--awb-border-radius-bottom-right:0px;--awb-border-radius-bottom-left:0px;--awb-padding-right-small:7vh;--awb-padding-left-small:7vh;--awb-background-image:linear-gradient(58deg, #163277 13%,rgba(22,50,119,0) 57%),url(https:\/\/portal.sma.gob.cl\/wp-content\/uploads\/2024\/08\/234.jpg);;--awb-background-size:cover;--awb-flex-wrap:wrap;\" ><div class=\"fusion-builder-row fusion-row fusion-flex-align-items-flex-start fusion-flex-content-wrap\" style=\"max-width:1144px;margin-left: calc(-4% \/ 2 );margin-right: calc(-4% \/ 2 );\"><div class=\"fusion-layout-column fusion_builder_column fusion-builder-column-0 fusion_builder_column_2_3 2_3 fusion-flex-column fusion-animated\" style=\"--awb-padding-top:7vh;--awb-padding-bottom:7vh;--awb-padding-top-medium:10vh;--awb-padding-bottom-medium:10vh;--awb-padding-top-small:8vh;--awb-padding-right-small:2vh;--awb-padding-bottom-small:0px;--awb-padding-left-small:2vh;--awb-bg-size:cover;--awb-width-large:66.666666666667%;--awb-margin-top-large:0px;--awb-spacing-right-large:2.88%;--awb-margin-bottom-large:0px;--awb-spacing-left-large:2.88%;--awb-width-medium:50%;--awb-order-medium:0;--awb-spacing-right-medium:3.84%;--awb-spacing-left-medium:3.84%;--awb-width-small:100%;--awb-order-small:0;--awb-spacing-right-small:1.92%;--awb-spacing-left-small:1.92%;\" data-animationType=\"fadeInLeft\" data-animationDuration=\"1.0\" data-animationOffset=\"top-into-view\" data-scroll-devices=\"small-visibility,medium-visibility,large-visibility\"><div class=\"fusion-column-wrapper fusion-column-has-shadow fusion-flex-justify-content-flex-start fusion-content-layout-row\"><\/div><\/div><\/div><\/div><div class=\"fusion-fullwidth fullwidth-box fusion-builder-row-2 has-pattern-background has-mask-background nonhundred-percent-fullwidth non-hundred-percent-height-scrolling\" style=\"--awb-border-radius-top-left:0px;--awb-border-radius-top-right:0px;--awb-border-radius-bottom-right:0px;--awb-border-radius-bottom-left:0px;--awb-padding-top:40px;--awb-padding-bottom:40px;--awb-margin-bottom:40px;--awb-flex-wrap:wrap;\" ><div class=\"fusion-builder-row fusion-row\"><div class=\"fusion-layout-column fusion_builder_column fusion-builder-column-1 fusion_builder_column_3_5 3_5 fusion-three-fifth fusion-column-first\" style=\"--awb-padding-top:40px;--awb-padding-bottom:40px;--awb-padding-top-medium:60px;--awb-padding-bottom-medium:60px;--awb-padding-top-small:20px;--awb-bg-size:cover;--awb-margin-bottom:0px;width:60%;width:calc(60% - ( ( 4% ) * 0.6 ) );margin-right: 4%;\" data-scroll-devices=\"small-visibility,medium-visibility,large-visibility\"><div class=\"fusion-column-wrapper fusion-column-has-shadow fusion-flex-column-wrapper-legacy\"><div class=\"fusion-title title fusion-title-1 fusion-sep-none fusion-title-text fusion-title-size-two\" style=\"--awb-text-color:#163277;--awb-margin-bottom:10px;--awb-margin-top-small:0px;--awb-margin-right-small:0px;--awb-margin-bottom-small:20px;--awb-margin-left-small:0px;--awb-font-size:38px;\"><h2 class=\"fusion-title-heading title-heading-left fusion-responsive-typography-calculated\" style=\"font-family:&quot;museo-sans&quot;;font-style:normal;font-weight:900;margin:0;font-size:1em;--fontSize:38;line-height:1.35;\">Qui\u00e9nes somos<\/h2><\/div><div class=\"fusion-sep-clear\"><\/div><div class=\"fusion-separator fusion-clearfix\" style=\"float:left;margin-bottom:30px;width:100%;max-width:40%;\"><div class=\"fusion-separator-border sep-single sep-solid\" style=\"--awb-height:20px;--awb-amount:20px;--awb-sep-color:#eddb5b;border-color:#eddb5b;border-top-width:3px;\"><\/div><\/div><div class=\"fusion-sep-clear\"><\/div><div class=\"fusion-text fusion-text-1\" style=\"--awb-font-size:17px;\"><p>La Superintendencia del Medio Ambiente (SMA) es un servicio p\u00fablico descentralizado, con personalidad jur\u00eddica y patrimonio propio, sometido a la supervigilancia del Presidente de la Rep\u00fablica a trav\u00e9s del Ministerio del Medio Ambiente.<\/p>\n<p>A la SMA le corresponde de forma exclusiva ejecutar, organizar y coordinar el seguimiento y fiscalizaci\u00f3n de las Resoluciones de Calificaci\u00f3n Ambiental, de las medidas de los Planes de Prevenci\u00f3n y\/o de Descontaminaci\u00f3n Ambiental, del contenido de las Normas de Calidad Ambiental y Normas de Emisi\u00f3n, y de los Planes de Manejo, cuando corresponda, y de todos aquellos otros instrumentos de car\u00e1cter ambiental que establezca la ley.<\/p>\n<p>Para llevar a cabo dichas funciones, la Superintendencia podr\u00e1 desarrollar esta labor mediante tres modalidades de fiscalizaci\u00f3n. En primer lugar, mediante una modalidad directa, a trav\u00e9s de sus propios funcionarios; en segundo lugar, a trav\u00e9s de los organismos sectoriales, pudiendo encomendarles determinadas labores de fiscalizaci\u00f3n sobre la base de los programas y subprogramas que se definir\u00e1n en conjunto para tal efecto; y, finalmente, mediante terceros debidamente acreditados y autorizados por la Superintendencia.<\/p>\n<p>En s\u00edntesis, la Superintendencia del Medio Ambiente cumple un rol fiscalizador, de incentivo al cumplimiento ambiental y de sanci\u00f3n sobre los instrumentos de gesti\u00f3n ambiental vigentes en el pa\u00eds (Ley 19.300): Resoluciones de Calificaci\u00f3n (RCA), Normas de Emisi\u00f3n, Normas de Calidad y Planes de Prevenci\u00f3n y\/o de Descontaminaci\u00f3n Ambiental, entre otros.<\/p>\n<\/div><div class=\"fusion-clearfix\"><\/div><\/div><\/div><div class=\"fusion-layout-column fusion_builder_column fusion-builder-column-2 fusion_builder_column_2_5 2_5 fusion-two-fifth fusion-column-last\" style=\"--awb-padding-top:40px;--awb-padding-bottom:40px;--awb-padding-top-medium:60px;--awb-padding-bottom-medium:60px;--awb-padding-top-small:20px;--awb-bg-size:cover;--awb-margin-bottom:0px;width:40%;width:calc(40% - ( ( 4% ) * 0.4 ) );\" data-scroll-devices=\"small-visibility,medium-visibility,large-visibility\"><div class=\"fusion-column-wrapper fusion-column-has-shadow fusion-flex-column-wrapper-legacy\"><div class=\"fusion-image-carousel fusion-image-carousel-auto fusion-image-carousel-1\" style=\"margin-top:20px;\"><div data-slide-effect=\"fade\" class=\"awb-carousel awb-swiper awb-swiper-carousel awb-carousel--slider awb-swiper-dots-position-bottom\" data-layout=\"slider\" data-autoplay=\"yes\" data-autoplayspeed=\"2500\" data-autoplaypause=\"no\" data-loop=\"yes\" data-columns=\"1.0\" data-columnsmedium=\"1\" data-columnssmall=\"1\" data-itemmargin=\"13\" data-itemwidth=\"180\" data-touchscroll=\"no\" data-freemode=\"no\" data-imagesize=\"auto\" data-scrollitems=\"3\" data-centeredslides=\"no\" data-rotationangle=\"50\" data-depth=\"100\" data-speed=\"500\" data-shadow=\"no\" data-pagination=\"bullets\" style=\"--awb-columns:1.0;--awb-border-radius-top-left:10px;--awb-border-radius-top-right:10px;--awb-border-radius-bottom-right:10px;--awb-border-radius-bottom-left:10px;--awb-dots-align:center;\"><div class=\"swiper-wrapper awb-image-carousel-wrapper fusion-flex-align-items-center\"><div class=\"swiper-slide\"><div class=\"fusion-carousel-item-wrapper\"><div class=\"fusion-image-wrapper hover-type-none\"><img decoding=\"async\" width=\"762\" height=\"600\" src=\"https:\/\/portal.sma.gob.cl\/wp-content\/uploads\/2026\/02\/cqp1.jpeg\" class=\"attachment-full size-full\" alt=\"\" srcset=\"https:\/\/portal.sma.gob.cl\/wp-content\/uploads\/2026\/02\/cqp1-200x157.jpeg 200w, https:\/\/portal.sma.gob.cl\/wp-content\/uploads\/2026\/02\/cqp1-300x236.jpeg 300w, https:\/\/portal.sma.gob.cl\/wp-content\/uploads\/2026\/02\/cqp1-400x315.jpeg 400w, https:\/\/portal.sma.gob.cl\/wp-content\/uploads\/2026\/02\/cqp1-600x472.jpeg 600w, https:\/\/portal.sma.gob.cl\/wp-content\/uploads\/2026\/02\/cqp1.jpeg 762w\" sizes=\"(max-width: 762px) 100vw, 762px\" \/><\/div><\/div><\/div><div class=\"swiper-slide\"><div class=\"fusion-carousel-item-wrapper\"><div class=\"fusion-image-wrapper hover-type-none\"><img decoding=\"async\" width=\"762\" height=\"600\" src=\"https:\/\/portal.sma.gob.cl\/wp-content\/uploads\/2026\/02\/cqp2-1.jpg\" class=\"attachment-full size-full\" alt=\"\" srcset=\"https:\/\/portal.sma.gob.cl\/wp-content\/uploads\/2026\/02\/cqp2-1-200x157.jpg 200w, https:\/\/portal.sma.gob.cl\/wp-content\/uploads\/2026\/02\/cqp2-1-300x236.jpg 300w, https:\/\/portal.sma.gob.cl\/wp-content\/uploads\/2026\/02\/cqp2-1-400x315.jpg 400w, https:\/\/portal.sma.gob.cl\/wp-content\/uploads\/2026\/02\/cqp2-1-600x472.jpg 600w, https:\/\/portal.sma.gob.cl\/wp-content\/uploads\/2026\/02\/cqp2-1.jpg 762w\" sizes=\"(max-width: 762px) 100vw, 762px\" \/><\/div><\/div><\/div><\/div><div class=\"awb-swiper-button awb-swiper-button-prev\"><i class=\"awb-icon-angle-left\" aria-hidden=\"true\"><\/i><\/div><div class=\"awb-swiper-button awb-swiper-button-next\"><i class=\"awb-icon-angle-right\" aria-hidden=\"true\"><\/i><\/div><\/div><\/div><div class=\"fusion-image-element fusion-image-align-center in-legacy-container\" style=\"text-align:center;--awb-max-width:200px;--awb-caption-title-font-family:var(--h2_typography-font-family);--awb-caption-title-font-weight:var(--h2_typography-font-weight);--awb-caption-title-font-style:var(--h2_typography-font-style);--awb-caption-title-size:var(--h2_typography-font-size);--awb-caption-title-transform:var(--h2_typography-text-transform);--awb-caption-title-line-height:var(--h2_typography-line-height);--awb-caption-title-letter-spacing:var(--h2_typography-letter-spacing);\"><div class=\"imageframe-align-center\"><span class=\" fusion-imageframe imageframe-none imageframe-1 hover-type-none\"><img decoding=\"async\" width=\"437\" height=\"666\" title=\"hoja\" src=\"https:\/\/portal.sma.gob.cl\/wp-content\/uploads\/2026\/02\/hoja.png\" alt class=\"img-responsive wp-image-37707\" srcset=\"https:\/\/portal.sma.gob.cl\/wp-content\/uploads\/2026\/02\/hoja-200x305.png 200w, https:\/\/portal.sma.gob.cl\/wp-content\/uploads\/2026\/02\/hoja-400x610.png 400w, https:\/\/portal.sma.gob.cl\/wp-content\/uploads\/2026\/02\/hoja.png 437w\" sizes=\"(max-width: 800px) 100vw, 437px\" \/><\/span><\/div><\/div><div class=\"fusion-clearfix\"><\/div><\/div><\/div><\/div><\/div><\/p>\n","protected":false},"excerpt":{"rendered":"","protected":false},"author":3,"featured_media":0,"parent":32337,"menu_order":0,"comment_status":"closed","ping_status":"closed","template":"100-width.php","meta":{"footnotes":""},"class_list":["post-37552","page","type-page","status-publish","hentry"],"_links":{"self":[{"href":"https:\/\/portal.sma.gob.cl\/index.php\/wp-json\/wp\/v2\/pages\/37552","targetHints":{"allow":["GET"]}}],"collection":[{"href":"https:\/\/portal.sma.gob.cl\/index.php\/wp-json\/wp\/v2\/pages"}],"about":[{"href":"https:\/\/portal.sma.gob.cl\/index.php\/wp-json\/wp\/v2\/types\/page"}],"author":[{"embeddable":true,"href":"https:\/\/portal.sma.gob.cl\/index.php\/wp-json\/wp\/v2\/users\/3"}],"replies":[{"embeddable":true,"href":"https:\/\/portal.sma.gob.cl\/index.php\/wp-json\/wp\/v2\/comments?post=37552"}],"version-history":[{"count":19,"href":"https:\/\/portal.sma.gob.cl\/index.php\/wp-json\/wp\/v2\/pages\/37552\/revisions"}],"predecessor-version":[{"id":37817,"href":"https:\/\/portal.sma.gob.cl\/index.php\/wp-json\/wp\/v2\/pages\/37552\/revisions\/37817"}],"up":[{"embeddable":true,"href":"https:\/\/portal.sma.gob.cl\/index.php\/wp-json\/wp\/v2\/pages\/32337"}],"wp:attachment":[{"href":"https:\/\/portal.sma.gob.cl\/index.php\/wp-json\/wp\/v2\/media?parent=37552"}],"curies":[{"name":"wp","href":"https:\/\/api.w.org\/{rel}","templated":true}]}}